{"id":2614,"date":"2021-07-19T11:32:03","date_gmt":"2021-07-19T09:32:03","guid":{"rendered":"https:\/\/www.axiomeconcept.com\/?page_id=2614"},"modified":"2021-08-25T16:40:10","modified_gmt":"2021-08-25T14:40:10","slug":"centro-de-control","status":"publish","type":"page","link":"https:\/\/www.axiomeconcept.com\/es\/centro-de-control\/","title":{"rendered":"Centro de Control"},"content":{"rendered":"<p>[et_pb_section fb_built=&#8221;1&#8243; _builder_version=&#8221;4.9.4&#8243; _module_preset=&#8221;default&#8221; background_color=&#8221;#aac485&#8243; transform_scale_tablet=&#8221;&#8221; transform_scale_phone=&#8221;&#8221; transform_scale_last_edited=&#8221;on|desktop&#8221; transform_translate_tablet=&#8221;0px|-13px&#8221; transform_translate_phone=&#8221;0px|-30px&#8221; transform_translate_last_edited=&#8221;on|phone&#8221; transform_translate_linked_tablet=&#8221;off&#8221; transform_rotate_tablet=&#8221;&#8221; transform_rotate_phone=&#8221;&#8221; transform_rotate_last_edited=&#8221;on|desktop&#8221; transform_skew_tablet=&#8221;&#8221; transform_skew_phone=&#8221;&#8221; transform_skew_last_edited=&#8221;on|desktop&#8221; transform_origin_tablet=&#8221;&#8221; transform_origin_phone=&#8221;&#8221; transform_origin_last_edited=&#8221;on|desktop&#8221; transform_styles_last_edited=&#8221;on|phone&#8221; width=&#8221;100%&#8221; height=&#8221;140px&#8221; max_height=&#8221;140px&#8221; transform_styles_tablet=&#8221;&#8221; transform_styles_phone=&#8221;&#8221; global_colors_info=&#8221;{}&#8221;][et_pb_row _builder_version=&#8221;4.8.1&#8243; _module_preset=&#8221;default&#8221; transform_translate=&#8221;0px|-50px&#8221; transform_translate_linked=&#8221;off&#8221; width_tablet=&#8221;&#8221; width_phone=&#8221;92%&#8221; width_last_edited=&#8221;on|phone&#8221; max_width_tablet=&#8221;&#8221; max_width_phone=&#8221;&#8221; max_width_last_edited=&#8221;on|phone&#8221; global_colors_info=&#8221;{}&#8221;][et_pb_column type=&#8221;4_4&#8243; module_class=&#8221;breadcrumb&#8221; _builder_version=&#8221;4.8.1&#8243; _module_preset=&#8221;default&#8221; global_colors_info=&#8221;{}&#8221;][divienhancer_breadcrumb delimiter=&#8221;%%20%%&#8221; module_class=&#8221;Breadcrumb&#8221; _builder_version=&#8221;4.8.1&#8243; _module_preset=&#8221;default&#8221; global_colors_info=&#8221;{}&#8221;][\/divienhancer_breadcrumb][et_pb_text _builder_version=&#8221;4.9.4&#8243; _module_preset=&#8221;default&#8221; text_font=&#8221;Nanum Gothic|100|||||||&#8221; text_text_color=&#8221;#FFFFFF&#8221; header_text_color=&#8221;#FFFFFF&#8221; header_2_text_color=&#8221;#FFFFFF&#8221; transform_scale_tablet=&#8221;&#8221; transform_scale_phone=&#8221;&#8221; transform_scale_last_edited=&#8221;on|desktop&#8221; transform_translate_tablet=&#8221;&#8221; transform_translate_phone=&#8221;0px|-16px&#8221; transform_translate_last_edited=&#8221;on|desktop&#8221; transform_translate_linked_phone=&#8221;off&#8221; transform_rotate_tablet=&#8221;&#8221; transform_rotate_phone=&#8221;&#8221; transform_rotate_last_edited=&#8221;on|desktop&#8221; transform_skew_tablet=&#8221;&#8221; transform_skew_phone=&#8221;&#8221; transform_skew_last_edited=&#8221;on|desktop&#8221; transform_origin_tablet=&#8221;&#8221; transform_origin_phone=&#8221;&#8221; transform_origin_last_edited=&#8221;on|phone&#8221; transform_styles_last_edited=&#8221;on|phone&#8221; transform_styles_tablet=&#8221;&#8221; transform_styles_phone=&#8221;&#8221; global_colors_info=&#8221;{}&#8221;]<\/p>\n<h1>CENTRO DE CONTROL<\/h1>\n<p>[\/et_pb_text][\/et_pb_column][\/et_pb_row][\/et_pb_section][et_pb_section fb_built=&#8221;1&#8243; _builder_version=&#8221;4.8.1&#8243; custom_padding=&#8221;10px||||false|false&#8221; global_colors_info=&#8221;{}&#8221;][et_pb_row column_structure=&#8221;1_2,1_2&#8243; _builder_version=&#8221;4.8.1&#8243; _module_preset=&#8221;default&#8221; width=&#8221;83%&#8221; max_width=&#8221;1153px&#8221; custom_margin=&#8221;-22px||-30px||false|false&#8221; custom_padding=&#8221;3px||0px||false|false&#8221; global_colors_info=&#8221;{}&#8221;][et_pb_column type=&#8221;1_2&#8243; _builder_version=&#8221;4.8.1&#8243; _module_preset=&#8221;default&#8221; global_colors_info=&#8221;{}&#8221;][et_pb_text _builder_version=&#8221;4.9.11&#8243; _module_preset=&#8221;default&#8221; min_height=&#8221;126.6px&#8221; custom_margin=&#8221;||40px|||&#8221; custom_padding=&#8221;6px||0px||false|false&#8221; global_colors_info=&#8221;{}&#8221;]<\/p>\n<p style=\"text-align: justify;\"><span style=\"color: #aac485;\"><strong>Axiome Connect<\/strong><\/span>\u00a0propone a sus clientes una extensi\u00f3n de su acci\u00f3n t\u00e9cnica a trav\u00e9s de la prestaci\u00f3n de servicios.<br \/>Nuestro objetivo es acompa\u00f1ar a nuestros clientes en la gesti\u00f3n diaria de sus emplazamientos, ya sea a trav\u00e9s de servicios adjuntos a nuestros productos o mediante la b\u00fasqueda de soluciones.<\/p>\n<p style=\"text-align: justify;\"><span style=\"color: #aac485;\"><strong>Axiome Connect<\/strong><\/span> gestiona para ustedes las llamadas y las alarmas de un emplazamiento con el fin de optimizar los recursos y mejorar la productividad.<\/p>\n<p style=\"color: #aac485; text-align: justify;\"><strong>Back-up<br \/><\/strong><span style=\"color: #000000;\">El backup consiste en hacer una copia de seguridad, as\u00ed como archivar y proteger todos los datos del sistema operativo. Esto le permite aplicar soluciones de manera m\u00e1s eficiente y garantizar el servicio en caso de incidente grave en su emplazamiento.<\/span><\/p>\n<p style=\"color: #aac485; text-align: justify;\"><strong><\/strong><\/p>\n<p style=\"color: #aac485; text-align: justify;\"><strong>Soporte T\u00e9cnico<br \/><\/strong><span style=\"color: #000000;\">Ponemos a su disposici\u00f3n una infraestructura t\u00e9cnica y personal cualificado para dar asistencia a la utilizaci\u00f3n y mejora del sistema.<\/span><\/p>\n<p style=\"color: #aac485; text-align: justify;\"><strong><\/strong><\/p>\n<p style=\"color: #aac485; text-align: justify;\"><strong>Centro de control<br \/><\/strong><span style=\"color: #000000;\">Nuestro centro pone a su disposici\u00f3n un equipo de profesionales especializados en la telegesti\u00f3n y la relaci\u00f3n con el cliente, siguiendo procedimientos predefinidos y adaptados a sus necesidades. \u00a0<\/span><\/p>\n<p>[\/et_pb_text][\/et_pb_column][et_pb_column type=&#8221;1_2&#8243; _builder_version=&#8221;4.8.1&#8243; _module_preset=&#8221;default&#8221; global_colors_info=&#8221;{}&#8221;][et_pb_image src=&#8221;https:\/\/www.axiomeconcept.com\/wp-content\/uploads\/2021\/06\/axiomeconnect_groupe-scaled.jpg&#8221; title_text=&#8221;axiomeconnect_groupe&#8221; _builder_version=&#8221;4.9.4&#8243; _module_preset=&#8221;default&#8221; custom_margin=&#8221;-10px|||||&#8221; custom_padding=&#8221;77px|||||&#8221; global_colors_info=&#8221;{}&#8221;][\/et_pb_image][\/et_pb_column][\/et_pb_row][et_pb_row _builder_version=&#8221;4.8.1&#8243; _module_preset=&#8221;default&#8221; width=&#8221;83%&#8221; max_width=&#8221;1153px&#8221; custom_margin=&#8221;-22px||-30px||false|false&#8221; custom_padding=&#8221;3px||0px||false|false&#8221; global_colors_info=&#8221;{}&#8221;][et_pb_column type=&#8221;4_4&#8243; _builder_version=&#8221;4.8.1&#8243; _module_preset=&#8221;default&#8221; global_colors_info=&#8221;{}&#8221;][et_pb_text _builder_version=&#8221;4.9.11&#8243; _module_preset=&#8221;default&#8221; min_height=&#8221;489.6px&#8221; custom_padding=&#8221;50px||38px||false|false&#8221; global_colors_info=&#8221;{}&#8221;]<\/p>\n<h2 style=\"text-align: center;\"><span style=\"color: #aac485;\"><strong>Estudio, asesoramiento y apoyo<\/strong><\/span><\/h2>\n<p>&nbsp;<\/p>\n<p style=\"text-align: justify;\"><span style=\"color: #aac485;\"><strong>Axiome Connect<\/strong><\/span> le aconseja y le acompa\u00f1a en la elaboraci\u00f3n de su proyecto de supervisi\u00f3n t\u00e9cnica. Con nuestra experiencia en el \u00e1mbito de la gesti\u00f3n t\u00e9cnica centralizada, ponemos a su disposici\u00f3n todos nuestros conocimientos y recursos para encontrar la mejor soluci\u00f3n de gesti\u00f3n para su emplazamiento.<\/p>\n<ul>\n<li>Estudio de mejora y organizaci\u00f3n de su emplazamiento<\/li>\n<li>Mejora de los m\u00e9todos de explotaci\u00f3n<\/li>\n<li>Acompa\u00f1amiento en la puesta en marcha y aplicaci\u00f3n de los procedimientos<\/li>\n<li>Formaci\u00f3n del personal<\/li>\n<\/ul>\n<p style=\"text-align: justify;\"><span style=\"color: #aac485;\"><strong>Continuidad del servicio\u00a0<br \/><\/strong><\/span>En caso de imprevistos o situaciones de emergencia en su emplazamiento (ausencias, vacaciones, formaci\u00f3n, etc\u2026) les proponemos coger el relevo y asegurarles la continuidad del servicio. <\/p>\n<p>[\/et_pb_text][\/et_pb_column][\/et_pb_row][et_pb_row _builder_version=&#8221;4.9.4&#8243; _module_preset=&#8221;default&#8221; global_colors_info=&#8221;{}&#8221;][et_pb_column type=&#8221;4_4&#8243; _builder_version=&#8221;4.9.4&#8243; _module_preset=&#8221;default&#8221; global_colors_info=&#8221;{}&#8221;][et_pb_text _builder_version=&#8221;4.9.11&#8243; _module_preset=&#8221;default&#8221; global_colors_info=&#8221;{}&#8221;]<\/p>\n<h2 style=\"text-align: center;\"><span style=\"color: #aac485;\"><strong>Funcionalidades<\/strong><\/span><\/h2>\n<p>[\/et_pb_text][\/et_pb_column][\/et_pb_row][et_pb_row column_structure=&#8221;3_4,1_4&#8243; _builder_version=&#8221;4.8.1&#8243; _module_preset=&#8221;default&#8221; min_height=&#8221;687.3px&#8221; custom_margin=&#8221;-45px|auto||auto||&#8221; global_colors_info=&#8221;{}&#8221;][et_pb_column type=&#8221;3_4&#8243; _builder_version=&#8221;4.8.1&#8243; _module_preset=&#8221;default&#8221; global_colors_info=&#8221;{}&#8221;][et_pb_text _builder_version=&#8221;4.9.11&#8243; _module_preset=&#8221;default&#8221; global_colors_info=&#8221;{}&#8221;]<\/p>\n<p style=\"text-align: justify;\"><span style=\"color: #aac485;\"><strong>Servicio a la carta<\/strong><\/span><br \/>Proporcionamos un servicio adaptado a sus necesidades, sus equipos y las especificaciones de su emplazamiento. Se establecen procedimientos e instrucciones de intervenci\u00f3n para una gesti\u00f3n personalizada.<\/p>\n<p>[\/et_pb_text][et_pb_text _builder_version=&#8221;4.9.11&#8243; _module_preset=&#8221;default&#8221; global_colors_info=&#8221;{}&#8221;]<\/p>\n<p style=\"text-align: justify;\"><span style=\"color: #aac485;\"><strong>Gesti\u00f3n de interfon\u00eda<\/strong><\/span><br \/>Nuestro equipo responde a las llamadas, atiende a sus usuarios y resuelve los problemas de sus clientes, mientras que se establece un informe de intervenci\u00f3n..<\/p>\n<p>[\/et_pb_text][et_pb_text _builder_version=&#8221;4.9.11&#8243; _module_preset=&#8221;default&#8221; global_colors_info=&#8221;{}&#8221;]<\/p>\n<p><span style=\"color: #aac485;\"><strong>Control remoto de accesos<\/strong><\/span><br \/>Nuestros operadores pueden controlar de forma remota todos los accesos del emplazamiento, como barreras, puertas y accesos peatonales.<\/p>\n<p>[\/et_pb_text][et_pb_text _builder_version=&#8221;4.9.11&#8243; _module_preset=&#8221;default&#8221; global_colors_info=&#8221;{}&#8221;]<\/p>\n<p style=\"text-align: justify;\"><span style=\"color: #aac485;\"><strong>Servicio a los abonados<\/strong><\/span><br \/>Esta clientela espec\u00edfica requiere una atenci\u00f3n muy especial y nuestros teleoperadores est\u00e1n formados para dar una respuesta adaptada a todas las situaciones.<\/p>\n<p>[\/et_pb_text][et_pb_text _builder_version=&#8221;4.9.11&#8243; _module_preset=&#8221;default&#8221; global_colors_info=&#8221;{}&#8221;]<\/p>\n<p style=\"text-align: justify;\"><span style=\"color: #aac485;\"><strong>Elaboraci\u00f3n de informes y gesti\u00f3n anal\u00edtica<\/strong><\/span><br \/>Las acciones e intervenciones realizadas por nuestro equipo son fechadas y archivadas para futuras consultas. Le presentamos informes peri\u00f3dicos y an\u00e1lisis detallados para optimizar su explotaci\u00f3n. Se pueden elaborar informes de control espec\u00edficos en funci\u00f3n de sus necesidades.<\/p>\n<p>[\/et_pb_text][et_pb_text _builder_version=&#8221;4.9.11&#8243; _module_preset=&#8221;default&#8221; global_colors_info=&#8221;{}&#8221;]<span style=\"color: #aac485;\"><strong>Instalaci\u00f3n, puesta en servicio y mantenimiento del sistema de supervisi\u00f3n<\/strong><\/span><br \/>\nNuestra oferta incluye la instalaci\u00f3n y puesta en marcha por nuestro equipo de todos los elementos necesarios para la telegesti\u00f3n de su emplazamiento.[\/et_pb_text][\/et_pb_column][et_pb_column type=&#8221;1_4&#8243; _builder_version=&#8221;4.8.1&#8243; _module_preset=&#8221;default&#8221; global_colors_info=&#8221;{}&#8221;][et_pb_image src=&#8221;https:\/\/www.axiomeconcept.com\/wp-content\/uploads\/2021\/05\/thumb-finger-up-connect.png&#8221; title_text=&#8221;thumb-finger-up connect&#8221; align=&#8221;center&#8221; _builder_version=&#8221;4.9.4&#8243; _module_preset=&#8221;default&#8221; width=&#8221;30%&#8221; global_colors_info=&#8221;{}&#8221;][\/et_pb_image][et_pb_image src=&#8221;https:\/\/www.axiomeconcept.com\/wp-content\/uploads\/2021\/05\/speaker-connect.png&#8221; title_text=&#8221;speaker &#8211; connect&#8221; align=&#8221;center&#8221; _builder_version=&#8221;4.9.4&#8243; _module_preset=&#8221;default&#8221; width=&#8221;38%&#8221; global_colors_info=&#8221;{}&#8221;][\/et_pb_image][et_pb_image src=&#8221;https:\/\/www.axiomeconcept.com\/wp-content\/uploads\/2021\/05\/barrier-and-car-Connect.png&#8221; title_text=&#8221;barrier-and-car &#8211; Connect&#8221; _builder_version=&#8221;4.9.4&#8243; _module_preset=&#8221;default&#8221; width=&#8221;30%&#8221; module_alignment=&#8221;center&#8221; global_colors_info=&#8221;{}&#8221;][\/et_pb_image][et_pb_image src=&#8221;https:\/\/www.axiomeconcept.com\/wp-content\/uploads\/2021\/05\/Access-Control-connect.png&#8221; title_text=&#8221;Access Control &#8211; connect&#8221; _builder_version=&#8221;4.9.4&#8243; _module_preset=&#8221;default&#8221; width=&#8221;40%&#8221; module_alignment=&#8221;center&#8221; global_colors_info=&#8221;{}&#8221;][\/et_pb_image][et_pb_image src=&#8221;https:\/\/www.axiomeconcept.com\/wp-content\/uploads\/2021\/05\/analytics-Connect.png&#8221; title_text=&#8221;analytics &#8211; Connect&#8221; _builder_version=&#8221;4.9.4&#8243; _module_preset=&#8221;default&#8221; width=&#8221;37%&#8221; max_width=&#8221;100%&#8221; module_alignment=&#8221;center&#8221; global_colors_info=&#8221;{}&#8221;][\/et_pb_image][et_pb_image src=&#8221;https:\/\/www.axiomeconcept.com\/wp-content\/uploads\/2021\/05\/worker-with-wrench-Connect.png&#8221; title_text=&#8221;worker-with-wrench &#8211; Connect&#8221; _builder_version=&#8221;4.9.4&#8243; _module_preset=&#8221;default&#8221; width=&#8221;31%&#8221; module_alignment=&#8221;center&#8221; custom_margin=&#8221;||29px||false|false&#8221; global_colors_info=&#8221;{}&#8221;][\/et_pb_image][\/et_pb_column][\/et_pb_row][et_pb_row _builder_version=&#8221;4.9.4&#8243; _module_preset=&#8221;default&#8221; global_colors_info=&#8221;{}&#8221;][et_pb_column type=&#8221;4_4&#8243; _builder_version=&#8221;4.9.4&#8243; _module_preset=&#8221;default&#8221; global_colors_info=&#8221;{}&#8221;][et_pb_text _builder_version=&#8221;4.9.11&#8243; _module_preset=&#8221;default&#8221; global_colors_info=&#8221;{}&#8221;]<\/p>\n<h2 style=\"text-align: center;\"><span style=\"color: #aac485;\"><strong>Las ventajas de Axiome Connect<\/strong><\/span><\/h2>\n<p>[\/et_pb_text][\/et_pb_column][\/et_pb_row][et_pb_row column_structure=&#8221;1_2,1_2&#8243; _builder_version=&#8221;4.9.4&#8243; _module_preset=&#8221;default&#8221; global_colors_info=&#8221;{}&#8221;][et_pb_column type=&#8221;1_2&#8243; _builder_version=&#8221;4.9.4&#8243; _module_preset=&#8221;default&#8221; global_colors_info=&#8221;{}&#8221;][et_pb_text _builder_version=&#8221;4.9.11&#8243; _module_preset=&#8221;default&#8221; global_colors_info=&#8221;{}&#8221;]<\/p>\n<p style=\"text-align: center; color: #aac485;\">Servicio a la carta<\/p>\n<p style=\"text-align: center;\">Un equipo de profesionales con sede en Francia<\/p>\n<p style=\"text-align: center; color: #aac485;\">Asistencia y disponibilidad 24\/7.<\/p>\n<p style=\"text-align: center;\">Estudio y acompa\u00f1amiento en el anteproyecto<\/p>\n<p style=\"text-align: center; color: #aac485;\">Procedimientos de intervenci\u00f3n definidos seg\u00fan la explotaci\u00f3n actual<\/p>\n<p style=\"text-align: center;\">Permite la continuidad de la explotaci\u00f3n<\/p>\n<p style=\"text-align: center; color: #aac485;\">Fechado y archivo de datos de las intervenciones<\/p>\n<p style=\"text-align: center;\">Informes y estad\u00edsticas detalladas<\/p>\n<p style=\"text-align: center; color: #aac485;\">Optimizaci\u00f3n de los recursos y mejora de la productividad<\/p>\n<p style=\"text-align: center;\">Optimizaci\u00f3n de los recursos y mejora de la productividad<\/p>\n<p>[\/et_pb_text][\/et_pb_column][et_pb_column type=&#8221;1_2&#8243; _builder_version=&#8221;4.9.4&#8243; _module_preset=&#8221;default&#8221; global_colors_info=&#8221;{}&#8221;][et_pb_image src=&#8221;https:\/\/www.axiomeconcept.com\/wp-content\/uploads\/2021\/04\/IMG_20210405_150234.jpg&#8221; title_text=&#8221;IMG_20210405_150234&#8243; _builder_version=&#8221;4.9.4&#8243; _module_preset=&#8221;default&#8221; global_colors_info=&#8221;{}&#8221;][\/et_pb_image][\/et_pb_column][\/et_pb_row][\/et_pb_section]<\/p>\n","protected":false},"excerpt":{"rendered":"<p><div class=\"et_pb_module  divienhancer_breadcrumb divienhancer_breadcrumb_0 Breadcrumb\">\n\t\t\t\t\n\t\t\t\t\n\t\t\t\t\n\t\t\t\t\n\t\t\t\t\n\t\t\t\t\n\t\t\t\t<div class=\"et_pb_module_inner\">\n\t\t\t\t\t<div class=\"de-breadcrumb de-crumb-basic\" data-order=\"divienhancer_breadcrumb_0\" data-background=\"#efefef\" data-backgroundhover=\"#00ff9d\"><a class=\"de-crumb-item\" href=\"https:\/\/www.axiomeconcept.com\/es\/\">Home<\/a> <span class=\"divienhancer-crumb-delimiter et-pb-icon\">&#x35;<\/span> <\/div>\n\t\t\t\t<\/div>\n\t\t\t<\/div>CENTRO DE CONTROLAxiome Connect\u00a0propone a sus clientes una extensi\u00f3n de su acci\u00f3n t\u00e9cnica a trav\u00e9s de la prestaci\u00f3n de servicios.Nuestro objetivo es acompa\u00f1ar a nuestros clientes en la gesti\u00f3n diaria de sus emplazamientos, ya sea a trav\u00e9s de servicios adjuntos a nuestros productos o mediante la b\u00fasqueda de soluciones. Axiome [&hellip;]<\/p>\n","protected":false},"author":1,"featured_media":0,"parent":0,"menu_order":0,"comment_status":"closed","ping_status":"closed","template":"","meta":{"_et_pb_use_builder":"on","_et_pb_old_content":"","_et_gb_content_width":"","footnotes":""},"class_list":["post-2614","page","type-page","status-publish","hentry"],"yoast_head":"<!-- This site is optimized with the Yoast SEO plugin v27.2 - https:\/\/yoast.com\/product\/yoast-seo-wordpress\/ -->\n<title>Centro de Control &#8211; axiomeconcept<\/title>\n<meta name=\"robots\" content=\"index, follow, max-snippet:-1, max-image-preview:large, max-video-preview:-1\" \/>\n<link rel=\"canonical\" href=\"https:\/\/www.axiomeconcept.com\/es\/centro-de-control\/\" \/>\n<meta property=\"og:locale\" content=\"es_ES\" \/>\n<meta property=\"og:type\" content=\"article\" \/>\n<meta property=\"og:title\" content=\"Centro de Control &#8211; axiomeconcept\" \/>\n<meta property=\"og:description\" content=\"CENTRO DE CONTROLAxiome Connect\u00a0propone a sus clientes una extensi\u00f3n de su acci\u00f3n t\u00e9cnica a trav\u00e9s de la prestaci\u00f3n de servicios.Nuestro objetivo es acompa\u00f1ar a nuestros clientes en la gesti\u00f3n diaria de sus emplazamientos, ya sea a trav\u00e9s de servicios adjuntos a nuestros productos o mediante la b\u00fasqueda de soluciones. Axiome [&hellip;]\" \/>\n<meta property=\"og:url\" content=\"https:\/\/www.axiomeconcept.com\/es\/centro-de-control\/\" \/>\n<meta property=\"og:site_name\" content=\"axiomeconcept\" \/>\n<meta property=\"article:modified_time\" content=\"2021-08-25T14:40:10+00:00\" \/>\n<meta property=\"og:image\" content=\"https:\/\/www.axiomeconcept.com\/wp-content\/uploads\/2021\/10\/Axiome-Concept-C-noir-resize.png\" \/>\n\t<meta property=\"og:image:width\" content=\"200\" \/>\n\t<meta property=\"og:image:height\" content=\"195\" \/>\n\t<meta property=\"og:image:type\" content=\"image\/png\" \/>\n<meta name=\"twitter:card\" content=\"summary_large_image\" \/>\n<meta name=\"twitter:label1\" content=\"Tiempo de lectura\" \/>\n\t<meta name=\"twitter:data1\" content=\"8 minutes\" \/>\n<script type=\"application\/ld+json\" class=\"yoast-schema-graph\">{\"@context\":\"https:\/\/schema.org\",\"@graph\":[{\"@type\":\"WebPage\",\"@id\":\"https:\/\/www.axiomeconcept.com\/es\/centro-de-control\/\",\"url\":\"https:\/\/www.axiomeconcept.com\/es\/centro-de-control\/\",\"name\":\"Centro de Control &#8211; axiomeconcept\",\"isPartOf\":{\"@id\":\"https:\/\/www.axiomeconcept.com\/#website\"},\"datePublished\":\"2021-07-19T09:32:03+00:00\",\"dateModified\":\"2021-08-25T14:40:10+00:00\",\"breadcrumb\":{\"@id\":\"https:\/\/www.axiomeconcept.com\/es\/centro-de-control\/#breadcrumb\"},\"inLanguage\":\"es-ES\",\"potentialAction\":[{\"@type\":\"ReadAction\",\"target\":[\"https:\/\/www.axiomeconcept.com\/es\/centro-de-control\/\"]}]},{\"@type\":\"BreadcrumbList\",\"@id\":\"https:\/\/www.axiomeconcept.com\/es\/centro-de-control\/#breadcrumb\",\"itemListElement\":[{\"@type\":\"ListItem\",\"position\":1,\"name\":\"Home\",\"item\":\"https:\/\/www.axiomeconcept.com\/\"},{\"@type\":\"ListItem\",\"position\":2,\"name\":\"Centro de Control\"}]},{\"@type\":\"WebSite\",\"@id\":\"https:\/\/www.axiomeconcept.com\/#website\",\"url\":\"https:\/\/www.axiomeconcept.com\/\",\"name\":\"Axiome Concept\",\"description\":\"Superviser les \u00e9quipements techniques de votre infrastructure\",\"publisher\":{\"@id\":\"https:\/\/www.axiomeconcept.com\/#organization\"},\"alternateName\":\"Axiome\",\"potentialAction\":[{\"@type\":\"SearchAction\",\"target\":{\"@type\":\"EntryPoint\",\"urlTemplate\":\"https:\/\/www.axiomeconcept.com\/?s={search_term_string}\"},\"query-input\":{\"@type\":\"PropertyValueSpecification\",\"valueRequired\":true,\"valueName\":\"search_term_string\"}}],\"inLanguage\":\"es-ES\"},{\"@type\":\"Organization\",\"@id\":\"https:\/\/www.axiomeconcept.com\/#organization\",\"name\":\"Axiome Concept\",\"alternateName\":\"Axiome\",\"url\":\"https:\/\/www.axiomeconcept.com\/\",\"logo\":{\"@type\":\"ImageObject\",\"inLanguage\":\"es-ES\",\"@id\":\"https:\/\/www.axiomeconcept.com\/#\/schema\/logo\/image\/\",\"url\":\"https:\/\/www.axiomeconcept.com\/wp-content\/uploads\/2021\/10\/Axiome-Concept-C-noir-resize.png\",\"contentUrl\":\"https:\/\/www.axiomeconcept.com\/wp-content\/uploads\/2021\/10\/Axiome-Concept-C-noir-resize.png\",\"width\":200,\"height\":195,\"caption\":\"Axiome Concept\"},\"image\":{\"@id\":\"https:\/\/www.axiomeconcept.com\/#\/schema\/logo\/image\/\"},\"sameAs\":[\"https:\/\/www.linkedin.com\/company\/axiome-concept\/\"]}]}<\/script>\n<!-- \/ Yoast SEO plugin. -->","yoast_head_json":{"title":"Centro de Control &#8211; axiomeconcept","robots":{"index":"index","follow":"follow","max-snippet":"max-snippet:-1","max-image-preview":"max-image-preview:large","max-video-preview":"max-video-preview:-1"},"canonical":"https:\/\/www.axiomeconcept.com\/es\/centro-de-control\/","og_locale":"es_ES","og_type":"article","og_title":"Centro de Control &#8211; axiomeconcept","og_description":"CENTRO DE CONTROLAxiome Connect\u00a0propone a sus clientes una extensi\u00f3n de su acci\u00f3n t\u00e9cnica a trav\u00e9s de la prestaci\u00f3n de servicios.Nuestro objetivo es acompa\u00f1ar a nuestros clientes en la gesti\u00f3n diaria de sus emplazamientos, ya sea a trav\u00e9s de servicios adjuntos a nuestros productos o mediante la b\u00fasqueda de soluciones. Axiome [&hellip;]","og_url":"https:\/\/www.axiomeconcept.com\/es\/centro-de-control\/","og_site_name":"axiomeconcept","article_modified_time":"2021-08-25T14:40:10+00:00","og_image":[{"width":200,"height":195,"url":"https:\/\/www.axiomeconcept.com\/wp-content\/uploads\/2021\/10\/Axiome-Concept-C-noir-resize.png","type":"image\/png"}],"twitter_card":"summary_large_image","twitter_misc":{"Tiempo de lectura":"8 minutes"},"schema":{"@context":"https:\/\/schema.org","@graph":[{"@type":"WebPage","@id":"https:\/\/www.axiomeconcept.com\/es\/centro-de-control\/","url":"https:\/\/www.axiomeconcept.com\/es\/centro-de-control\/","name":"Centro de Control &#8211; axiomeconcept","isPartOf":{"@id":"https:\/\/www.axiomeconcept.com\/#website"},"datePublished":"2021-07-19T09:32:03+00:00","dateModified":"2021-08-25T14:40:10+00:00","breadcrumb":{"@id":"https:\/\/www.axiomeconcept.com\/es\/centro-de-control\/#breadcrumb"},"inLanguage":"es-ES","potentialAction":[{"@type":"ReadAction","target":["https:\/\/www.axiomeconcept.com\/es\/centro-de-control\/"]}]},{"@type":"BreadcrumbList","@id":"https:\/\/www.axiomeconcept.com\/es\/centro-de-control\/#breadcrumb","itemListElement":[{"@type":"ListItem","position":1,"name":"Home","item":"https:\/\/www.axiomeconcept.com\/"},{"@type":"ListItem","position":2,"name":"Centro de Control"}]},{"@type":"WebSite","@id":"https:\/\/www.axiomeconcept.com\/#website","url":"https:\/\/www.axiomeconcept.com\/","name":"Axiome Concept","description":"Superviser les \u00e9quipements techniques de votre infrastructure","publisher":{"@id":"https:\/\/www.axiomeconcept.com\/#organization"},"alternateName":"Axiome","potentialAction":[{"@type":"SearchAction","target":{"@type":"EntryPoint","urlTemplate":"https:\/\/www.axiomeconcept.com\/?s={search_term_string}"},"query-input":{"@type":"PropertyValueSpecification","valueRequired":true,"valueName":"search_term_string"}}],"inLanguage":"es-ES"},{"@type":"Organization","@id":"https:\/\/www.axiomeconcept.com\/#organization","name":"Axiome Concept","alternateName":"Axiome","url":"https:\/\/www.axiomeconcept.com\/","logo":{"@type":"ImageObject","inLanguage":"es-ES","@id":"https:\/\/www.axiomeconcept.com\/#\/schema\/logo\/image\/","url":"https:\/\/www.axiomeconcept.com\/wp-content\/uploads\/2021\/10\/Axiome-Concept-C-noir-resize.png","contentUrl":"https:\/\/www.axiomeconcept.com\/wp-content\/uploads\/2021\/10\/Axiome-Concept-C-noir-resize.png","width":200,"height":195,"caption":"Axiome Concept"},"image":{"@id":"https:\/\/www.axiomeconcept.com\/#\/schema\/logo\/image\/"},"sameAs":["https:\/\/www.linkedin.com\/company\/axiome-concept\/"]}]}},"_links":{"self":[{"href":"https:\/\/www.axiomeconcept.com\/es\/wp-json\/wp\/v2\/pages\/2614","targetHints":{"allow":["GET"]}}],"collection":[{"href":"https:\/\/www.axiomeconcept.com\/es\/wp-json\/wp\/v2\/pages"}],"about":[{"href":"https:\/\/www.axiomeconcept.com\/es\/wp-json\/wp\/v2\/types\/page"}],"author":[{"embeddable":true,"href":"https:\/\/www.axiomeconcept.com\/es\/wp-json\/wp\/v2\/users\/1"}],"replies":[{"embeddable":true,"href":"https:\/\/www.axiomeconcept.com\/es\/wp-json\/wp\/v2\/comments?post=2614"}],"version-history":[{"count":5,"href":"https:\/\/www.axiomeconcept.com\/es\/wp-json\/wp\/v2\/pages\/2614\/revisions"}],"predecessor-version":[{"id":5297,"href":"https:\/\/www.axiomeconcept.com\/es\/wp-json\/wp\/v2\/pages\/2614\/revisions\/5297"}],"wp:attachment":[{"href":"https:\/\/www.axiomeconcept.com\/es\/wp-json\/wp\/v2\/media?parent=2614"}],"curies":[{"name":"wp","href":"https:\/\/api.w.org\/{rel}","templated":true}]}}