{"id":2129,"date":"2021-07-19T11:32:00","date_gmt":"2021-07-19T09:32:00","guid":{"rendered":"https:\/\/www.axiomeconcept.com\/?page_id=2129"},"modified":"2021-07-22T10:17:25","modified_gmt":"2021-07-22T08:17:25","slug":"smart-lpr","status":"publish","type":"page","link":"https:\/\/www.axiomeconcept.com\/es\/smart-lpr\/","title":{"rendered":"Smart LPR"},"content":{"rendered":"<p>[et_pb_section fb_built=&#8221;1&#8243; _builder_version=&#8221;4.9.4&#8243; _module_preset=&#8221;default&#8221; background_color=&#8221;#62c2a2&#8243; transform_scale_tablet=&#8221;&#8221; transform_scale_phone=&#8221;&#8221; transform_scale_last_edited=&#8221;on|desktop&#8221; transform_translate_tablet=&#8221;0px|-13px&#8221; transform_translate_phone=&#8221;0px|-30px&#8221; transform_translate_last_edited=&#8221;on|phone&#8221; transform_translate_linked_tablet=&#8221;off&#8221; transform_rotate_tablet=&#8221;&#8221; transform_rotate_phone=&#8221;&#8221; transform_rotate_last_edited=&#8221;on|desktop&#8221; transform_skew_tablet=&#8221;&#8221; transform_skew_phone=&#8221;&#8221; transform_skew_last_edited=&#8221;on|desktop&#8221; transform_origin_tablet=&#8221;&#8221; transform_origin_phone=&#8221;&#8221; transform_origin_last_edited=&#8221;on|desktop&#8221; transform_styles_last_edited=&#8221;on|phone&#8221; width=&#8221;100%&#8221; height=&#8221;140px&#8221; max_height=&#8221;140px&#8221; hover_enabled=&#8221;0&#8243; transform_styles_tablet=&#8221;&#8221; transform_styles_phone=&#8221;&#8221; sticky_enabled=&#8221;0&#8243;][et_pb_row _builder_version=&#8221;4.8.1&#8243; _module_preset=&#8221;default&#8221; transform_translate=&#8221;0px|-50px&#8221; transform_translate_linked=&#8221;off&#8221;][et_pb_column type=&#8221;4_4&#8243; module_class=&#8221;breadcrumb&#8221; _builder_version=&#8221;4.8.1&#8243; _module_preset=&#8221;default&#8221;][divienhancer_breadcrumb delimiter=&#8221;%%20%%&#8221; module_class=&#8221;Breadcrumb&#8221; _builder_version=&#8221;4.8.1&#8243; _module_preset=&#8221;default&#8221;][\/divienhancer_breadcrumb][et_pb_text _builder_version=&#8221;4.9.4&#8243; _module_preset=&#8221;default&#8221; text_font=&#8221;Nanum Gothic|100|||||||&#8221; text_text_color=&#8221;#FFFFFF&#8221; header_text_color=&#8221;#FFFFFF&#8221; header_2_text_color=&#8221;#FFFFFF&#8221; transform_scale_tablet=&#8221;&#8221; transform_scale_phone=&#8221;&#8221; transform_scale_last_edited=&#8221;on|desktop&#8221; transform_translate_tablet=&#8221;&#8221; transform_translate_phone=&#8221;0px|-16px&#8221; transform_translate_last_edited=&#8221;on|desktop&#8221; transform_translate_linked_phone=&#8221;off&#8221; transform_rotate_tablet=&#8221;&#8221; transform_rotate_phone=&#8221;&#8221; transform_rotate_last_edited=&#8221;on|desktop&#8221; transform_skew_tablet=&#8221;&#8221; transform_skew_phone=&#8221;&#8221; transform_skew_last_edited=&#8221;on|desktop&#8221; transform_origin_tablet=&#8221;&#8221; transform_origin_phone=&#8221;&#8221; transform_origin_last_edited=&#8221;on|phone&#8221; transform_styles_last_edited=&#8221;on|phone&#8221; hover_enabled=&#8221;0&#8243; transform_styles_tablet=&#8221;&#8221; transform_styles_phone=&#8221;&#8221; sticky_enabled=&#8221;0&#8243;]<\/p>\n<h1 class=\"et_pb_module_header et-fb-editable-element et-fb-editable-element__editing\" data-shortcode-id=\"0.0-1611934362908\" data-quickaccess-id=\"title\" contenteditable=\"true\">SMART LPR<\/h1>\n<p>[\/et_pb_text][\/et_pb_column][\/et_pb_row][\/et_pb_section][et_pb_section fb_built=&#8221;1&#8243; _builder_version=&#8221;4.8.1&#8243; custom_padding=&#8221;10px||||false|false&#8221;][et_pb_row column_structure=&#8221;1_2,1_2&#8243; _builder_version=&#8221;4.9.4&#8243; _module_preset=&#8221;default&#8221; background_color=&#8221;RGBA(0,0,0,0)&#8221; width=&#8221;auto&#8221; width_tablet=&#8221;80%&#8221; width_phone=&#8221;&#8221; width_last_edited=&#8221;on|phone&#8221; min_height=&#8221;232px&#8221; custom_margin=&#8221;0px||0px||false|false&#8221; custom_margin_tablet=&#8221;80px||||false|false&#8221; custom_margin_phone=&#8221;-60px||0px||false|false&#8221; custom_margin_last_edited=&#8221;on|phone&#8221; custom_padding=&#8221;20px|20px|20px|20px|false|false&#8221;][et_pb_column type=&#8221;1_2&#8243; _builder_version=&#8221;4.8.1&#8243; _module_preset=&#8221;default&#8221;][et_pb_text _builder_version=&#8221;4.8.1&#8243; _module_preset=&#8221;default&#8221; custom_margin=&#8221;|||2px||&#8221;]<\/p>\n<h2><span style=\"color: #62c2a2;\">Principales caract\u00e9ristiques<\/span><\/h2>\n<ul>\n<li>Objectif contr\u00f4lable \u00e0 distance<\/li>\n<li>Unit\u00e9 Tout-en-Un<\/li>\n<li>Moteur OCR int\u00e9gr\u00e9<\/li>\n<li>Connecteurs Plug &amp; Play<\/li>\n<li>Interface Wiegand int\u00e9gr\u00e9e<\/li>\n<li>Listes blanches internes<\/li>\n<li>Configuration bas\u00e9e sur le web<\/li>\n<li>Configuration multi-unit\u00e9<\/li>\n<li>Fiabilit\u00e9 \u00e9lev\u00e9e<\/li>\n<li>Adaptation intelligente \u00e0 la lumi\u00e8re<\/li>\n<li>Reconnaissance multi-pays<\/li>\n<li>Reconnaissance de plaques \u00e0 couleur<\/li>\n<\/ul>\n<p>[\/et_pb_text][\/et_pb_column][et_pb_column type=&#8221;1_2&#8243; _builder_version=&#8221;4.8.1&#8243; _module_preset=&#8221;default&#8221;][et_pb_image src=&#8221;https:\/\/www.axiomeconcept.com\/wp-content\/uploads\/2021\/06\/camera_2_Plan-de-travail-1-copie-25-150&#215;150.png&#8221; title_text=&#8221;camera_2_Plan de travail 1 copie 25&#8243; _builder_version=&#8221;4.9.4&#8243; _module_preset=&#8221;default&#8221; width=&#8221;96%&#8221; custom_margin=&#8221;96px|||||&#8221; custom_padding=&#8221;|||162px||&#8221;][\/et_pb_image][\/et_pb_column][\/et_pb_row][et_pb_row _builder_version=&#8221;4.9.4&#8243; _module_preset=&#8221;default&#8221; background_color=&#8221;RGBA(0,0,0,0)&#8221; width=&#8221;auto&#8221; width_tablet=&#8221;80%&#8221; width_phone=&#8221;&#8221; width_last_edited=&#8221;on|phone&#8221; min_height=&#8221;232px&#8221; custom_margin=&#8221;0px||0px||false|false&#8221; custom_margin_tablet=&#8221;60px||||false|false&#8221; custom_margin_phone=&#8221;42px||||false|false&#8221; custom_margin_last_edited=&#8221;on|phone&#8221; custom_padding=&#8221;20px|20px|20px|20px|false|false&#8221;][et_pb_column type=&#8221;4_4&#8243; _builder_version=&#8221;4.8.1&#8243; _module_preset=&#8221;default&#8221;][et_pb_text _builder_version=&#8221;4.8.1&#8243; _module_preset=&#8221;default&#8221;]<\/p>\n<h2><span style=\"color: #62c2a2;\">Unit\u00e9 LAPI intelligente<\/span><\/h2>\n<p style=\"text-align: justify;\">SmartLPR\u00ae Access by Quercus repr\u00e9sente une unit\u00e9 LAPI de derni\u00e8re g\u00e9n\u00e9ration pour la reconnaissance des plaques min\u00e9ralogiques, con\u00e7ue pour contribuer \u00e0 la s\u00e9curit\u00e9 et \u00e0 la mobilit\u00e9 intelligente dans les parkings.<\/p>\n<p style=\"text-align: justify;\">Ce produit int\u00e8gre dans une m\u00eame unit\u00e9 tout le n\u00e9cessaire afin de pouvoir une fiabilit\u00e9 maximale en terme de reconnaissance de plaques. De plus, la configuration et les r\u00e9glages n\u2019ont jamais \u00e9t\u00e9 si faciles gr\u00e2ce \u00e0 la configuration bas\u00e9e sur le web et l\u2019objectif contr\u00f4lable \u00e0 distance.<\/p>\n<p>[\/et_pb_text][et_pb_text _builder_version=&#8221;4.8.1&#8243; _module_preset=&#8221;default&#8221;]<\/p>\n<h2><span style=\"color: #62c2a2;\">Facile \u00e0 installer et configurer&#8230;<\/span><\/h2>\n<ul>\n<li style=\"text-align: justify;\">R\u00e9glez le zoom et la mise au point en utilisant l\u2019objectif motoris\u00e9.<\/li>\n<li style=\"text-align: justify;\">\u00c9tablissez les r\u00e9glages en utilisant l\u2019outil de configuration sur internet.<\/li>\n<li style=\"text-align: justify;\">R\u00e9pliquez automatiquement les r\u00e9glages d\u2019une unit\u00e9 et appliquez-les \u00e0 toutes les autres.<\/li>\n<li style=\"text-align: justify;\">Connecteurs Plug &amp; Play: aucune n\u00e9cessit\u00e9 d\u2019ouvrir l\u2019unit\u00e9.<\/li>\n<li style=\"text-align: justify;\">Technologie int\u00e9gr\u00e9e : tout le n\u00e9cessaire est inclus dans une seule unit\u00e9.<\/li>\n<\/ul>\n<p>[\/et_pb_text][et_pb_text _builder_version=&#8221;4.8.1&#8243; _module_preset=&#8221;default&#8221;]<\/p>\n<h2><span style=\"color: #62c2a2;\">&#8230; et haute fiabilit\u00e9 de reconnaissance<\/span><\/h2>\n<ul>\n<li style=\"text-align: justify;\">Reconnaissance des plaques de plusieurs pays en temps r\u00e9el.<\/li>\n<li style=\"text-align: justify;\">Mod\u00e8les optionnels de reconnaissance de plaques de couleur pour les pays n\u00e9cessitants une d\u00e9tection de la couleur ou afin d\u2019obtenir le num\u00e9ro d\u2019immatriculation et l\u2019\u00e9tat de provenance du v\u00e9hicule.<\/li>\n<li style=\"text-align: justify;\">Moteur OCR int\u00e9gr\u00e9, d\u00e9velopp\u00e9 par Quercus et approuv\u00e9 avec succ\u00e8s dans des installations du monde entier. La technologie avanc\u00e9e de nos \u00e9quipements nous permet d\u2019obtenir un des plus haut pourcentages de reconnaissance du march\u00e9.<\/li>\n<\/ul>\n<p>[\/et_pb_text][\/et_pb_column][\/et_pb_row][\/et_pb_section]<\/p>\n","protected":false},"excerpt":{"rendered":"<p><div class=\"et_pb_module  divienhancer_breadcrumb divienhancer_breadcrumb_0 Breadcrumb\">\n\t\t\t\t\n\t\t\t\t\n\t\t\t\t\n\t\t\t\t\n\t\t\t\t\n\t\t\t\t\n\t\t\t\t<div class=\"et_pb_module_inner\">\n\t\t\t\t\t<div class=\"de-breadcrumb de-crumb-basic\" data-order=\"divienhancer_breadcrumb_0\" data-background=\"#efefef\" data-backgroundhover=\"#00ff9d\"><a class=\"de-crumb-item\" href=\"https:\/\/www.axiomeconcept.com\/es\/\">Home<\/a> <span class=\"divienhancer-crumb-delimiter et-pb-icon\">&#x35;<\/span> <\/div>\n\t\t\t\t<\/div>\n\t\t\t<\/div>SMART LPRPrincipales caract\u00e9ristiques Objectif contr\u00f4lable \u00e0 distance Unit\u00e9 Tout-en-Un Moteur OCR int\u00e9gr\u00e9 Connecteurs Plug &amp; Play Interface Wiegand int\u00e9gr\u00e9e Listes blanches internes Configuration bas\u00e9e sur le web Configuration multi-unit\u00e9 Fiabilit\u00e9 \u00e9lev\u00e9e Adaptation intelligente \u00e0 la lumi\u00e8re Reconnaissance multi-pays Reconnaissance de plaques \u00e0 couleur Unit\u00e9 LAPI intelligente SmartLPR\u00ae Access by Quercus repr\u00e9sente [&hellip;]<\/p>\n","protected":false},"author":1,"featured_media":0,"parent":0,"menu_order":0,"comment_status":"closed","ping_status":"closed","template":"","meta":{"_et_pb_use_builder":"on","_et_pb_old_content":"","_et_gb_content_width":"","footnotes":""},"class_list":["post-2129","page","type-page","status-publish","hentry"],"yoast_head":"<!-- This site is optimized with the Yoast SEO plugin v27.2 - https:\/\/yoast.com\/product\/yoast-seo-wordpress\/ -->\n<title>Smart LPR &#8211; axiomeconcept<\/title>\n<meta name=\"robots\" content=\"index, follow, max-snippet:-1, max-image-preview:large, max-video-preview:-1\" \/>\n<link rel=\"canonical\" href=\"https:\/\/www.axiomeconcept.com\/es\/smart-lpr\/\" \/>\n<meta property=\"og:locale\" content=\"es_ES\" \/>\n<meta property=\"og:type\" content=\"article\" \/>\n<meta property=\"og:title\" content=\"Smart LPR &#8211; axiomeconcept\" \/>\n<meta property=\"og:description\" content=\"SMART LPRPrincipales caract\u00e9ristiques Objectif contr\u00f4lable \u00e0 distance Unit\u00e9 Tout-en-Un Moteur OCR int\u00e9gr\u00e9 Connecteurs Plug &amp; Play Interface Wiegand int\u00e9gr\u00e9e Listes blanches internes Configuration bas\u00e9e sur le web Configuration multi-unit\u00e9 Fiabilit\u00e9 \u00e9lev\u00e9e Adaptation intelligente \u00e0 la lumi\u00e8re Reconnaissance multi-pays Reconnaissance de plaques \u00e0 couleur Unit\u00e9 LAPI intelligente SmartLPR\u00ae Access by Quercus repr\u00e9sente [&hellip;]\" \/>\n<meta property=\"og:url\" content=\"https:\/\/www.axiomeconcept.com\/es\/smart-lpr\/\" \/>\n<meta property=\"og:site_name\" content=\"axiomeconcept\" \/>\n<meta property=\"article:modified_time\" content=\"2021-07-22T08:17:25+00:00\" \/>\n<meta property=\"og:image\" content=\"https:\/\/www.axiomeconcept.com\/wp-content\/uploads\/2021\/10\/Axiome-Concept-C-noir-resize.png\" \/>\n\t<meta property=\"og:image:width\" content=\"200\" \/>\n\t<meta property=\"og:image:height\" content=\"195\" \/>\n\t<meta property=\"og:image:type\" content=\"image\/png\" \/>\n<meta name=\"twitter:card\" content=\"summary_large_image\" \/>\n<meta name=\"twitter:label1\" content=\"Tiempo de lectura\" \/>\n\t<meta name=\"twitter:data1\" content=\"4 minutes\" \/>\n<script type=\"application\/ld+json\" class=\"yoast-schema-graph\">{\"@context\":\"https:\/\/schema.org\",\"@graph\":[{\"@type\":\"WebPage\",\"@id\":\"https:\/\/www.axiomeconcept.com\/es\/smart-lpr\/\",\"url\":\"https:\/\/www.axiomeconcept.com\/es\/smart-lpr\/\",\"name\":\"Smart LPR &#8211; axiomeconcept\",\"isPartOf\":{\"@id\":\"https:\/\/www.axiomeconcept.com\/#website\"},\"datePublished\":\"2021-07-19T09:32:00+00:00\",\"dateModified\":\"2021-07-22T08:17:25+00:00\",\"breadcrumb\":{\"@id\":\"https:\/\/www.axiomeconcept.com\/es\/smart-lpr\/#breadcrumb\"},\"inLanguage\":\"es-ES\",\"potentialAction\":[{\"@type\":\"ReadAction\",\"target\":[\"https:\/\/www.axiomeconcept.com\/es\/smart-lpr\/\"]}]},{\"@type\":\"BreadcrumbList\",\"@id\":\"https:\/\/www.axiomeconcept.com\/es\/smart-lpr\/#breadcrumb\",\"itemListElement\":[{\"@type\":\"ListItem\",\"position\":1,\"name\":\"Home\",\"item\":\"https:\/\/www.axiomeconcept.com\/\"},{\"@type\":\"ListItem\",\"position\":2,\"name\":\"Smart LPR\"}]},{\"@type\":\"WebSite\",\"@id\":\"https:\/\/www.axiomeconcept.com\/#website\",\"url\":\"https:\/\/www.axiomeconcept.com\/\",\"name\":\"Axiome Concept\",\"description\":\"Superviser les \u00e9quipements techniques de votre infrastructure\",\"publisher\":{\"@id\":\"https:\/\/www.axiomeconcept.com\/#organization\"},\"alternateName\":\"Axiome\",\"potentialAction\":[{\"@type\":\"SearchAction\",\"target\":{\"@type\":\"EntryPoint\",\"urlTemplate\":\"https:\/\/www.axiomeconcept.com\/?s={search_term_string}\"},\"query-input\":{\"@type\":\"PropertyValueSpecification\",\"valueRequired\":true,\"valueName\":\"search_term_string\"}}],\"inLanguage\":\"es-ES\"},{\"@type\":\"Organization\",\"@id\":\"https:\/\/www.axiomeconcept.com\/#organization\",\"name\":\"Axiome Concept\",\"alternateName\":\"Axiome\",\"url\":\"https:\/\/www.axiomeconcept.com\/\",\"logo\":{\"@type\":\"ImageObject\",\"inLanguage\":\"es-ES\",\"@id\":\"https:\/\/www.axiomeconcept.com\/#\/schema\/logo\/image\/\",\"url\":\"https:\/\/www.axiomeconcept.com\/wp-content\/uploads\/2021\/10\/Axiome-Concept-C-noir-resize.png\",\"contentUrl\":\"https:\/\/www.axiomeconcept.com\/wp-content\/uploads\/2021\/10\/Axiome-Concept-C-noir-resize.png\",\"width\":200,\"height\":195,\"caption\":\"Axiome Concept\"},\"image\":{\"@id\":\"https:\/\/www.axiomeconcept.com\/#\/schema\/logo\/image\/\"},\"sameAs\":[\"https:\/\/www.linkedin.com\/company\/axiome-concept\/\"]}]}<\/script>\n<!-- \/ Yoast SEO plugin. -->","yoast_head_json":{"title":"Smart LPR &#8211; axiomeconcept","robots":{"index":"index","follow":"follow","max-snippet":"max-snippet:-1","max-image-preview":"max-image-preview:large","max-video-preview":"max-video-preview:-1"},"canonical":"https:\/\/www.axiomeconcept.com\/es\/smart-lpr\/","og_locale":"es_ES","og_type":"article","og_title":"Smart LPR &#8211; axiomeconcept","og_description":"SMART LPRPrincipales caract\u00e9ristiques Objectif contr\u00f4lable \u00e0 distance Unit\u00e9 Tout-en-Un Moteur OCR int\u00e9gr\u00e9 Connecteurs Plug &amp; Play Interface Wiegand int\u00e9gr\u00e9e Listes blanches internes Configuration bas\u00e9e sur le web Configuration multi-unit\u00e9 Fiabilit\u00e9 \u00e9lev\u00e9e Adaptation intelligente \u00e0 la lumi\u00e8re Reconnaissance multi-pays Reconnaissance de plaques \u00e0 couleur Unit\u00e9 LAPI intelligente SmartLPR\u00ae Access by Quercus repr\u00e9sente [&hellip;]","og_url":"https:\/\/www.axiomeconcept.com\/es\/smart-lpr\/","og_site_name":"axiomeconcept","article_modified_time":"2021-07-22T08:17:25+00:00","og_image":[{"width":200,"height":195,"url":"https:\/\/www.axiomeconcept.com\/wp-content\/uploads\/2021\/10\/Axiome-Concept-C-noir-resize.png","type":"image\/png"}],"twitter_card":"summary_large_image","twitter_misc":{"Tiempo de lectura":"4 minutes"},"schema":{"@context":"https:\/\/schema.org","@graph":[{"@type":"WebPage","@id":"https:\/\/www.axiomeconcept.com\/es\/smart-lpr\/","url":"https:\/\/www.axiomeconcept.com\/es\/smart-lpr\/","name":"Smart LPR &#8211; axiomeconcept","isPartOf":{"@id":"https:\/\/www.axiomeconcept.com\/#website"},"datePublished":"2021-07-19T09:32:00+00:00","dateModified":"2021-07-22T08:17:25+00:00","breadcrumb":{"@id":"https:\/\/www.axiomeconcept.com\/es\/smart-lpr\/#breadcrumb"},"inLanguage":"es-ES","potentialAction":[{"@type":"ReadAction","target":["https:\/\/www.axiomeconcept.com\/es\/smart-lpr\/"]}]},{"@type":"BreadcrumbList","@id":"https:\/\/www.axiomeconcept.com\/es\/smart-lpr\/#breadcrumb","itemListElement":[{"@type":"ListItem","position":1,"name":"Home","item":"https:\/\/www.axiomeconcept.com\/"},{"@type":"ListItem","position":2,"name":"Smart LPR"}]},{"@type":"WebSite","@id":"https:\/\/www.axiomeconcept.com\/#website","url":"https:\/\/www.axiomeconcept.com\/","name":"Axiome Concept","description":"Superviser les \u00e9quipements techniques de votre infrastructure","publisher":{"@id":"https:\/\/www.axiomeconcept.com\/#organization"},"alternateName":"Axiome","potentialAction":[{"@type":"SearchAction","target":{"@type":"EntryPoint","urlTemplate":"https:\/\/www.axiomeconcept.com\/?s={search_term_string}"},"query-input":{"@type":"PropertyValueSpecification","valueRequired":true,"valueName":"search_term_string"}}],"inLanguage":"es-ES"},{"@type":"Organization","@id":"https:\/\/www.axiomeconcept.com\/#organization","name":"Axiome Concept","alternateName":"Axiome","url":"https:\/\/www.axiomeconcept.com\/","logo":{"@type":"ImageObject","inLanguage":"es-ES","@id":"https:\/\/www.axiomeconcept.com\/#\/schema\/logo\/image\/","url":"https:\/\/www.axiomeconcept.com\/wp-content\/uploads\/2021\/10\/Axiome-Concept-C-noir-resize.png","contentUrl":"https:\/\/www.axiomeconcept.com\/wp-content\/uploads\/2021\/10\/Axiome-Concept-C-noir-resize.png","width":200,"height":195,"caption":"Axiome Concept"},"image":{"@id":"https:\/\/www.axiomeconcept.com\/#\/schema\/logo\/image\/"},"sameAs":["https:\/\/www.linkedin.com\/company\/axiome-concept\/"]}]}},"_links":{"self":[{"href":"https:\/\/www.axiomeconcept.com\/es\/wp-json\/wp\/v2\/pages\/2129","targetHints":{"allow":["GET"]}}],"collection":[{"href":"https:\/\/www.axiomeconcept.com\/es\/wp-json\/wp\/v2\/pages"}],"about":[{"href":"https:\/\/www.axiomeconcept.com\/es\/wp-json\/wp\/v2\/types\/page"}],"author":[{"embeddable":true,"href":"https:\/\/www.axiomeconcept.com\/es\/wp-json\/wp\/v2\/users\/1"}],"replies":[{"embeddable":true,"href":"https:\/\/www.axiomeconcept.com\/es\/wp-json\/wp\/v2\/comments?post=2129"}],"version-history":[{"count":3,"href":"https:\/\/www.axiomeconcept.com\/es\/wp-json\/wp\/v2\/pages\/2129\/revisions"}],"predecessor-version":[{"id":4296,"href":"https:\/\/www.axiomeconcept.com\/es\/wp-json\/wp\/v2\/pages\/2129\/revisions\/4296"}],"wp:attachment":[{"href":"https:\/\/www.axiomeconcept.com\/es\/wp-json\/wp\/v2\/media?parent=2129"}],"curies":[{"name":"wp","href":"https:\/\/api.w.org\/{rel}","templated":true}]}}