{"id":2115,"date":"2021-07-19T11:31:56","date_gmt":"2021-07-19T09:31:56","guid":{"rendered":"https:\/\/www.axiomeconcept.com\/?page_id=2115"},"modified":"2021-07-26T15:39:50","modified_gmt":"2021-07-26T13:39:50","slug":"terminal-seguridad","status":"publish","type":"page","link":"https:\/\/www.axiomeconcept.com\/es\/terminal-seguridad\/","title":{"rendered":"Terminal de Seguridad"},"content":{"rendered":"<p>[et_pb_section fb_built=&#8221;1&#8243; _builder_version=&#8221;4.9.10&#8243; _module_preset=&#8221;default&#8221; background_color=&#8221;#62c2a2&#8243; transform_scale_tablet=&#8221;&#8221; transform_scale_phone=&#8221;&#8221; transform_scale_last_edited=&#8221;on|desktop&#8221; transform_translate_tablet=&#8221;0px|-13px&#8221; transform_translate_phone=&#8221;0px|-30px&#8221; transform_translate_last_edited=&#8221;on|phone&#8221; transform_translate_linked_tablet=&#8221;off&#8221; transform_rotate_tablet=&#8221;&#8221; transform_rotate_phone=&#8221;&#8221; transform_rotate_last_edited=&#8221;on|desktop&#8221; transform_skew_tablet=&#8221;&#8221; transform_skew_phone=&#8221;&#8221; transform_skew_last_edited=&#8221;on|desktop&#8221; transform_origin_tablet=&#8221;&#8221; transform_origin_phone=&#8221;&#8221; transform_origin_last_edited=&#8221;on|desktop&#8221; transform_styles_last_edited=&#8221;on|phone&#8221; width=&#8221;100%&#8221; height=&#8221;140px&#8221; max_height=&#8221;140px&#8221; hover_enabled=&#8221;0&#8243; transform_styles_tablet=&#8221;&#8221; transform_styles_phone=&#8221;&#8221; sticky_enabled=&#8221;0&#8243;][et_pb_row _builder_version=&#8221;4.8.1&#8243; _module_preset=&#8221;default&#8221; transform_translate=&#8221;0px|-50px&#8221; transform_translate_linked=&#8221;off&#8221;][et_pb_column type=&#8221;4_4&#8243; module_class=&#8221;breadcrumb&#8221; _builder_version=&#8221;4.8.1&#8243; _module_preset=&#8221;default&#8221;][divienhancer_breadcrumb delimiter=&#8221;%%20%%&#8221; module_class=&#8221;Breadcrumb&#8221; _builder_version=&#8221;4.8.1&#8243; _module_preset=&#8221;default&#8221;][\/divienhancer_breadcrumb][et_pb_text _builder_version=&#8221;4.9.10&#8243; _module_preset=&#8221;default&#8221; text_font=&#8221;Nanum Gothic|100|||||||&#8221; text_text_color=&#8221;#FFFFFF&#8221; header_text_color=&#8221;#FFFFFF&#8221; header_2_text_color=&#8221;#FFFFFF&#8221; transform_scale_tablet=&#8221;&#8221; transform_scale_phone=&#8221;&#8221; transform_scale_last_edited=&#8221;on|desktop&#8221; transform_translate_tablet=&#8221;&#8221; transform_translate_phone=&#8221;0px|-16px&#8221; transform_translate_last_edited=&#8221;on|desktop&#8221; transform_translate_linked_phone=&#8221;off&#8221; transform_rotate_tablet=&#8221;&#8221; transform_rotate_phone=&#8221;&#8221; transform_rotate_last_edited=&#8221;on|desktop&#8221; transform_skew_tablet=&#8221;&#8221; transform_skew_phone=&#8221;&#8221; transform_skew_last_edited=&#8221;on|desktop&#8221; transform_origin_tablet=&#8221;&#8221; transform_origin_phone=&#8221;&#8221; transform_origin_last_edited=&#8221;on|phone&#8221; transform_styles_last_edited=&#8221;on|phone&#8221; hover_enabled=&#8221;0&#8243; transform_styles_tablet=&#8221;&#8221; transform_styles_phone=&#8221;&#8221; sticky_enabled=&#8221;0&#8243;]<\/p>\n<h1 class=\"et_pb_module_header et-fb-editable-element et-fb-editable-element__editing\" data-shortcode-id=\"0.0-1611934362908\" data-quickaccess-id=\"title\" contenteditable=\"true\">TERMINAL DE SEGURIDAD<\/h1>\n<p>[\/et_pb_text][\/et_pb_column][\/et_pb_row][\/et_pb_section][et_pb_section fb_built=&#8221;1&#8243; _builder_version=&#8221;4.8.1&#8243; custom_padding=&#8221;10px||||false|false&#8221;][et_pb_row column_structure=&#8221;1_2,1_2&#8243; _builder_version=&#8221;4.8.1&#8243; _module_preset=&#8221;default&#8221; background_color=&#8221;#f9f9f9&#8243; width=&#8221;auto&#8221; width_tablet=&#8221;80%&#8221; width_phone=&#8221;&#8221; width_last_edited=&#8221;on|phone&#8221; min_height=&#8221;107px&#8221; custom_margin=&#8221;10px|auto|0px|auto|false|false&#8221; custom_margin_tablet=&#8221;80px||||false|false&#8221; custom_margin_phone=&#8221;-60px||0px||false|false&#8221; custom_margin_last_edited=&#8221;on|phone&#8221; custom_padding=&#8221;3px|20px|29px|20px|false|false&#8221;][et_pb_column type=&#8221;1_2&#8243; _builder_version=&#8221;4.8.1&#8243; _module_preset=&#8221;default&#8221;][et_pb_text _builder_version=&#8221;4.8.1&#8243; _module_preset=&#8221;default&#8221; min_height=&#8221;239px&#8221; custom_margin=&#8221;12px||4px|||&#8221; custom_padding=&#8221;50px||||false|false&#8221;]<span style=\"color: #62c2a2;\"><strong>La borne de s\u00e9curit\u00e9 efficace sur tous les terrains.\u00a0<\/strong><\/span><\/p>\n<ul>\n<li>Centrale hydraulique avec v\u00e9rin double effet int\u00e9gr\u00e9e \u00e0 la borne.<\/li>\n<li>Couronne avec bandeau \u00e0 LEDS de s\u00e9rie.<\/li>\n<li>Arr\u00eate un v\u00e9hicule de 1,5 tonnes lanc\u00e9 \u00e0 50 Km\/h.<\/li>\n<li>Classe de r\u00e9sistance : 138 KJoules.<\/li>\n<li>Borne version inox ou acier.<\/li>\n<\/ul>\n<p>&nbsp;<\/p>\n<h2><\/h2>\n<p>[\/et_pb_text][\/et_pb_column][et_pb_column type=&#8221;1_2&#8243; _builder_version=&#8221;4.8.1&#8243; _module_preset=&#8221;default&#8221;][et_pb_image src=&#8221;https:\/\/www.axiomeconcept.com\/wp-content\/uploads\/2021\/04\/A9R1kxmeoi_jntk6o_fuo.jpg&#8221; title_text=&#8221;A9R1kxmeoi_jntk6o_fuo&#8221; _builder_version=&#8221;4.8.1&#8243; _module_preset=&#8221;default&#8221; min_height=&#8221;225.9px&#8221; custom_padding=&#8221;0px|||||&#8221;][\/et_pb_image][\/et_pb_column][\/et_pb_row][et_pb_row column_structure=&#8221;1_2,1_2&#8243; _builder_version=&#8221;4.8.1&#8243; _module_preset=&#8221;default&#8221; background_color=&#8221;#f9f9f9&#8243; width=&#8221;auto&#8221; width_tablet=&#8221;80%&#8221; width_phone=&#8221;&#8221; width_last_edited=&#8221;on|phone&#8221; min_height=&#8221;232px&#8221; custom_margin=&#8221;0px||0px||false|false&#8221; custom_margin_tablet=&#8221;60px||||false|false&#8221; custom_margin_phone=&#8221;42px||||false|false&#8221; custom_margin_last_edited=&#8221;on|phone&#8221; custom_padding=&#8221;20px|20px|20px|20px|false|false&#8221;][et_pb_column type=&#8221;1_2&#8243; _builder_version=&#8221;4.8.1&#8243; _module_preset=&#8221;default&#8221;][et_pb_image src=&#8221;https:\/\/www.axiomeconcept.com\/wp-content\/uploads\/2021\/04\/montage-1-287&#215;300.jpg&#8221; title_text=&#8221;montage 1&#8243; align=&#8221;center&#8221; _builder_version=&#8221;4.8.1&#8243; _module_preset=&#8221;default&#8221; custom_margin=&#8221;20px|||||&#8221;][\/et_pb_image][\/et_pb_column][et_pb_column type=&#8221;1_2&#8243; _builder_version=&#8221;4.8.1&#8243; _module_preset=&#8221;default&#8221;][et_pb_image src=&#8221;https:\/\/www.axiomeconcept.com\/wp-content\/uploads\/2021\/04\/Montage-2-137&#215;300.jpg&#8221; title_text=&#8221;Montage 2&#8243; align=&#8221;center&#8221; _builder_version=&#8221;4.8.1&#8243; _module_preset=&#8221;default&#8221; min_height=&#8221;484px&#8221; custom_margin=&#8221;||-59px|||&#8221;][\/et_pb_image][\/et_pb_column][\/et_pb_row][et_pb_row column_structure=&#8221;1_2,1_2&#8243; _builder_version=&#8221;4.8.1&#8243; _module_preset=&#8221;default&#8221; background_color=&#8221;#f9f9f9&#8243; width=&#8221;auto&#8221; width_tablet=&#8221;80%&#8221; width_phone=&#8221;&#8221; width_last_edited=&#8221;on|tablet&#8221; min_height=&#8221;232px&#8221; custom_margin=&#8221;0px||0px||false|false&#8221; custom_margin_tablet=&#8221;77px||0px||false|false&#8221; custom_margin_phone=&#8221;42px||||false|false&#8221; custom_margin_last_edited=&#8221;on|phone&#8221; custom_padding=&#8221;20px|20px|20px|20px|false|false&#8221;][et_pb_column type=&#8221;1_2&#8243; _builder_version=&#8221;4.8.1&#8243; _module_preset=&#8221;default&#8221;][et_pb_text _builder_version=&#8221;4.8.1&#8243; _module_preset=&#8221;default&#8221; min_height=&#8221;119px&#8221; custom_padding=&#8221;50px||||false|false&#8221;]<\/p>\n<p><span style=\"color: #62c2a2;\">1 &#8211;<\/span> T\u00eate de borne LBA<br \/> <span style=\"color: #62c2a2;\">2 &#8211;<\/span> Bandeau LED clignotant<br \/> <span style=\"color: #62c2a2;\">3 &#8211;<\/span> F\u00fbt mobile \u00d8 279 mm<br \/> <span style=\"color: #62c2a2;\">4 &#8211;<\/span> Couronne LBA<\/p>\n<p>[\/et_pb_text][\/et_pb_column][et_pb_column type=&#8221;1_2&#8243; _builder_version=&#8221;4.8.1&#8243; _module_preset=&#8221;default&#8221;][et_pb_text _builder_version=&#8221;4.8.1&#8243; _module_preset=&#8221;default&#8221; custom_margin=&#8221;||70px|||&#8221; custom_padding=&#8221;62px|||||&#8221;]<\/p>\n<p><span style=\"color: #62c2a2;\">5 &#8211;<\/span> Visserie Antival<br \/> <span style=\"color: #62c2a2;\">6 &#8211; <\/span>Dispositif de guidage par patins en poly\u00e9thyl\u00e8ne hauteur 400mm<br \/> <span style=\"color: #62c2a2;\">7 &#8211;<\/span> F\u00fbt enterr\u00e9, section 660 x 440 mm hauteur 1120 mm<\/p>\n<p>[\/et_pb_text][\/et_pb_column][\/et_pb_row][\/et_pb_section]<\/p>\n","protected":false},"excerpt":{"rendered":"<p><div class=\"et_pb_module  divienhancer_breadcrumb divienhancer_breadcrumb_0 Breadcrumb\">\n\t\t\t\t\n\t\t\t\t\n\t\t\t\t\n\t\t\t\t\n\t\t\t\t\n\t\t\t\t\n\t\t\t\t<div class=\"et_pb_module_inner\">\n\t\t\t\t\t<div class=\"de-breadcrumb de-crumb-basic\" data-order=\"divienhancer_breadcrumb_0\" data-background=\"#efefef\" data-backgroundhover=\"#00ff9d\"><a class=\"de-crumb-item\" href=\"https:\/\/www.axiomeconcept.com\/es\/\">Home<\/a> <span class=\"divienhancer-crumb-delimiter et-pb-icon\">&#x35;<\/span> <\/div>\n\t\t\t\t<\/div>\n\t\t\t<\/div>TERMINAL DE SEGURIDADLa borne de s\u00e9curit\u00e9 efficace sur tous les terrains.\u00a0 Centrale hydraulique avec v\u00e9rin double effet int\u00e9gr\u00e9e \u00e0 la borne. Couronne avec bandeau \u00e0 LEDS de s\u00e9rie. Arr\u00eate un v\u00e9hicule de 1,5 tonnes lanc\u00e9 \u00e0 50 Km\/h. Classe de r\u00e9sistance : 138 KJoules. Borne version inox ou acier. &nbsp; 1 [&hellip;]<\/p>\n","protected":false},"author":1,"featured_media":0,"parent":0,"menu_order":0,"comment_status":"closed","ping_status":"closed","template":"","meta":{"_et_pb_use_builder":"on","_et_pb_old_content":"","_et_gb_content_width":"","footnotes":""},"class_list":["post-2115","page","type-page","status-publish","hentry"],"yoast_head":"<!-- This site is optimized with the Yoast SEO plugin v27.2 - https:\/\/yoast.com\/product\/yoast-seo-wordpress\/ -->\n<title>Terminal de Seguridad &#8211; axiomeconcept<\/title>\n<meta name=\"robots\" content=\"index, follow, max-snippet:-1, max-image-preview:large, max-video-preview:-1\" \/>\n<link rel=\"canonical\" href=\"https:\/\/www.axiomeconcept.com\/es\/terminal-seguridad\/\" \/>\n<meta property=\"og:locale\" content=\"es_ES\" \/>\n<meta property=\"og:type\" content=\"article\" \/>\n<meta property=\"og:title\" content=\"Terminal de Seguridad &#8211; axiomeconcept\" \/>\n<meta property=\"og:description\" content=\"TERMINAL DE SEGURIDADLa borne de s\u00e9curit\u00e9 efficace sur tous les terrains.\u00a0 Centrale hydraulique avec v\u00e9rin double effet int\u00e9gr\u00e9e \u00e0 la borne. Couronne avec bandeau \u00e0 LEDS de s\u00e9rie. Arr\u00eate un v\u00e9hicule de 1,5 tonnes lanc\u00e9 \u00e0 50 Km\/h. Classe de r\u00e9sistance : 138 KJoules. Borne version inox ou acier. &nbsp; 1 [&hellip;]\" \/>\n<meta property=\"og:url\" content=\"https:\/\/www.axiomeconcept.com\/es\/terminal-seguridad\/\" \/>\n<meta property=\"og:site_name\" content=\"axiomeconcept\" \/>\n<meta property=\"article:modified_time\" content=\"2021-07-26T13:39:50+00:00\" \/>\n<meta property=\"og:image\" content=\"https:\/\/www.axiomeconcept.com\/wp-content\/uploads\/2021\/10\/Axiome-Concept-C-noir-resize.png\" \/>\n\t<meta property=\"og:image:width\" content=\"200\" \/>\n\t<meta property=\"og:image:height\" content=\"195\" \/>\n\t<meta property=\"og:image:type\" content=\"image\/png\" \/>\n<meta name=\"twitter:card\" content=\"summary_large_image\" \/>\n<meta name=\"twitter:label1\" content=\"Tiempo de lectura\" \/>\n\t<meta name=\"twitter:data1\" content=\"4 minutes\" \/>\n<script type=\"application\/ld+json\" class=\"yoast-schema-graph\">{\"@context\":\"https:\/\/schema.org\",\"@graph\":[{\"@type\":\"WebPage\",\"@id\":\"https:\/\/www.axiomeconcept.com\/es\/terminal-seguridad\/\",\"url\":\"https:\/\/www.axiomeconcept.com\/es\/terminal-seguridad\/\",\"name\":\"Terminal de Seguridad &#8211; axiomeconcept\",\"isPartOf\":{\"@id\":\"https:\/\/www.axiomeconcept.com\/#website\"},\"datePublished\":\"2021-07-19T09:31:56+00:00\",\"dateModified\":\"2021-07-26T13:39:50+00:00\",\"breadcrumb\":{\"@id\":\"https:\/\/www.axiomeconcept.com\/es\/terminal-seguridad\/#breadcrumb\"},\"inLanguage\":\"es-ES\",\"potentialAction\":[{\"@type\":\"ReadAction\",\"target\":[\"https:\/\/www.axiomeconcept.com\/es\/terminal-seguridad\/\"]}]},{\"@type\":\"BreadcrumbList\",\"@id\":\"https:\/\/www.axiomeconcept.com\/es\/terminal-seguridad\/#breadcrumb\",\"itemListElement\":[{\"@type\":\"ListItem\",\"position\":1,\"name\":\"Home\",\"item\":\"https:\/\/www.axiomeconcept.com\/\"},{\"@type\":\"ListItem\",\"position\":2,\"name\":\"Terminal de Seguridad\"}]},{\"@type\":\"WebSite\",\"@id\":\"https:\/\/www.axiomeconcept.com\/#website\",\"url\":\"https:\/\/www.axiomeconcept.com\/\",\"name\":\"Axiome Concept\",\"description\":\"Superviser les \u00e9quipements techniques de votre infrastructure\",\"publisher\":{\"@id\":\"https:\/\/www.axiomeconcept.com\/#organization\"},\"alternateName\":\"Axiome\",\"potentialAction\":[{\"@type\":\"SearchAction\",\"target\":{\"@type\":\"EntryPoint\",\"urlTemplate\":\"https:\/\/www.axiomeconcept.com\/?s={search_term_string}\"},\"query-input\":{\"@type\":\"PropertyValueSpecification\",\"valueRequired\":true,\"valueName\":\"search_term_string\"}}],\"inLanguage\":\"es-ES\"},{\"@type\":\"Organization\",\"@id\":\"https:\/\/www.axiomeconcept.com\/#organization\",\"name\":\"Axiome Concept\",\"alternateName\":\"Axiome\",\"url\":\"https:\/\/www.axiomeconcept.com\/\",\"logo\":{\"@type\":\"ImageObject\",\"inLanguage\":\"es-ES\",\"@id\":\"https:\/\/www.axiomeconcept.com\/#\/schema\/logo\/image\/\",\"url\":\"https:\/\/www.axiomeconcept.com\/wp-content\/uploads\/2021\/10\/Axiome-Concept-C-noir-resize.png\",\"contentUrl\":\"https:\/\/www.axiomeconcept.com\/wp-content\/uploads\/2021\/10\/Axiome-Concept-C-noir-resize.png\",\"width\":200,\"height\":195,\"caption\":\"Axiome Concept\"},\"image\":{\"@id\":\"https:\/\/www.axiomeconcept.com\/#\/schema\/logo\/image\/\"},\"sameAs\":[\"https:\/\/www.linkedin.com\/company\/axiome-concept\/\"]}]}<\/script>\n<!-- \/ Yoast SEO plugin. -->","yoast_head_json":{"title":"Terminal de Seguridad &#8211; axiomeconcept","robots":{"index":"index","follow":"follow","max-snippet":"max-snippet:-1","max-image-preview":"max-image-preview:large","max-video-preview":"max-video-preview:-1"},"canonical":"https:\/\/www.axiomeconcept.com\/es\/terminal-seguridad\/","og_locale":"es_ES","og_type":"article","og_title":"Terminal de Seguridad &#8211; axiomeconcept","og_description":"TERMINAL DE SEGURIDADLa borne de s\u00e9curit\u00e9 efficace sur tous les terrains.\u00a0 Centrale hydraulique avec v\u00e9rin double effet int\u00e9gr\u00e9e \u00e0 la borne. Couronne avec bandeau \u00e0 LEDS de s\u00e9rie. Arr\u00eate un v\u00e9hicule de 1,5 tonnes lanc\u00e9 \u00e0 50 Km\/h. Classe de r\u00e9sistance : 138 KJoules. Borne version inox ou acier. &nbsp; 1 [&hellip;]","og_url":"https:\/\/www.axiomeconcept.com\/es\/terminal-seguridad\/","og_site_name":"axiomeconcept","article_modified_time":"2021-07-26T13:39:50+00:00","og_image":[{"width":200,"height":195,"url":"https:\/\/www.axiomeconcept.com\/wp-content\/uploads\/2021\/10\/Axiome-Concept-C-noir-resize.png","type":"image\/png"}],"twitter_card":"summary_large_image","twitter_misc":{"Tiempo de lectura":"4 minutes"},"schema":{"@context":"https:\/\/schema.org","@graph":[{"@type":"WebPage","@id":"https:\/\/www.axiomeconcept.com\/es\/terminal-seguridad\/","url":"https:\/\/www.axiomeconcept.com\/es\/terminal-seguridad\/","name":"Terminal de Seguridad &#8211; axiomeconcept","isPartOf":{"@id":"https:\/\/www.axiomeconcept.com\/#website"},"datePublished":"2021-07-19T09:31:56+00:00","dateModified":"2021-07-26T13:39:50+00:00","breadcrumb":{"@id":"https:\/\/www.axiomeconcept.com\/es\/terminal-seguridad\/#breadcrumb"},"inLanguage":"es-ES","potentialAction":[{"@type":"ReadAction","target":["https:\/\/www.axiomeconcept.com\/es\/terminal-seguridad\/"]}]},{"@type":"BreadcrumbList","@id":"https:\/\/www.axiomeconcept.com\/es\/terminal-seguridad\/#breadcrumb","itemListElement":[{"@type":"ListItem","position":1,"name":"Home","item":"https:\/\/www.axiomeconcept.com\/"},{"@type":"ListItem","position":2,"name":"Terminal de Seguridad"}]},{"@type":"WebSite","@id":"https:\/\/www.axiomeconcept.com\/#website","url":"https:\/\/www.axiomeconcept.com\/","name":"Axiome Concept","description":"Superviser les \u00e9quipements techniques de votre infrastructure","publisher":{"@id":"https:\/\/www.axiomeconcept.com\/#organization"},"alternateName":"Axiome","potentialAction":[{"@type":"SearchAction","target":{"@type":"EntryPoint","urlTemplate":"https:\/\/www.axiomeconcept.com\/?s={search_term_string}"},"query-input":{"@type":"PropertyValueSpecification","valueRequired":true,"valueName":"search_term_string"}}],"inLanguage":"es-ES"},{"@type":"Organization","@id":"https:\/\/www.axiomeconcept.com\/#organization","name":"Axiome Concept","alternateName":"Axiome","url":"https:\/\/www.axiomeconcept.com\/","logo":{"@type":"ImageObject","inLanguage":"es-ES","@id":"https:\/\/www.axiomeconcept.com\/#\/schema\/logo\/image\/","url":"https:\/\/www.axiomeconcept.com\/wp-content\/uploads\/2021\/10\/Axiome-Concept-C-noir-resize.png","contentUrl":"https:\/\/www.axiomeconcept.com\/wp-content\/uploads\/2021\/10\/Axiome-Concept-C-noir-resize.png","width":200,"height":195,"caption":"Axiome Concept"},"image":{"@id":"https:\/\/www.axiomeconcept.com\/#\/schema\/logo\/image\/"},"sameAs":["https:\/\/www.linkedin.com\/company\/axiome-concept\/"]}]}},"_links":{"self":[{"href":"https:\/\/www.axiomeconcept.com\/es\/wp-json\/wp\/v2\/pages\/2115","targetHints":{"allow":["GET"]}}],"collection":[{"href":"https:\/\/www.axiomeconcept.com\/es\/wp-json\/wp\/v2\/pages"}],"about":[{"href":"https:\/\/www.axiomeconcept.com\/es\/wp-json\/wp\/v2\/types\/page"}],"author":[{"embeddable":true,"href":"https:\/\/www.axiomeconcept.com\/es\/wp-json\/wp\/v2\/users\/1"}],"replies":[{"embeddable":true,"href":"https:\/\/www.axiomeconcept.com\/es\/wp-json\/wp\/v2\/comments?post=2115"}],"version-history":[{"count":6,"href":"https:\/\/www.axiomeconcept.com\/es\/wp-json\/wp\/v2\/pages\/2115\/revisions"}],"predecessor-version":[{"id":4517,"href":"https:\/\/www.axiomeconcept.com\/es\/wp-json\/wp\/v2\/pages\/2115\/revisions\/4517"}],"wp:attachment":[{"href":"https:\/\/www.axiomeconcept.com\/es\/wp-json\/wp\/v2\/media?parent=2115"}],"curies":[{"name":"wp","href":"https:\/\/api.w.org\/{rel}","templated":true}]}}