{"id":2105,"date":"2021-07-19T11:31:56","date_gmt":"2021-07-19T09:31:56","guid":{"rendered":"https:\/\/www.axiomeconcept.com\/?page_id=2105"},"modified":"2021-07-22T10:07:55","modified_gmt":"2021-07-22T08:07:55","slug":"control-acceso","status":"publish","type":"page","link":"https:\/\/www.axiomeconcept.com\/es\/control-acceso\/","title":{"rendered":"Control de Acceso"},"content":{"rendered":"<p>[et_pb_section fb_built=&#8221;1&#8243; _builder_version=&#8221;4.9.4&#8243; _module_preset=&#8221;default&#8221; background_color=&#8221;#62c2a2&#8243; transform_scale_tablet=&#8221;&#8221; transform_scale_phone=&#8221;&#8221; transform_scale_last_edited=&#8221;on|desktop&#8221; transform_translate_tablet=&#8221;0px|-13px&#8221; transform_translate_phone=&#8221;0px|-30px&#8221; transform_translate_last_edited=&#8221;on|phone&#8221; transform_translate_linked_tablet=&#8221;off&#8221; transform_rotate_tablet=&#8221;&#8221; transform_rotate_phone=&#8221;&#8221; transform_rotate_last_edited=&#8221;on|desktop&#8221; transform_skew_tablet=&#8221;&#8221; transform_skew_phone=&#8221;&#8221; transform_skew_last_edited=&#8221;on|desktop&#8221; transform_origin_tablet=&#8221;&#8221; transform_origin_phone=&#8221;&#8221; transform_origin_last_edited=&#8221;on|desktop&#8221; transform_styles_last_edited=&#8221;on|phone&#8221; width=&#8221;100%&#8221; height=&#8221;140px&#8221; max_height=&#8221;140px&#8221; hover_enabled=&#8221;0&#8243; transform_styles_tablet=&#8221;&#8221; transform_styles_phone=&#8221;&#8221; sticky_enabled=&#8221;0&#8243;][et_pb_row _builder_version=&#8221;4.8.1&#8243; _module_preset=&#8221;default&#8221; transform_translate=&#8221;0px|-50px&#8221; transform_translate_linked=&#8221;off&#8221;][et_pb_column type=&#8221;4_4&#8243; module_class=&#8221;breadcrumb&#8221; _builder_version=&#8221;4.8.1&#8243; _module_preset=&#8221;default&#8221;][divienhancer_breadcrumb delimiter=&#8221;%%20%%&#8221; module_class=&#8221;Breadcrumb&#8221; _builder_version=&#8221;4.8.1&#8243; _module_preset=&#8221;default&#8221;][\/divienhancer_breadcrumb][et_pb_text _builder_version=&#8221;4.9.4&#8243; _module_preset=&#8221;default&#8221; text_font=&#8221;Nanum Gothic|100|||||||&#8221; text_text_color=&#8221;#FFFFFF&#8221; header_text_color=&#8221;#FFFFFF&#8221; header_2_text_color=&#8221;#FFFFFF&#8221; transform_scale_tablet=&#8221;&#8221; transform_scale_phone=&#8221;&#8221; transform_scale_last_edited=&#8221;on|desktop&#8221; transform_translate_tablet=&#8221;&#8221; transform_translate_phone=&#8221;0px|-16px&#8221; transform_translate_last_edited=&#8221;on|desktop&#8221; transform_translate_linked_phone=&#8221;off&#8221; transform_rotate_tablet=&#8221;&#8221; transform_rotate_phone=&#8221;&#8221; transform_rotate_last_edited=&#8221;on|desktop&#8221; transform_skew_tablet=&#8221;&#8221; transform_skew_phone=&#8221;&#8221; transform_skew_last_edited=&#8221;on|desktop&#8221; transform_origin_tablet=&#8221;&#8221; transform_origin_phone=&#8221;&#8221; transform_origin_last_edited=&#8221;on|phone&#8221; transform_styles_last_edited=&#8221;on|phone&#8221; hover_enabled=&#8221;0&#8243; transform_styles_tablet=&#8221;&#8221; transform_styles_phone=&#8221;&#8221; sticky_enabled=&#8221;0&#8243;]<\/p>\n<h1 class=\"et_pb_module_header et-fb-editable-element et-fb-editable-element__editing\" data-shortcode-id=\"0.0-1611934362908\" data-quickaccess-id=\"title\" contenteditable=\"true\">CONTROL DE ACCESO<\/h1>\n<p>[\/et_pb_text][\/et_pb_column][\/et_pb_row][\/et_pb_section][et_pb_section fb_built=&#8221;1&#8243; _builder_version=&#8221;4.8.1&#8243; custom_padding=&#8221;10px||||false|false&#8221;][et_pb_row _builder_version=&#8221;4.8.1&#8243; _module_preset=&#8221;default&#8221;][et_pb_column type=&#8221;4_4&#8243; _builder_version=&#8221;4.8.1&#8243; _module_preset=&#8221;default&#8221;][et_pb_text _builder_version=&#8221;4.9.4&#8243; _module_preset=&#8221;default&#8221;]<\/p>\n<h4 style=\"text-align: center;\"><span style=\"color: #62c2a6;\"><strong>Le contr\u00f4le d\u2019acc\u00e8s est un syst\u00e8me de s\u00e9curit\u00e9, efficace, simple et \u00e9conomique. <\/strong><\/span><br \/><span style=\"color: #62c2a2;\"><strong><\/strong><\/span><\/h4>\n<h4 style=\"text-align: center;\"><span style=\"color: #62c2a2;\"><strong>Il permet de d\u00e9terminer qui a acc\u00e8s \u00e0 votre b\u00e2timent et \u00e0 quel moment.<\/strong><\/span><\/h4>\n<p>[\/et_pb_text][et_pb_text _builder_version=&#8221;4.9.4&#8243; _module_preset=&#8221;default&#8221;]<\/p>\n<p style=\"text-align: justify;\">Axiome Protech propose un syst\u00e8me de contr\u00f4le d\u2019acc\u00e8s avec une architecture porte \u00e0 porte. Fiable et \u00e9volutif, il s\u2019adapte \u00e0 votre environnement, r\u00e9pond aux besoins de chacun, vous pouvez ajouter des portes au fur et \u00e0 mesure que votre site s\u2019agrandit ou se transforme.<\/p>\n<p>[\/et_pb_text][\/et_pb_column][\/et_pb_row][et_pb_row column_structure=&#8221;1_2,1_2&#8243; _builder_version=&#8221;4.9.4&#8243; _module_preset=&#8221;default&#8221; background_color=&#8221;RGBA(0,0,0,0)&#8221; width=&#8221;auto&#8221; width_tablet=&#8221;80%&#8221; width_phone=&#8221;&#8221; width_last_edited=&#8221;on|phone&#8221; min_height=&#8221;230px&#8221; custom_margin=&#8221;-40px|auto|0px|auto|false|false&#8221; custom_margin_tablet=&#8221;80px||||false|false&#8221; custom_margin_phone=&#8221;-60px||0px||false|false&#8221; custom_margin_last_edited=&#8221;on|phone&#8221; custom_padding=&#8221;20px|20px|20px|20px|false|false&#8221;][et_pb_column type=&#8221;1_2&#8243; _builder_version=&#8221;4.8.1&#8243; _module_preset=&#8221;default&#8221;][et_pb_text _builder_version=&#8221;4.8.1&#8243; _module_preset=&#8221;default&#8221; min_height=&#8221;166px&#8221; custom_padding=&#8221;60px||0px|248px|false|false&#8221;]<\/p>\n<ul>\n<li>Autorisations d\u2019acc\u00e8s<\/li>\n<li>Rapports d\u2019utilisation<\/li>\n<li>Anti Pass-Back<\/li>\n<li>Gestion du calendrier<\/li>\n<li>Int\u00e9gration d\u2019alarme intrusion<\/li>\n<li>Confinement<\/li>\n<li>Programmation par secteur<\/li>\n<\/ul>\n<p>[\/et_pb_text][\/et_pb_column][et_pb_column type=&#8221;1_2&#8243; _builder_version=&#8221;4.8.1&#8243; _module_preset=&#8221;default&#8221;][et_pb_image src=&#8221;https:\/\/www.axiomeconcept.com\/wp-content\/uploads\/2021\/04\/016583-200&#215;300.jpg&#8221; title_text=&#8221;016583&#8243; _builder_version=&#8221;4.8.1&#8243; _module_preset=&#8221;default&#8221; width=&#8221;100%&#8221; max_width=&#8221;100%&#8221; min_height=&#8221;200px&#8221; custom_padding=&#8221;0px||0px|||&#8221;][\/et_pb_image][\/et_pb_column][\/et_pb_row][et_pb_row _builder_version=&#8221;4.8.1&#8243; _module_preset=&#8221;default&#8221;][et_pb_column type=&#8221;4_4&#8243; _builder_version=&#8221;4.8.1&#8243; _module_preset=&#8221;default&#8221;][et_pb_text _builder_version=&#8221;4.9.4&#8243; _module_preset=&#8221;default&#8221; custom_margin=&#8221;-44px|||||&#8221;]<\/p>\n<h4><strong><span style=\"color: #62c2a2;\">Gestion simple et centralis\u00e9e des droits d\u2019acc\u00e8s<\/span><\/strong><\/h4>\n<p>[\/et_pb_text][et_pb_text _builder_version=&#8221;4.8.1&#8243; _module_preset=&#8221;default&#8221; custom_margin=&#8221;-26px|||||&#8221; custom_padding=&#8221;0px|||||&#8221;]<\/p>\n<p style=\"text-align: justify;\">Nous vous proposons un contr\u00f4le d\u2019acc\u00e8s centralis\u00e9 administr\u00e9 depuis un ou plusieurs PC.<br \/>Il offre une administration centralis\u00e9e pour tous vos sites quelque soit leur taille.<br \/>Cr\u00e9ez des privil\u00e8ges d\u2019acc\u00e8s personnalis\u00e9s, pour un groupe d\u2019utilisateurs ou une personne, rapidement et facilement en utilisant notre logiciel intuitif. <br \/>Des rapports d\u2019\u00e9v\u00e9nements peuvent \u00eatre g\u00e9n\u00e9r\u00e9s en quelques clics.<\/p>\n<p>[\/et_pb_text][\/et_pb_column][\/et_pb_row][et_pb_row _builder_version=&#8221;4.8.1&#8243; _module_preset=&#8221;default&#8221;][et_pb_column type=&#8221;4_4&#8243; _builder_version=&#8221;4.8.1&#8243; _module_preset=&#8221;default&#8221;][et_pb_text _builder_version=&#8221;4.9.4&#8243; _module_preset=&#8221;default&#8221; min_height=&#8221;78.6px&#8221;]<\/p>\n<h4><strong><span style=\"color: #62c2a2;\">Contr\u00f4le d&#8217;acc\u00e8s int\u00e9gr\u00e9<\/span><\/strong><\/h4>\n<p>[\/et_pb_text][et_pb_text _builder_version=&#8221;4.8.1&#8243; _module_preset=&#8221;default&#8221; min_height=&#8221;170px&#8221; custom_margin=&#8221;-72px|||||&#8221; custom_padding=&#8221;0px|||||&#8221;]<\/p>\n<p style=\"text-align: justify;\">En plus des lecteurs sans contact, ou des claviers \u00e0 code, notre contr\u00f4le d\u2019acc\u00e8s peut se pr\u00e9senter sous forme d\u2019une poign\u00e9e int\u00e9gr\u00e9e \u00e0 votre porte.<\/p>\n<p style=\"text-align: justify;\">Aliment\u00e9e par batterie, l\u2019unit\u00e9 int\u00e9gr\u00e9e dans une poign\u00e9e combine un syst\u00e8me de contr\u00f4le d\u2019acc\u00e8s en r\u00e9seau avec une technologie sans fil s\u00e9curis\u00e9e et un lecteur de proximit\u00e9 \u00e9l\u00e9gant.<\/p>\n<p style=\"text-align: justify;\">Une solution id\u00e9ale pour les portes int\u00e9rieures car elle s\u2019appuie sur une technologie intelligente et sans fil. <br \/>Elle remplace ais\u00e9ment n\u2019importe quelle poign\u00e9e existante.<\/p>\n<p>[\/et_pb_text][\/et_pb_column][\/et_pb_row][et_pb_row column_structure=&#8221;1_2,1_2&#8243; _builder_version=&#8221;4.9.4&#8243; _module_preset=&#8221;default&#8221; background_color=&#8221;RGBA(0,0,0,0)&#8221; width=&#8221;auto&#8221; width_tablet=&#8221;80%&#8221; width_phone=&#8221;&#8221; width_last_edited=&#8221;on|phone&#8221; min_height=&#8221;232px&#8221; custom_margin=&#8221;-37px|auto|-74px|auto|false|false&#8221; custom_margin_tablet=&#8221;80px||||false|false&#8221; custom_margin_phone=&#8221;-60px||0px||false|false&#8221; custom_margin_last_edited=&#8221;on|phone&#8221; custom_padding=&#8221;20px|20px|20px|20px|false|false&#8221;][et_pb_column type=&#8221;1_2&#8243; _builder_version=&#8221;4.8.1&#8243; _module_preset=&#8221;default&#8221;][et_pb_text _builder_version=&#8221;4.8.1&#8243; _module_preset=&#8221;default&#8221; min_height=&#8221;236px&#8221; custom_margin=&#8221;-46px|||||&#8221; custom_padding=&#8221;57px||0px|174px|false|false&#8221;]<\/p>\n<ul>\n<li>Syst\u00e8me sans fil en ligne<\/li>\n<li>Gestion des batteries<\/li>\n<li>Batteries LRG facilement rempla\u00e7ables<\/li>\n<li>Communication assur\u00e9e par la technologie Net2air<\/li>\n<li>Version avec cl\u00e9 d\u2019ouverture manuelle<\/li>\n<li>Conception m\u00e9canique robuste<\/li>\n<\/ul>\n<p>[\/et_pb_text][\/et_pb_column][et_pb_column type=&#8221;1_2&#8243; _builder_version=&#8221;4.8.1&#8243; _module_preset=&#8221;default&#8221;][et_pb_image src=&#8221;https:\/\/www.axiomeconcept.com\/wp-content\/uploads\/2021\/04\/013555-150&#215;150.png&#8221; title_text=&#8221;013555&#8243; _builder_version=&#8221;4.8.1&#8243; _module_preset=&#8221;default&#8221; width=&#8221;100%&#8221; max_width=&#8221;100%&#8221; min_height=&#8221;200px&#8221; custom_padding=&#8221;0px||41px|||&#8221;][\/et_pb_image][\/et_pb_column][\/et_pb_row][et_pb_row _builder_version=&#8221;4.8.1&#8243; _module_preset=&#8221;default&#8221;][et_pb_column type=&#8221;4_4&#8243; _builder_version=&#8221;4.8.1&#8243; _module_preset=&#8221;default&#8221;][et_pb_text _builder_version=&#8221;4.9.4&#8243; _module_preset=&#8221;default&#8221; custom_margin=&#8221;-20px||29px|||&#8221;]<\/p>\n<h4><strong><span style=\"color: #62c2a2;\">Installation simple et rapide<\/span><\/strong><\/h4>\n<p>[\/et_pb_text][et_pb_text _builder_version=&#8221;4.8.1&#8243; _module_preset=&#8221;default&#8221; custom_margin=&#8221;-28px|||||&#8221;]<\/p>\n<p style=\"text-align: justify;\">Elle communique avec le PC serveur en utilisant la technologie Net2Air sur une passerelle sans fil. Elle ne n\u00e9cessite aucune connexion filaire aussi bien pour son alimentation que pour les communications avec le syst\u00e8me central.<br \/>Syst\u00e8me de gestion complet compatible avec carte MIFARE\u00ae.<\/p>\n<p>[\/et_pb_text][\/et_pb_column][\/et_pb_row][et_pb_row _builder_version=&#8221;4.8.1&#8243; _module_preset=&#8221;default&#8221;][et_pb_column type=&#8221;4_4&#8243; _builder_version=&#8221;4.8.1&#8243; _module_preset=&#8221;default&#8221;][et_pb_text _builder_version=&#8221;4.9.4&#8243; _module_preset=&#8221;default&#8221; custom_margin=&#8221;||29px|||&#8221;]<\/p>\n<h4><strong><span style=\"color: #62c2a2;\">Design \u00e9pur\u00e9<\/span><\/strong><\/h4>\n<p>[\/et_pb_text][et_pb_text _builder_version=&#8221;4.8.1&#8243; _module_preset=&#8221;default&#8221; custom_margin=&#8221;-29px|||||&#8221;]<\/p>\n<p style=\"text-align: justify;\">De conception originale et soign\u00e9e, nos \u00e9quipements se fondent parfaitement \u00e0 votre environnement pour cr\u00e9er un ensemble harmonieux. Un style moderne et \u00e9pur\u00e9 vous est propos\u00e9 dans toutes nos gammes de produits.<\/p>\n<p>[\/et_pb_text][\/et_pb_column][\/et_pb_row][et_pb_row column_structure=&#8221;1_2,1_2&#8243; _builder_version=&#8221;4.8.1&#8243; _module_preset=&#8221;default&#8221; min_height=&#8221;456px&#8221; custom_margin=&#8221;-69px|auto||auto||&#8221;][et_pb_column type=&#8221;1_2&#8243; _builder_version=&#8221;4.8.1&#8243; _module_preset=&#8221;default&#8221;][et_pb_image src=&#8221;https:\/\/www.axiomeconcept.com\/wp-content\/uploads\/2021\/04\/007111-155&#215;300.png&#8221; title_text=&#8221;007111&#8243; align=&#8221;center&#8221; _builder_version=&#8221;4.8.1&#8243; _module_preset=&#8221;default&#8221; custom_margin=&#8221;||53px|||&#8221;][\/et_pb_image][\/et_pb_column][et_pb_column type=&#8221;1_2&#8243; _builder_version=&#8221;4.8.1&#8243; _module_preset=&#8221;default&#8221;][et_pb_image src=&#8221;https:\/\/www.axiomeconcept.com\/wp-content\/uploads\/2021\/04\/sans-fond-300&#215;269.png&#8221; title_text=&#8221;sans fond&#8221; align=&#8221;center&#8221; _builder_version=&#8221;4.8.1&#8243; _module_preset=&#8221;default&#8221; custom_margin=&#8221;||53px|||&#8221;][\/et_pb_image][\/et_pb_column][\/et_pb_row][\/et_pb_section]<\/p>\n","protected":false},"excerpt":{"rendered":"<p><div class=\"et_pb_module  divienhancer_breadcrumb divienhancer_breadcrumb_0 Breadcrumb\">\n\t\t\t\t\n\t\t\t\t\n\t\t\t\t\n\t\t\t\t\n\t\t\t\t\n\t\t\t\t\n\t\t\t\t<div class=\"et_pb_module_inner\">\n\t\t\t\t\t<div class=\"de-breadcrumb de-crumb-basic\" data-order=\"divienhancer_breadcrumb_0\" data-background=\"#efefef\" data-backgroundhover=\"#00ff9d\"><a class=\"de-crumb-item\" href=\"https:\/\/www.axiomeconcept.com\/es\/\">Home<\/a> <span class=\"divienhancer-crumb-delimiter et-pb-icon\">&#x35;<\/span> <\/div>\n\t\t\t\t<\/div>\n\t\t\t<\/div>CONTROL DE ACCESOLe contr\u00f4le d\u2019acc\u00e8s est un syst\u00e8me de s\u00e9curit\u00e9, efficace, simple et \u00e9conomique. Il permet de d\u00e9terminer qui a acc\u00e8s \u00e0 votre b\u00e2timent et \u00e0 quel moment.Axiome Protech propose un syst\u00e8me de contr\u00f4le d\u2019acc\u00e8s avec une architecture porte \u00e0 porte. Fiable et \u00e9volutif, il s\u2019adapte \u00e0 votre environnement, r\u00e9pond aux [&hellip;]<\/p>\n","protected":false},"author":1,"featured_media":0,"parent":0,"menu_order":0,"comment_status":"closed","ping_status":"closed","template":"","meta":{"_et_pb_use_builder":"on","_et_pb_old_content":"","_et_gb_content_width":"","footnotes":""},"class_list":["post-2105","page","type-page","status-publish","hentry"],"yoast_head":"<!-- This site is optimized with the Yoast SEO plugin v27.2 - https:\/\/yoast.com\/product\/yoast-seo-wordpress\/ -->\n<title>Control de Acceso &#8211; axiomeconcept<\/title>\n<meta name=\"robots\" content=\"index, follow, max-snippet:-1, max-image-preview:large, max-video-preview:-1\" \/>\n<link rel=\"canonical\" href=\"https:\/\/www.axiomeconcept.com\/es\/control-acceso\/\" \/>\n<meta property=\"og:locale\" content=\"es_ES\" \/>\n<meta property=\"og:type\" content=\"article\" \/>\n<meta property=\"og:title\" content=\"Control de Acceso &#8211; axiomeconcept\" \/>\n<meta property=\"og:description\" content=\"CONTROL DE ACCESOLe contr\u00f4le d\u2019acc\u00e8s est un syst\u00e8me de s\u00e9curit\u00e9, efficace, simple et \u00e9conomique. Il permet de d\u00e9terminer qui a acc\u00e8s \u00e0 votre b\u00e2timent et \u00e0 quel moment.Axiome Protech propose un syst\u00e8me de contr\u00f4le d\u2019acc\u00e8s avec une architecture porte \u00e0 porte. Fiable et \u00e9volutif, il s\u2019adapte \u00e0 votre environnement, r\u00e9pond aux [&hellip;]\" \/>\n<meta property=\"og:url\" content=\"https:\/\/www.axiomeconcept.com\/es\/control-acceso\/\" \/>\n<meta property=\"og:site_name\" content=\"axiomeconcept\" \/>\n<meta property=\"article:modified_time\" content=\"2021-07-22T08:07:55+00:00\" \/>\n<meta property=\"og:image\" content=\"https:\/\/www.axiomeconcept.com\/wp-content\/uploads\/2021\/10\/Axiome-Concept-C-noir-resize.png\" \/>\n\t<meta property=\"og:image:width\" content=\"200\" \/>\n\t<meta property=\"og:image:height\" content=\"195\" \/>\n\t<meta property=\"og:image:type\" content=\"image\/png\" \/>\n<meta name=\"twitter:card\" content=\"summary_large_image\" \/>\n<meta name=\"twitter:label1\" content=\"Tiempo de lectura\" \/>\n\t<meta name=\"twitter:data1\" content=\"7 minutes\" \/>\n<script type=\"application\/ld+json\" class=\"yoast-schema-graph\">{\"@context\":\"https:\/\/schema.org\",\"@graph\":[{\"@type\":\"WebPage\",\"@id\":\"https:\/\/www.axiomeconcept.com\/es\/control-acceso\/\",\"url\":\"https:\/\/www.axiomeconcept.com\/es\/control-acceso\/\",\"name\":\"Control de Acceso &#8211; axiomeconcept\",\"isPartOf\":{\"@id\":\"https:\/\/www.axiomeconcept.com\/#website\"},\"datePublished\":\"2021-07-19T09:31:56+00:00\",\"dateModified\":\"2021-07-22T08:07:55+00:00\",\"breadcrumb\":{\"@id\":\"https:\/\/www.axiomeconcept.com\/es\/control-acceso\/#breadcrumb\"},\"inLanguage\":\"es-ES\",\"potentialAction\":[{\"@type\":\"ReadAction\",\"target\":[\"https:\/\/www.axiomeconcept.com\/es\/control-acceso\/\"]}]},{\"@type\":\"BreadcrumbList\",\"@id\":\"https:\/\/www.axiomeconcept.com\/es\/control-acceso\/#breadcrumb\",\"itemListElement\":[{\"@type\":\"ListItem\",\"position\":1,\"name\":\"Home\",\"item\":\"https:\/\/www.axiomeconcept.com\/\"},{\"@type\":\"ListItem\",\"position\":2,\"name\":\"Control de Acceso\"}]},{\"@type\":\"WebSite\",\"@id\":\"https:\/\/www.axiomeconcept.com\/#website\",\"url\":\"https:\/\/www.axiomeconcept.com\/\",\"name\":\"Axiome Concept\",\"description\":\"Superviser les \u00e9quipements techniques de votre infrastructure\",\"publisher\":{\"@id\":\"https:\/\/www.axiomeconcept.com\/#organization\"},\"alternateName\":\"Axiome\",\"potentialAction\":[{\"@type\":\"SearchAction\",\"target\":{\"@type\":\"EntryPoint\",\"urlTemplate\":\"https:\/\/www.axiomeconcept.com\/?s={search_term_string}\"},\"query-input\":{\"@type\":\"PropertyValueSpecification\",\"valueRequired\":true,\"valueName\":\"search_term_string\"}}],\"inLanguage\":\"es-ES\"},{\"@type\":\"Organization\",\"@id\":\"https:\/\/www.axiomeconcept.com\/#organization\",\"name\":\"Axiome Concept\",\"alternateName\":\"Axiome\",\"url\":\"https:\/\/www.axiomeconcept.com\/\",\"logo\":{\"@type\":\"ImageObject\",\"inLanguage\":\"es-ES\",\"@id\":\"https:\/\/www.axiomeconcept.com\/#\/schema\/logo\/image\/\",\"url\":\"https:\/\/www.axiomeconcept.com\/wp-content\/uploads\/2021\/10\/Axiome-Concept-C-noir-resize.png\",\"contentUrl\":\"https:\/\/www.axiomeconcept.com\/wp-content\/uploads\/2021\/10\/Axiome-Concept-C-noir-resize.png\",\"width\":200,\"height\":195,\"caption\":\"Axiome Concept\"},\"image\":{\"@id\":\"https:\/\/www.axiomeconcept.com\/#\/schema\/logo\/image\/\"},\"sameAs\":[\"https:\/\/www.linkedin.com\/company\/axiome-concept\/\"]}]}<\/script>\n<!-- \/ Yoast SEO plugin. -->","yoast_head_json":{"title":"Control de Acceso &#8211; axiomeconcept","robots":{"index":"index","follow":"follow","max-snippet":"max-snippet:-1","max-image-preview":"max-image-preview:large","max-video-preview":"max-video-preview:-1"},"canonical":"https:\/\/www.axiomeconcept.com\/es\/control-acceso\/","og_locale":"es_ES","og_type":"article","og_title":"Control de Acceso &#8211; axiomeconcept","og_description":"CONTROL DE ACCESOLe contr\u00f4le d\u2019acc\u00e8s est un syst\u00e8me de s\u00e9curit\u00e9, efficace, simple et \u00e9conomique. Il permet de d\u00e9terminer qui a acc\u00e8s \u00e0 votre b\u00e2timent et \u00e0 quel moment.Axiome Protech propose un syst\u00e8me de contr\u00f4le d\u2019acc\u00e8s avec une architecture porte \u00e0 porte. Fiable et \u00e9volutif, il s\u2019adapte \u00e0 votre environnement, r\u00e9pond aux [&hellip;]","og_url":"https:\/\/www.axiomeconcept.com\/es\/control-acceso\/","og_site_name":"axiomeconcept","article_modified_time":"2021-07-22T08:07:55+00:00","og_image":[{"width":200,"height":195,"url":"https:\/\/www.axiomeconcept.com\/wp-content\/uploads\/2021\/10\/Axiome-Concept-C-noir-resize.png","type":"image\/png"}],"twitter_card":"summary_large_image","twitter_misc":{"Tiempo de lectura":"7 minutes"},"schema":{"@context":"https:\/\/schema.org","@graph":[{"@type":"WebPage","@id":"https:\/\/www.axiomeconcept.com\/es\/control-acceso\/","url":"https:\/\/www.axiomeconcept.com\/es\/control-acceso\/","name":"Control de Acceso &#8211; axiomeconcept","isPartOf":{"@id":"https:\/\/www.axiomeconcept.com\/#website"},"datePublished":"2021-07-19T09:31:56+00:00","dateModified":"2021-07-22T08:07:55+00:00","breadcrumb":{"@id":"https:\/\/www.axiomeconcept.com\/es\/control-acceso\/#breadcrumb"},"inLanguage":"es-ES","potentialAction":[{"@type":"ReadAction","target":["https:\/\/www.axiomeconcept.com\/es\/control-acceso\/"]}]},{"@type":"BreadcrumbList","@id":"https:\/\/www.axiomeconcept.com\/es\/control-acceso\/#breadcrumb","itemListElement":[{"@type":"ListItem","position":1,"name":"Home","item":"https:\/\/www.axiomeconcept.com\/"},{"@type":"ListItem","position":2,"name":"Control de Acceso"}]},{"@type":"WebSite","@id":"https:\/\/www.axiomeconcept.com\/#website","url":"https:\/\/www.axiomeconcept.com\/","name":"Axiome Concept","description":"Superviser les \u00e9quipements techniques de votre infrastructure","publisher":{"@id":"https:\/\/www.axiomeconcept.com\/#organization"},"alternateName":"Axiome","potentialAction":[{"@type":"SearchAction","target":{"@type":"EntryPoint","urlTemplate":"https:\/\/www.axiomeconcept.com\/?s={search_term_string}"},"query-input":{"@type":"PropertyValueSpecification","valueRequired":true,"valueName":"search_term_string"}}],"inLanguage":"es-ES"},{"@type":"Organization","@id":"https:\/\/www.axiomeconcept.com\/#organization","name":"Axiome Concept","alternateName":"Axiome","url":"https:\/\/www.axiomeconcept.com\/","logo":{"@type":"ImageObject","inLanguage":"es-ES","@id":"https:\/\/www.axiomeconcept.com\/#\/schema\/logo\/image\/","url":"https:\/\/www.axiomeconcept.com\/wp-content\/uploads\/2021\/10\/Axiome-Concept-C-noir-resize.png","contentUrl":"https:\/\/www.axiomeconcept.com\/wp-content\/uploads\/2021\/10\/Axiome-Concept-C-noir-resize.png","width":200,"height":195,"caption":"Axiome Concept"},"image":{"@id":"https:\/\/www.axiomeconcept.com\/#\/schema\/logo\/image\/"},"sameAs":["https:\/\/www.linkedin.com\/company\/axiome-concept\/"]}]}},"_links":{"self":[{"href":"https:\/\/www.axiomeconcept.com\/es\/wp-json\/wp\/v2\/pages\/2105","targetHints":{"allow":["GET"]}}],"collection":[{"href":"https:\/\/www.axiomeconcept.com\/es\/wp-json\/wp\/v2\/pages"}],"about":[{"href":"https:\/\/www.axiomeconcept.com\/es\/wp-json\/wp\/v2\/types\/page"}],"author":[{"embeddable":true,"href":"https:\/\/www.axiomeconcept.com\/es\/wp-json\/wp\/v2\/users\/1"}],"replies":[{"embeddable":true,"href":"https:\/\/www.axiomeconcept.com\/es\/wp-json\/wp\/v2\/comments?post=2105"}],"version-history":[{"count":3,"href":"https:\/\/www.axiomeconcept.com\/es\/wp-json\/wp\/v2\/pages\/2105\/revisions"}],"predecessor-version":[{"id":4285,"href":"https:\/\/www.axiomeconcept.com\/es\/wp-json\/wp\/v2\/pages\/2105\/revisions\/4285"}],"wp:attachment":[{"href":"https:\/\/www.axiomeconcept.com\/es\/wp-json\/wp\/v2\/media?parent=2105"}],"curies":[{"name":"wp","href":"https:\/\/api.w.org\/{rel}","templated":true}]}}