{"id":2054,"date":"2021-07-19T11:33:02","date_gmt":"2021-07-19T09:33:02","guid":{"rendered":"https:\/\/www.axiomeconcept.com\/?page_id=2054"},"modified":"2022-01-18T10:51:46","modified_gmt":"2022-01-18T09:51:46","slug":"sanidad","status":"publish","type":"page","link":"https:\/\/www.axiomeconcept.com\/es\/sanidad\/","title":{"rendered":"Sanidad"},"content":{"rendered":"<p>[et_pb_section fb_built=&#8221;1&#8243; _builder_version=&#8221;4.8.1&#8243; _module_preset=&#8221;default&#8221; background_color=&#8221;#8fbc23&#8243; transform_scale_tablet=&#8221;&#8221; transform_scale_phone=&#8221;&#8221; transform_scale_last_edited=&#8221;on|desktop&#8221; transform_translate_tablet=&#8221;0px|-13px&#8221; transform_translate_phone=&#8221;0px|-30px&#8221; transform_translate_last_edited=&#8221;on|phone&#8221; transform_translate_linked_tablet=&#8221;off&#8221; transform_rotate_tablet=&#8221;&#8221; transform_rotate_phone=&#8221;&#8221; transform_rotate_last_edited=&#8221;on|desktop&#8221; transform_skew_tablet=&#8221;&#8221; transform_skew_phone=&#8221;&#8221; transform_skew_last_edited=&#8221;on|desktop&#8221; transform_origin_tablet=&#8221;&#8221; transform_origin_phone=&#8221;&#8221; transform_origin_last_edited=&#8221;on|desktop&#8221; transform_styles_last_edited=&#8221;on|phone&#8221; width=&#8221;100%&#8221; height=&#8221;140px&#8221; max_height=&#8221;140px&#8221; transform_styles_tablet=&#8221;&#8221; transform_styles_phone=&#8221;&#8221; global_colors_info=&#8221;{}&#8221;][et_pb_row admin_label=&#8221;Row&#8221; _builder_version=&#8221;4.8.1&#8243; _module_preset=&#8221;default&#8221; transform_translate=&#8221;0px|-50px&#8221; transform_translate_linked=&#8221;off&#8221; width_tablet=&#8221;&#8221; width_phone=&#8221;89%&#8221; width_last_edited=&#8221;on|phone&#8221; global_colors_info=&#8221;{}&#8221;][et_pb_column type=&#8221;4_4&#8243; module_class=&#8221;breadcrumb&#8221; _builder_version=&#8221;4.8.1&#8243; _module_preset=&#8221;default&#8221; global_colors_info=&#8221;{}&#8221;][divienhancer_breadcrumb delimiter=&#8221;&#x35;||divi||400&#8243; module_class=&#8221;Breadcrumb&#8221; _builder_version=&#8221;4.8.1&#8243; _module_preset=&#8221;default&#8221; global_colors_info=&#8221;{}&#8221;][\/divienhancer_breadcrumb][et_pb_text _builder_version=&#8221;4.9.11&#8243; _module_preset=&#8221;default&#8221; text_font=&#8221;Nanum Gothic|100|||||||&#8221; text_text_color=&#8221;#FFFFFF&#8221; header_text_color=&#8221;#FFFFFF&#8221; header_2_text_color=&#8221;#FFFFFF&#8221; transform_scale_tablet=&#8221;&#8221; transform_scale_phone=&#8221;&#8221; transform_scale_last_edited=&#8221;on|desktop&#8221; transform_translate_tablet=&#8221;&#8221; transform_translate_phone=&#8221;0px|-16px&#8221; transform_translate_last_edited=&#8221;on|desktop&#8221; transform_translate_linked_phone=&#8221;off&#8221; transform_rotate_tablet=&#8221;&#8221; transform_rotate_phone=&#8221;&#8221; transform_rotate_last_edited=&#8221;on|desktop&#8221; transform_skew_tablet=&#8221;&#8221; transform_skew_phone=&#8221;&#8221; transform_skew_last_edited=&#8221;on|desktop&#8221; transform_origin_tablet=&#8221;&#8221; transform_origin_phone=&#8221;&#8221; transform_origin_last_edited=&#8221;on|phone&#8221; transform_styles_last_edited=&#8221;on|phone&#8221; custom_margin_tablet=&#8221;&#8221; custom_margin_phone=&#8221;-11px||||false|false&#8221; custom_margin_last_edited=&#8221;on|phone&#8221; text_font_size_tablet=&#8221;&#8221; text_font_size_phone=&#8221;12px&#8221; text_font_size_last_edited=&#8221;on|phone&#8221; transform_styles_tablet=&#8221;&#8221; transform_styles_phone=&#8221;&#8221; global_colors_info=&#8221;{}&#8221;]<\/p>\n<h1>SANIDAD<\/h1>\n<p>[\/et_pb_text][\/et_pb_column][\/et_pb_row][\/et_pb_section][et_pb_section fb_built=&#8221;1&#8243; _builder_version=&#8221;4.8.1&#8243; _module_preset=&#8221;default&#8221; min_height=&#8221;455px&#8221; global_colors_info=&#8221;{}&#8221;][et_pb_row _builder_version=&#8221;4.8.1&#8243; _module_preset=&#8221;default&#8221; custom_padding=&#8221;0px|||||&#8221; global_colors_info=&#8221;{}&#8221;][et_pb_column type=&#8221;4_4&#8243; _builder_version=&#8221;4.8.1&#8243; _module_preset=&#8221;default&#8221; global_colors_info=&#8221;{}&#8221;][et_pb_text _builder_version=&#8221;4.9.11&#8243; _module_preset=&#8221;default&#8221; custom_padding=&#8221;8px||||false|false&#8221; global_colors_info=&#8221;{}&#8221;]<\/p>\n<p>Axiome Concept participa en la modernizaci\u00f3n de los establecimientos sanitarios ofreciendo la posibilidad de gestionar todo el equipamiento de un sitio de forma segura y centralizada. Los establecimientos de salud, lugares de descanso y cuidado, est\u00e1n cada vez m\u00e1s sujetos a la tecnolog\u00eda. Axiome Concept ha desarrollado soluciones adaptadas que satisfacen las necesidades espec\u00edficas del sector sanitario.<\/p>\n<p>&nbsp;<\/p>\n<h3><strong>Soluci\u00f3n para instalaciones sanitarias<\/strong><\/h3>\n<p>A menudo, los establecimientos sanitarios suelen estar equipados con diferentes equipos m\u00e9dicos, lo que dificulta su utilizaci\u00f3n. Con vistas a la asistencia y la armonizaci\u00f3n, el supervisor Axiome Concept permite una gesti\u00f3n homog\u00e9nea de todos los equipos en una \u00fanica interfaz.<\/p>\n<p>Con una amplia experiencia en supervisi\u00f3n y centralizaci\u00f3n, Axiome Concept le acompa\u00f1a en la implementaci\u00f3n de las diferentes soluciones dentro de sus establecimientos de atenci\u00f3n m\u00e9dica.<\/p>\n<p>Hemos desarrollado nuestras propias soluciones de software para satisfacer mejor las necesidades de los establecimientos sanitarios.\u00a0 Nuestras soluciones de software, una vez instaladas en los servidores del establecimiento, permitir\u00e1n la comunicaci\u00f3n entre los distintos equipos presentes en el sitio, centralizando su informaci\u00f3n y permitiendo alertar al personal sanitario cuando sea necesario.<\/p>\n<p>[\/et_pb_text][et_pb_text _builder_version=&#8221;4.9.11&#8243; _module_preset=&#8221;default&#8221; global_colors_info=&#8221;{}&#8221;]<\/p>\n<h3><strong><span class=\"strong\">Gesti\u00f3n multisistema y multimarca<\/span><\/strong><\/h3>\n<p><span class=\"strong\"><\/span><\/p>\n<p>Nuestros supervisores interact\u00faan con todos los sistemas presentes en su emplazamiento, sea cual sea su marca, referencia o generaci\u00f3n, luego los integran en una \u00fanica interfaz gr\u00e1fica para estandarizar y simplificar su uso. Independientemente del tipo de equipo, la recepci\u00f3n de alarmas y la ejecuci\u00f3n de comandos se realizan de manera id\u00e9ntica para el operador, lo que facilita la toma de control por parte del supervisor[\/et_pb_text][\/et_pb_column][\/et_pb_row][et_pb_row column_structure=&#8221;3_5,2_5&#8243; _builder_version=&#8221;4.8.1&#8243; _module_preset=&#8221;default&#8221; global_colors_info=&#8221;{}&#8221;][et_pb_column type=&#8221;3_5&#8243; _builder_version=&#8221;4.8.1&#8243; _module_preset=&#8221;default&#8221; global_colors_info=&#8221;{}&#8221;][et_pb_text _builder_version=&#8221;4.9.11&#8243; _module_preset=&#8221;default&#8221; global_colors_info=&#8221;{}&#8221;]<\/p>\n<h3><strong><span class=\"strong\">Manejo del respirador<\/span><\/strong><\/h3>\n<p>Nuestro sistema permite centralizar y supervisar las alarmas provenientes de los respiradores utilizados en la unidad de cuidados intensivos. Nuestro supervisor asigna respiradores al personal m\u00e9dico a trav\u00e9s de nuestra interfaz web. El personal de enfermer\u00eda recibe las alarmas directamente en su m\u00f3vil de guardia.\u00a0 Tambi\u00e9n se proporciona un sistema de escalada en caso de que el personal no responda, la alarma se env\u00eda al responsable y a una estaci\u00f3n centralizada.<\/p>\n<p>El sistema propuesto tambi\u00e9n permite priorizar las alarmas para tratar con prioridad los casos m\u00e1s urgentes. El objetivo de este sistema es evitar incidencias relacionadas con el mal funcionamiento de las alarmas de los dispositivos m\u00e9dicos. La buena gesti\u00f3n de las alarmas dentro del cuadro de vigilancia de los pacientes es responsabilidad de los profesionales sanitarios.<\/p>\n<p>Axiome Concept interviene para facilitar y optimizar la gesti\u00f3n de estas alarmas y, por tanto, ayudarle y apoyarle de la mejor forma posible en la atenci\u00f3n de sus pacientes<\/p>\n<p>[\/et_pb_text][et_pb_text _builder_version=&#8221;4.9.11&#8243; _module_preset=&#8221;default&#8221; custom_padding=&#8221;47px|||||&#8221; global_colors_info=&#8221;{}&#8221;]<\/p>\n<h3><strong>Gesti\u00f3n de video, interfon\u00eda y accesos<\/strong><\/h3>\n<p>Nuestras soluciones de supervisi\u00f3n combinan estos elementos para tener una visi\u00f3n general de la situaci\u00f3n y gestionar mejor los eventos.<\/p>\n<p>Por ejemplo, durante una llamada desde un acceso de entrada, el supervisor abre autom\u00e1ticamente el video asociado. Por lo tanto, el personal puede comunicarse con la persona, verla y enviar un comando al equipo (puerta de acceso), todo desde la misma interfaz gr\u00e1fica.<\/p>\n<p>[\/et_pb_text][et_pb_text _builder_version=&#8221;4.9.11&#8243; _module_preset=&#8221;default&#8221; custom_margin=&#8221;86px|||||&#8221; global_colors_info=&#8221;{}&#8221;]<\/p>\n<h3><strong><span class=\"strong\"><\/span><\/strong><\/h3>\n<h3><strong><span class=\"strong\"><\/span><\/strong><\/h3>\n<h3><strong><span class=\"strong\"><\/span><\/strong><\/h3>\n<h3><strong><span class=\"strong\"><\/span><\/strong><\/h3>\n<h3><strong><span class=\"strong\"><\/span><\/strong><\/h3>\n<h3><strong><span class=\"strong\"><\/span><\/strong><\/h3>\n<h3><strong><span class=\"strong\"><\/span><\/strong><\/h3>\n<h3><strong><span class=\"strong\"><\/span><\/strong><\/h3>\n<h3><strong><span class=\"strong\"><\/span><\/strong><\/h3>\n<h3><strong><span class=\"strong\"><\/span><\/strong><\/h3>\n<h3><strong><span class=\"strong\"><\/span><\/strong><\/h3>\n<h3><strong><span class=\"strong\"><\/span><\/strong><\/h3>\n<h3><strong><span class=\"strong\"><\/span><\/strong><\/h3>\n<h3><strong><span class=\"strong\">Sistema LPR para veh\u00edculos prioritarios<\/span><\/strong><\/h3>\n<p>Con el fin de agilizar y facilitar el acceso a veh\u00edculos prioritarios (ambulancias, bomberos), la supervisi\u00f3n de Axiome Concept interact\u00faa con numerosos sistemas de lectura de matr\u00edcula. Una vez que se hace referencia al veh\u00edculo prioritario en el sistema, tiene f\u00e1cil acceso a un \u00e1rea definida.<\/p>\n<p>En caso de lectura incorrecta de la matr\u00edcula, el operador puede modificar directamente la informaci\u00f3n de la placa de matr\u00edcula desde la interfaz de Axiome Concept. El operador tambi\u00e9n puede realizar una b\u00fasqueda de matr\u00edculas o recuperar una imagen de v\u00eddeo del veh\u00edculo.<\/p>\n<p>[\/et_pb_text][et_pb_text _builder_version=&#8221;4.9.11&#8243; _module_preset=&#8221;default&#8221; custom_margin=&#8221;-60px|||||&#8221; custom_padding=&#8221;130px|||||&#8221; global_colors_info=&#8221;{}&#8221;]<\/p>\n<h3><b>Asegurar \u00e1reas sensibles<\/b><\/h3>\n<p>Nuestros sistemas de videovigilancia permiten al supervisor tener el control de \u00e1reas sensibles y as\u00ed generar alarmas seg\u00fan un escenario predefinido.<\/p>\n<p>Nuestro sistema tambi\u00e9n permite la activaci\u00f3n de alarmas t\u00e9cnicas (aver\u00eda del equipo, sensor de temperatura, etc.)<\/p>\n<p>&nbsp;<\/p>\n<p>[\/et_pb_text][et_pb_text _builder_version=&#8221;4.9.11&#8243; _module_preset=&#8221;default&#8221; min_height=&#8221;101.4px&#8221; custom_padding=&#8221;126px||68px|||&#8221; global_colors_info=&#8221;{}&#8221;]<\/p>\n<h3><strong><span class=\"strong\">Gesti\u00f3n inteligente de la iluminaci\u00f3n<\/span><\/strong><\/h3>\n<p>Gracias a la detecci\u00f3n por sensores o mediante el an\u00e1lisis de v\u00eddeo, es posible controlar de forma inteligente la iluminaci\u00f3n desde el supervisor de Axiome Concept. M\u00e1s all\u00e1 de este control, es posible encender, apagar o definir la intensidad de iluminaci\u00f3n en determinadas zonas en funci\u00f3n de la presencia o ausencia de personas.<\/p>\n<p>[\/et_pb_text][\/et_pb_column][et_pb_column type=&#8221;2_5&#8243; _builder_version=&#8221;4.8.1&#8243; _module_preset=&#8221;default&#8221; global_colors_info=&#8221;{}&#8221;][et_pb_image src=&#8221;https:\/\/www.axiomeconcept.com\/wp-content\/uploads\/2022\/01\/respirateur-e1642499013420.png&#8221; title_text=&#8221;respirateur&#8221; _builder_version=&#8221;4.14.6&#8243; _module_preset=&#8221;default&#8221; min_height=&#8221;203.9px&#8221; custom_margin=&#8221;55px||35px|||&#8221; custom_padding=&#8221;16px|||||&#8221; hover_enabled=&#8221;0&#8243; global_colors_info=&#8221;{}&#8221; align=&#8221;center&#8221; sticky_enabled=&#8221;0&#8243;][\/et_pb_image][et_pb_image src=&#8221;https:\/\/www.axiomeconcept.com\/wp-content\/uploads\/2022\/01\/urgences.png&#8221; title_text=&#8221;urgences&#8221; _builder_version=&#8221;4.14.6&#8243; _module_preset=&#8221;default&#8221; module_alignment=&#8221;center&#8221; min_height=&#8221;100px&#8221; custom_margin=&#8221;||35px|||&#8221; custom_padding=&#8221;16px|||||&#8221; hover_enabled=&#8221;0&#8243; global_colors_info=&#8221;{}&#8221; sticky_enabled=&#8221;0&#8243;][\/et_pb_image][et_pb_image src=&#8221;https:\/\/www.axiomeconcept.com\/wp-content\/uploads\/2022\/01\/british-ambulance-parked-parking-lot-scaled.jpg&#8221; title_text=&#8221;British ambulance parked in a parking lot&#8221; _builder_version=&#8221;4.14.6&#8243; _module_preset=&#8221;default&#8221; custom_margin=&#8221;||35px|||&#8221; custom_padding=&#8221;16px|||||&#8221; hover_enabled=&#8221;0&#8243; global_colors_info=&#8221;{}&#8221; sticky_enabled=&#8221;0&#8243;][\/et_pb_image][et_pb_image src=&#8221;https:\/\/www.axiomeconcept.com\/wp-content\/uploads\/2022\/01\/interior-view-operating-room-scaled.jpg&#8221; title_text=&#8221;Interior view of operating room&#8221; _builder_version=&#8221;4.14.6&#8243; _module_preset=&#8221;default&#8221; hover_enabled=&#8221;0&#8243; global_colors_info=&#8221;{}&#8221; sticky_enabled=&#8221;0&#8243;][\/et_pb_image][et_pb_image src=&#8221;https:\/\/www.axiomeconcept.com\/wp-content\/uploads\/2022\/01\/empty-hospital-corridor-with-glass-doors-scaled.jpg&#8221; title_text=&#8221;Empty hospital corridor with glass doors&#8221; _builder_version=&#8221;4.14.6&#8243; _module_preset=&#8221;default&#8221; custom_padding=&#8221;28px|||||&#8221; hover_enabled=&#8221;0&#8243; global_colors_info=&#8221;{}&#8221; sticky_enabled=&#8221;0&#8243;][\/et_pb_image][\/et_pb_column][\/et_pb_row][\/et_pb_section]<\/p>\n","protected":false},"excerpt":{"rendered":"<p><div class=\"et_pb_module  divienhancer_breadcrumb divienhancer_breadcrumb_0 Breadcrumb\">\n\t\t\t\t\n\t\t\t\t\n\t\t\t\t\n\t\t\t\t\n\t\t\t\t\n\t\t\t\t\n\t\t\t\t<div class=\"et_pb_module_inner\">\n\t\t\t\t\t<div class=\"de-breadcrumb de-crumb-basic\" data-order=\"divienhancer_breadcrumb_0\" data-background=\"#efefef\" data-backgroundhover=\"#00ff9d\"><a class=\"de-crumb-item\" href=\"https:\/\/www.axiomeconcept.com\/es\/\">Home<\/a> <span class=\"divienhancer-crumb-delimiter et-pb-icon\">&#x35;<\/span> <\/div>\n\t\t\t\t<\/div>\n\t\t\t<\/div>SANIDADAxiome Concept participa en la modernizaci\u00f3n de los establecimientos sanitarios ofreciendo la posibilidad de gestionar todo el equipamiento de un sitio de forma segura y centralizada. Los establecimientos de salud, lugares de descanso y cuidado, est\u00e1n cada vez m\u00e1s sujetos a la tecnolog\u00eda. Axiome Concept ha desarrollado soluciones adaptadas que [&hellip;]<\/p>\n","protected":false},"author":1,"featured_media":0,"parent":0,"menu_order":0,"comment_status":"closed","ping_status":"closed","template":"","meta":{"_et_pb_use_builder":"on","_et_pb_old_content":"","_et_gb_content_width":"","footnotes":""},"class_list":["post-2054","page","type-page","status-publish","hentry"],"yoast_head":"<!-- This site is optimized with the Yoast SEO plugin v27.2 - https:\/\/yoast.com\/product\/yoast-seo-wordpress\/ -->\n<title>Sanidad &#8211; axiomeconcept<\/title>\n<meta name=\"robots\" content=\"index, follow, max-snippet:-1, max-image-preview:large, max-video-preview:-1\" \/>\n<link rel=\"canonical\" href=\"https:\/\/www.axiomeconcept.com\/sante\/\" \/>\n<meta property=\"og:locale\" content=\"es_ES\" \/>\n<meta property=\"og:type\" content=\"article\" \/>\n<meta property=\"og:title\" content=\"Sanidad &#8211; axiomeconcept\" \/>\n<meta property=\"og:description\" content=\"SANIDADAxiome Concept participa en la modernizaci\u00f3n de los establecimientos sanitarios ofreciendo la posibilidad de gestionar todo el equipamiento de un sitio de forma segura y centralizada. Los establecimientos de salud, lugares de descanso y cuidado, est\u00e1n cada vez m\u00e1s sujetos a la tecnolog\u00eda. Axiome Concept ha desarrollado soluciones adaptadas que [&hellip;]\" \/>\n<meta property=\"og:url\" content=\"https:\/\/www.axiomeconcept.com\/sante\/\" \/>\n<meta property=\"og:site_name\" content=\"axiomeconcept\" \/>\n<meta property=\"article:modified_time\" content=\"2022-01-18T09:51:46+00:00\" \/>\n<meta property=\"og:image\" content=\"https:\/\/www.axiomeconcept.com\/wp-content\/uploads\/2021\/10\/Axiome-Concept-C-noir-resize.png\" \/>\n\t<meta property=\"og:image:width\" content=\"200\" \/>\n\t<meta property=\"og:image:height\" content=\"195\" \/>\n\t<meta property=\"og:image:type\" content=\"image\/png\" \/>\n<meta name=\"twitter:card\" content=\"summary_large_image\" \/>\n<meta name=\"twitter:label1\" content=\"Tiempo de lectura\" \/>\n\t<meta name=\"twitter:data1\" content=\"7 minutes\" \/>\n<script type=\"application\/ld+json\" class=\"yoast-schema-graph\">{\"@context\":\"https:\/\/schema.org\",\"@graph\":[{\"@type\":\"WebPage\",\"@id\":\"https:\/\/www.axiomeconcept.com\/sante\/\",\"url\":\"https:\/\/www.axiomeconcept.com\/sante\/\",\"name\":\"Sanidad &#8211; axiomeconcept\",\"isPartOf\":{\"@id\":\"https:\/\/www.axiomeconcept.com\/#website\"},\"datePublished\":\"2021-07-19T09:33:02+00:00\",\"dateModified\":\"2022-01-18T09:51:46+00:00\",\"breadcrumb\":{\"@id\":\"https:\/\/www.axiomeconcept.com\/sante\/#breadcrumb\"},\"inLanguage\":\"es-ES\",\"potentialAction\":[{\"@type\":\"ReadAction\",\"target\":[\"https:\/\/www.axiomeconcept.com\/sante\/\"]}]},{\"@type\":\"BreadcrumbList\",\"@id\":\"https:\/\/www.axiomeconcept.com\/sante\/#breadcrumb\",\"itemListElement\":[{\"@type\":\"ListItem\",\"position\":1,\"name\":\"Home\",\"item\":\"https:\/\/www.axiomeconcept.com\/\"},{\"@type\":\"ListItem\",\"position\":2,\"name\":\"Sanidad\"}]},{\"@type\":\"WebSite\",\"@id\":\"https:\/\/www.axiomeconcept.com\/#website\",\"url\":\"https:\/\/www.axiomeconcept.com\/\",\"name\":\"Axiome Concept\",\"description\":\"Superviser les \u00e9quipements techniques de votre infrastructure\",\"publisher\":{\"@id\":\"https:\/\/www.axiomeconcept.com\/#organization\"},\"alternateName\":\"Axiome\",\"potentialAction\":[{\"@type\":\"SearchAction\",\"target\":{\"@type\":\"EntryPoint\",\"urlTemplate\":\"https:\/\/www.axiomeconcept.com\/?s={search_term_string}\"},\"query-input\":{\"@type\":\"PropertyValueSpecification\",\"valueRequired\":true,\"valueName\":\"search_term_string\"}}],\"inLanguage\":\"es-ES\"},{\"@type\":\"Organization\",\"@id\":\"https:\/\/www.axiomeconcept.com\/#organization\",\"name\":\"Axiome Concept\",\"alternateName\":\"Axiome\",\"url\":\"https:\/\/www.axiomeconcept.com\/\",\"logo\":{\"@type\":\"ImageObject\",\"inLanguage\":\"es-ES\",\"@id\":\"https:\/\/www.axiomeconcept.com\/#\/schema\/logo\/image\/\",\"url\":\"https:\/\/www.axiomeconcept.com\/wp-content\/uploads\/2021\/10\/Axiome-Concept-C-noir-resize.png\",\"contentUrl\":\"https:\/\/www.axiomeconcept.com\/wp-content\/uploads\/2021\/10\/Axiome-Concept-C-noir-resize.png\",\"width\":200,\"height\":195,\"caption\":\"Axiome Concept\"},\"image\":{\"@id\":\"https:\/\/www.axiomeconcept.com\/#\/schema\/logo\/image\/\"},\"sameAs\":[\"https:\/\/www.linkedin.com\/company\/axiome-concept\/\"]}]}<\/script>\n<!-- \/ Yoast SEO plugin. -->","yoast_head_json":{"title":"Sanidad &#8211; axiomeconcept","robots":{"index":"index","follow":"follow","max-snippet":"max-snippet:-1","max-image-preview":"max-image-preview:large","max-video-preview":"max-video-preview:-1"},"canonical":"https:\/\/www.axiomeconcept.com\/sante\/","og_locale":"es_ES","og_type":"article","og_title":"Sanidad &#8211; axiomeconcept","og_description":"SANIDADAxiome Concept participa en la modernizaci\u00f3n de los establecimientos sanitarios ofreciendo la posibilidad de gestionar todo el equipamiento de un sitio de forma segura y centralizada. Los establecimientos de salud, lugares de descanso y cuidado, est\u00e1n cada vez m\u00e1s sujetos a la tecnolog\u00eda. Axiome Concept ha desarrollado soluciones adaptadas que [&hellip;]","og_url":"https:\/\/www.axiomeconcept.com\/sante\/","og_site_name":"axiomeconcept","article_modified_time":"2022-01-18T09:51:46+00:00","og_image":[{"width":200,"height":195,"url":"https:\/\/www.axiomeconcept.com\/wp-content\/uploads\/2021\/10\/Axiome-Concept-C-noir-resize.png","type":"image\/png"}],"twitter_card":"summary_large_image","twitter_misc":{"Tiempo de lectura":"7 minutes"},"schema":{"@context":"https:\/\/schema.org","@graph":[{"@type":"WebPage","@id":"https:\/\/www.axiomeconcept.com\/sante\/","url":"https:\/\/www.axiomeconcept.com\/sante\/","name":"Sanidad &#8211; axiomeconcept","isPartOf":{"@id":"https:\/\/www.axiomeconcept.com\/#website"},"datePublished":"2021-07-19T09:33:02+00:00","dateModified":"2022-01-18T09:51:46+00:00","breadcrumb":{"@id":"https:\/\/www.axiomeconcept.com\/sante\/#breadcrumb"},"inLanguage":"es-ES","potentialAction":[{"@type":"ReadAction","target":["https:\/\/www.axiomeconcept.com\/sante\/"]}]},{"@type":"BreadcrumbList","@id":"https:\/\/www.axiomeconcept.com\/sante\/#breadcrumb","itemListElement":[{"@type":"ListItem","position":1,"name":"Home","item":"https:\/\/www.axiomeconcept.com\/"},{"@type":"ListItem","position":2,"name":"Sanidad"}]},{"@type":"WebSite","@id":"https:\/\/www.axiomeconcept.com\/#website","url":"https:\/\/www.axiomeconcept.com\/","name":"Axiome Concept","description":"Superviser les \u00e9quipements techniques de votre infrastructure","publisher":{"@id":"https:\/\/www.axiomeconcept.com\/#organization"},"alternateName":"Axiome","potentialAction":[{"@type":"SearchAction","target":{"@type":"EntryPoint","urlTemplate":"https:\/\/www.axiomeconcept.com\/?s={search_term_string}"},"query-input":{"@type":"PropertyValueSpecification","valueRequired":true,"valueName":"search_term_string"}}],"inLanguage":"es-ES"},{"@type":"Organization","@id":"https:\/\/www.axiomeconcept.com\/#organization","name":"Axiome Concept","alternateName":"Axiome","url":"https:\/\/www.axiomeconcept.com\/","logo":{"@type":"ImageObject","inLanguage":"es-ES","@id":"https:\/\/www.axiomeconcept.com\/#\/schema\/logo\/image\/","url":"https:\/\/www.axiomeconcept.com\/wp-content\/uploads\/2021\/10\/Axiome-Concept-C-noir-resize.png","contentUrl":"https:\/\/www.axiomeconcept.com\/wp-content\/uploads\/2021\/10\/Axiome-Concept-C-noir-resize.png","width":200,"height":195,"caption":"Axiome Concept"},"image":{"@id":"https:\/\/www.axiomeconcept.com\/#\/schema\/logo\/image\/"},"sameAs":["https:\/\/www.linkedin.com\/company\/axiome-concept\/"]}]}},"_links":{"self":[{"href":"https:\/\/www.axiomeconcept.com\/es\/wp-json\/wp\/v2\/pages\/2054","targetHints":{"allow":["GET"]}}],"collection":[{"href":"https:\/\/www.axiomeconcept.com\/es\/wp-json\/wp\/v2\/pages"}],"about":[{"href":"https:\/\/www.axiomeconcept.com\/es\/wp-json\/wp\/v2\/types\/page"}],"author":[{"embeddable":true,"href":"https:\/\/www.axiomeconcept.com\/es\/wp-json\/wp\/v2\/users\/1"}],"replies":[{"embeddable":true,"href":"https:\/\/www.axiomeconcept.com\/es\/wp-json\/wp\/v2\/comments?post=2054"}],"version-history":[{"count":9,"href":"https:\/\/www.axiomeconcept.com\/es\/wp-json\/wp\/v2\/pages\/2054\/revisions"}],"predecessor-version":[{"id":8783,"href":"https:\/\/www.axiomeconcept.com\/es\/wp-json\/wp\/v2\/pages\/2054\/revisions\/8783"}],"wp:attachment":[{"href":"https:\/\/www.axiomeconcept.com\/es\/wp-json\/wp\/v2\/media?parent=2054"}],"curies":[{"name":"wp","href":"https:\/\/api.w.org\/{rel}","templated":true}]}}