{"id":2050,"date":"2021-07-19T11:31:58","date_gmt":"2021-07-19T09:31:58","guid":{"rendered":"https:\/\/www.axiomeconcept.com\/?page_id=2050"},"modified":"2023-04-26T17:11:57","modified_gmt":"2023-04-26T15:11:57","slug":"axiome-protech","status":"publish","type":"page","link":"https:\/\/www.axiomeconcept.com\/es\/axiome-protech\/","title":{"rendered":"Axiome Protech &#8211; Instalador de Equipos"},"content":{"rendered":"<p>[et_pb_section fb_built=&#8221;1&#8243; _builder_version=&#8221;4.16&#8243; _module_preset=&#8221;default&#8221; background_color=&#8221;#62c2a2&#8243; transform_scale_tablet=&#8221;&#8221; transform_scale_phone=&#8221;&#8221; transform_scale_last_edited=&#8221;on|desktop&#8221; transform_translate_tablet=&#8221;0px|-13px&#8221; transform_translate_phone=&#8221;0px|-30px&#8221; transform_translate_last_edited=&#8221;on|phone&#8221; transform_translate_linked_tablet=&#8221;off&#8221; transform_rotate_tablet=&#8221;&#8221; transform_rotate_phone=&#8221;&#8221; transform_rotate_last_edited=&#8221;on|desktop&#8221; transform_skew_tablet=&#8221;&#8221; transform_skew_phone=&#8221;&#8221; transform_skew_last_edited=&#8221;on|desktop&#8221; transform_origin_tablet=&#8221;&#8221; transform_origin_phone=&#8221;&#8221; transform_origin_last_edited=&#8221;on|desktop&#8221; transform_styles_last_edited=&#8221;on|phone&#8221; width=&#8221;100%&#8221; height=&#8221;140px&#8221; max_height=&#8221;140px&#8221; transform_styles_tablet=&#8221;&#8221; transform_styles_phone=&#8221;&#8221; global_colors_info=&#8221;{}&#8221;][et_pb_row _builder_version=&#8221;4.16&#8243; _module_preset=&#8221;default&#8221; transform_translate=&#8221;0px|-50px&#8221; transform_translate_linked=&#8221;off&#8221; width_tablet=&#8221;&#8221; width_phone=&#8221;92%&#8221; width_last_edited=&#8221;on|phone&#8221; max_width_tablet=&#8221;&#8221; max_width_phone=&#8221;&#8221; max_width_last_edited=&#8221;on|phone&#8221; global_colors_info=&#8221;{}&#8221;][et_pb_column type=&#8221;4_4&#8243; module_class=&#8221;breadcrumb&#8221; _builder_version=&#8221;4.16&#8243; _module_preset=&#8221;default&#8221; global_colors_info=&#8221;{}&#8221;][divienhancer_breadcrumb delimiter=&#8221;&#x35;||divi||400&#8243; module_class=&#8221;Breadcrumb&#8221; _builder_version=&#8221;4.16&#8243; _module_preset=&#8221;default&#8221; global_colors_info=&#8221;{}&#8221;][\/divienhancer_breadcrumb][et_pb_text _builder_version=&#8221;4.16&#8243; _module_preset=&#8221;default&#8221; text_font=&#8221;Nanum Gothic|100|||||||&#8221; text_text_color=&#8221;#FFFFFF&#8221; header_text_color=&#8221;#FFFFFF&#8221; header_2_text_color=&#8221;#FFFFFF&#8221; transform_scale_tablet=&#8221;&#8221; transform_scale_phone=&#8221;&#8221; transform_scale_last_edited=&#8221;on|desktop&#8221; transform_translate_tablet=&#8221;&#8221; transform_translate_phone=&#8221;0px|-16px&#8221; transform_translate_last_edited=&#8221;on|desktop&#8221; transform_translate_linked_phone=&#8221;off&#8221; transform_rotate_tablet=&#8221;&#8221; transform_rotate_phone=&#8221;&#8221; transform_rotate_last_edited=&#8221;on|desktop&#8221; transform_skew_tablet=&#8221;&#8221; transform_skew_phone=&#8221;&#8221; transform_skew_last_edited=&#8221;on|desktop&#8221; transform_origin_tablet=&#8221;&#8221; transform_origin_phone=&#8221;&#8221; transform_origin_last_edited=&#8221;on|phone&#8221; transform_styles_last_edited=&#8221;on|phone&#8221; transform_styles_tablet=&#8221;&#8221; transform_styles_phone=&#8221;&#8221; global_colors_info=&#8221;{}&#8221;]<\/p>\n<h1>AXIOME PROTECH &#8211; INSTALACION DE EQUIPOS<\/h1>\n<p>[\/et_pb_text][\/et_pb_column][\/et_pb_row][\/et_pb_section][et_pb_section fb_built=&#8221;1&#8243; _builder_version=&#8221;4.16&#8243; custom_padding=&#8221;10px||||false|false&#8221; global_colors_info=&#8221;{}&#8221;][et_pb_row column_structure=&#8221;1_2,1_2&#8243; _builder_version=&#8221;4.16&#8243; _module_preset=&#8221;default&#8221; width=&#8221;83%&#8221; max_width=&#8221;1153px&#8221; custom_margin=&#8221;-22px||-30px||false|false&#8221; custom_padding=&#8221;28px||0px||false|false&#8221; global_colors_info=&#8221;{}&#8221;][et_pb_column type=&#8221;1_2&#8243; _builder_version=&#8221;4.16&#8243; _module_preset=&#8221;default&#8221; global_colors_info=&#8221;{}&#8221;][et_pb_text _builder_version=&#8221;4.16&#8243; _module_preset=&#8221;default&#8221; custom_margin=&#8221;-33px|||||&#8221; custom_padding=&#8221;50px||||false|false&#8221; global_colors_info=&#8221;{}&#8221;]<\/p>\n<h2>Equiparle, nuestro trabajo<\/h2>\n<p>Axiome Protech distribuye productos de seguridad y protecci\u00f3n. Por ejemplo, el Grupo est\u00e1 decidido a fortalecer su oferta mediante la presentaci\u00f3n de productos que se integran en su herramienta de supervisi\u00f3n.<\/p>\n<p>Axiome Protech pone a su disposici\u00f3n su experiencia para aconsejarle y proponerle productos adaptados a sus necesidades y a su explotaci\u00f3n.<br \/>El v\u00eddeo, el control de acceso, la interfon\u00eda, los bolardos autom\u00e1ticos, la megafon\u00eda son otros tantos elementos que proponemos instalar e integrar en una soluci\u00f3n global destinada a mejorar las condiciones de explotaci\u00f3n de un emplazamiento.<\/p>\n<p>[\/et_pb_text][\/et_pb_column][et_pb_column type=&#8221;1_2&#8243; _builder_version=&#8221;4.16&#8243; _module_preset=&#8221;default&#8221; global_colors_info=&#8221;{}&#8221;][et_pb_image src=&#8221;https:\/\/www.axiomeconcept.com\/wp-content\/uploads\/2021\/06\/protech_groupe-1.jpg&#8221; title_text=&#8221;protech_groupe&#8221; _builder_version=&#8221;4.16&#8243; _module_preset=&#8221;default&#8221; global_colors_info=&#8221;{}&#8221;][\/et_pb_image][\/et_pb_column][\/et_pb_row][et_pb_row column_structure=&#8221;3_4,1_4&#8243; _builder_version=&#8221;4.16&#8243; _module_preset=&#8221;default&#8221; custom_padding=&#8221;97px|||||&#8221; global_colors_info=&#8221;{}&#8221;][et_pb_column type=&#8221;3_4&#8243; _builder_version=&#8221;4.16&#8243; _module_preset=&#8221;default&#8221; global_colors_info=&#8221;{}&#8221;][et_pb_text _builder_version=&#8221;4.16&#8243; _module_preset=&#8221;default&#8221; global_colors_info=&#8221;{}&#8221;]<\/p>\n<h2>Otra gama de productos<\/h2>\n<p>[\/et_pb_text][et_pb_text _builder_version=&#8221;4.16&#8243; _module_preset=&#8221;default&#8221; global_colors_info=&#8221;{}&#8221;]<\/p>\n<p style=\"text-align: justify;\"><strong>Sistema de guiado \/ Spot control<\/strong><\/p>\n<ul>\n<li>Identificaci\u00f3n del veh\u00edculo por su n\u00famero de matr\u00edcula<\/li>\n<li>Videovigilancia de cada plaza<\/li>\n<li>Sensor todo en uno con LAPI integrado<\/li>\n<li style=\"text-align: justify;\">Detecci\u00f3n m\u00faltiple de plazas<br \/>\n<span style=\"color: #33cccc;\"><a href=\"https:\/\/www.axiomeconcept.com\/spot-control\/\" target=\"_blank\" rel=\"noopener\" style=\"color: #62c2a2;\">Ver la p\u00e1gina del producto<\/a><\/span><\/li>\n<\/ul>\n<p>&nbsp;[\/et_pb_text][et_pb_text _builder_version=&#8221;4.16&#8243; _module_preset=&#8221;default&#8221; custom_margin=&#8221;-33px|||||&#8221; custom_padding=&#8221;||0px|||&#8221; global_colors_info=&#8221;{}&#8221;]<\/p>\n<p style=\"text-align: justify;\"><strong>Lectura de la matr\u00edcula<\/strong><\/p>\n<ul>\n<li style=\"text-align: justify;\">Todo en uno<\/li>\n<li>Adaptaci\u00f3n inteligente de la iluminaci\u00f3n<\/li>\n<li>Reconocimiento internacional.<\/li>\n<li style=\"text-align: justify;\">Reconocimiento del color de la placa<br \/>\n<span style=\"color: #00ffff;\"><a href=\"https:\/\/www.axiomeconcept.com\/smart-lpr\/\" target=\"_blank\" rel=\"noopener\" style=\"color: #62c2a2;\">Ver la p\u00e1gina del producto<\/a><\/span><\/li>\n<\/ul>\n<p>[\/et_pb_text][et_pb_text _builder_version=&#8221;4.16&#8243; _module_preset=&#8221;default&#8221; global_colors_info=&#8221;{}&#8221;]<\/p>\n<p><strong>Bolardo escamoteable autom\u00e1tico \/ Barrera \u00a0<\/strong><\/p>\n<ul>\n<li>Grupo hidr\u00e1ulico con cilindro integrado en el bolardo<\/li>\n<li>Corona con tira de LED de serie<\/li>\n<li>Detiene un veh\u00edculo de 1,5 toneladas lanzado a 50 km\/h<\/li>\n<li>Bolardo versi\u00f3n acero inoxidable o acero<\/li>\n<li>Barrera de elevaci\u00f3n<\/li>\n<li>Delimitaci\u00f3n de espacios y control de accesos<br \/><a href=\"https:\/\/www.axiomeconcept.com\/borne-de-securite\/\" target=\"_blank\" rel=\"noopener\"><span style=\"color: #62c2a2;\"><em>Ver la p\u00e1gina del producto<\/em><\/span><\/a><\/li>\n<\/ul>\n<p>[\/et_pb_text][et_pb_text _builder_version=&#8221;4.16&#8243; _module_preset=&#8221;default&#8221; min_height=&#8221;144.2px&#8221; global_colors_info=&#8221;{}&#8221;]<\/p>\n<p style=\"text-align: justify;\"><strong>Videovigilancia<\/strong><\/p>\n<ul>\n<li style=\"text-align: justify;\">Gama IP<\/li>\n<li style=\"text-align: justify;\">Gama anal\u00f3gica<\/li>\n<li style=\"text-align: justify;\">C\u00e1mara panor\u00e1mica, t\u00e9rmica, 4k, anticorrosi\u00f3n<\/li>\n<li style=\"text-align: justify;\">Darkfighter<br \/><span style=\"color: #00ff00;\"><a href=\"https:\/\/www.axiomeconcept.com\/camera\/\" target=\"_blank\" rel=\"noopener\" style=\"color: #62c2a2;\">Ver la p\u00e1gina del producto<\/a><\/span><\/li>\n<\/ul>\n<p>[\/et_pb_text][et_pb_text _builder_version=&#8221;4.16&#8243; _module_preset=&#8221;default&#8221; global_colors_info=&#8221;{}&#8221;]<\/p>\n<p style=\"text-align: justify;\"><strong>Control de acceso<\/strong><\/p>\n<ul>\n<li style=\"text-align: justify;\">Determine qui\u00e9n tiene acceso a su edificio y cu\u00e1ndo<\/li>\n<li style=\"text-align: justify;\">Gesti\u00f3n simple y centralizada de derechos de acceso<br \/><span style=\"color: #3366ff;\"><a href=\"https:\/\/www.axiomeconcept.com\/controle-dacces\/\" target=\"_blank\" rel=\"noopener\" style=\"color: #62c2a2;\">Ver la p\u00e1gina del producto<\/a><\/span><\/li>\n<\/ul>\n<p>[\/et_pb_text][et_pb_text _builder_version=&#8221;4.16&#8243; _module_preset=&#8221;default&#8221; custom_margin=&#8221;23px|||||&#8221; global_colors_info=&#8221;{}&#8221;]<strong>Estaci\u00f3n de carga de veh\u00edculos el\u00e9ctricos VE<\/strong><\/p>\n<ul>\n<li>Estad\u00edsticas de uso <\/li>\n<li>Control de costes de energ\u00eda<\/li>\n<li>Sistema de precios de servicio controlado<\/li>\n<li>Disponibilidad y caracter\u00edsticas de las plazas<\/li>\n<li>De 3 \u00e0 22 kW<br \/>\n<span style=\"color: #33cccc;\"><a href=\"https:\/\/www.axiomeconcept.com\/borne-de-charge\/\" target=\"_blank\" rel=\"noopener\" style=\"color: #62c2a2;\">Ver la p\u00e1gina del producto<\/a><\/span><\/li>\n<\/ul>\n<p>[\/et_pb_text][et_pb_text _builder_version=&#8221;4.16&#8243; _module_preset=&#8221;default&#8221; custom_margin=&#8221;-10px|||||&#8221; custom_padding=&#8221;0px|||||&#8221; global_colors_info=&#8221;{}&#8221;]<strong>Sistema de audio<\/strong><\/p>\n<ul>\n<li>Alarma de voz de megafon\u00eda<\/li>\n<li>Audio sobre IP<\/li>\n<li>Amplificadores<\/li>\n<li>Soluciones ac\u00fasticas inteligentes<\/li>\n<li>Altavoces<\/li>\n<\/ul>\n<p>[\/et_pb_text][\/et_pb_column][et_pb_column type=&#8221;1_4&#8243; _builder_version=&#8221;4.16&#8243; _module_preset=&#8221;default&#8221; global_colors_info=&#8221;{}&#8221;][et_pb_text _builder_version=&#8221;4.16&#8243; _module_preset=&#8221;default&#8221; custom_margin=&#8221;||55px|||&#8221; custom_padding=&#8221;||2px|||&#8221; global_colors_info=&#8221;{}&#8221;]<\/p>\n<p>&nbsp;<\/p>\n<p>[\/et_pb_text][et_pb_image src=&#8221;https:\/\/www.axiomeconcept.com\/wp-content\/uploads\/2021\/04\/guidage-300&#215;141.png&#8221; title_text=&#8221;guidage&#8221; _builder_version=&#8221;4.16&#8243; _module_preset=&#8221;default&#8221; width=&#8221;100%&#8221; min_height=&#8221;63.3px&#8221; custom_margin=&#8221;88px||113px|-67px||&#8221; custom_padding=&#8221;||73px|||&#8221; global_colors_info=&#8221;{}&#8221;][\/et_pb_image][et_pb_image src=&#8221;https:\/\/www.axiomeconcept.com\/wp-content\/uploads\/2021\/07\/Plage-dicones-new_Plan-de-travail-1-copie-9-1.png&#8221; title_text=&#8221;Plage d&#8217;ic\u00f4nes new_Plan de travail 1 copie 9&#8243; _builder_version=&#8221;4.16&#8243; _module_preset=&#8221;default&#8221; min_height=&#8221;181px&#8221; custom_margin=&#8221;-129px|||-72px||&#8221; custom_padding=&#8221;3px|62px||0px||&#8221; global_colors_info=&#8221;{}&#8221;][\/et_pb_image][et_pb_image src=&#8221;https:\/\/www.axiomeconcept.com\/wp-content\/uploads\/2021\/07\/Plage-dicones-new-33.png&#8221; title_text=&#8221;Plage d&#8217;ic\u00f4nes new-33&#8243; _builder_version=&#8221;4.16&#8243; _module_preset=&#8221;default&#8221; width=&#8221;109.7%&#8221; min_height=&#8221;127px&#8221; custom_margin=&#8221;54px|||-51px||&#8221; custom_padding=&#8221;|||0px||&#8221; global_colors_info=&#8221;{}&#8221;][\/et_pb_image][et_pb_image src=&#8221;https:\/\/www.axiomeconcept.com\/wp-content\/uploads\/2021\/06\/camera_3_Plan-de-travail-1-copie-30.png&#8221; title_text=&#8221;camera_3_Plan de travail 1 copie 30&#8243; _builder_version=&#8221;4.16&#8243; _module_preset=&#8221;default&#8221; width=&#8221;107.6%&#8221; custom_margin=&#8221;68px|||-47px||&#8221; custom_padding=&#8221;|33px||||&#8221; global_colors_info=&#8221;{}&#8221;][\/et_pb_image][et_pb_image src=&#8221;https:\/\/www.axiomeconcept.com\/wp-content\/uploads\/2021\/06\/controle_acces_1_Plan-de-travail-1-copie-18-150&#215;150.png&#8221; title_text=&#8221;controle_acces_1_Plan de travail 1 copie 18&#8243; _builder_version=&#8221;4.16&#8243; _module_preset=&#8221;default&#8221; custom_margin=&#8221;-30px|22px||-43px||&#8221; custom_padding=&#8221;|||35px||&#8221; global_colors_info=&#8221;{}&#8221;][\/et_pb_image][et_pb_image src=&#8221;https:\/\/www.axiomeconcept.com\/wp-content\/uploads\/2021\/06\/borne_1_Plan-de-travail-1-150&#215;150.png&#8221; title_text=&#8221;borne_1_Plan de travail 1&#8243; _builder_version=&#8221;4.16&#8243; _module_preset=&#8221;default&#8221; min_height=&#8221;168px&#8221; custom_margin=&#8221;||45px|-60px||&#8221; custom_padding=&#8221;|||52px||&#8221; global_colors_info=&#8221;{}&#8221;][\/et_pb_image][et_pb_image src=&#8221;https:\/\/www.axiomeconcept.com\/wp-content\/uploads\/2021\/06\/sonorisation_1_Plan-de-travail-1-copie-13-150&#215;150.png&#8221; title_text=&#8221;sonorisation_1_Plan de travail 1 copie 13&#8243; _builder_version=&#8221;4.16&#8243; _module_preset=&#8221;default&#8221; min_height=&#8221;92px&#8221; custom_margin=&#8221;28px|26px||3px||&#8221; custom_padding=&#8221;|40px||0px||&#8221; global_colors_info=&#8221;{}&#8221;][\/et_pb_image][\/et_pb_column][\/et_pb_row][\/et_pb_section]<\/p>\n","protected":false},"excerpt":{"rendered":"<p><div class=\"et_pb_module  divienhancer_breadcrumb divienhancer_breadcrumb_0 Breadcrumb\">\n\t\t\t\t\n\t\t\t\t\n\t\t\t\t\n\t\t\t\t\n\t\t\t\t\n\t\t\t\t\n\t\t\t\t<div class=\"et_pb_module_inner\">\n\t\t\t\t\t<div class=\"de-breadcrumb de-crumb-basic\" data-order=\"divienhancer_breadcrumb_0\" data-background=\"#efefef\" data-backgroundhover=\"#00ff9d\"><a class=\"de-crumb-item\" href=\"https:\/\/www.axiomeconcept.com\/es\/\">Home<\/a> <span class=\"divienhancer-crumb-delimiter et-pb-icon\">&#x35;<\/span> <\/div>\n\t\t\t\t<\/div>\n\t\t\t<\/div>AXIOME PROTECH &#8211; INSTALACION DE EQUIPOSEquiparle, nuestro trabajo Axiome Protech distribuye productos de seguridad y protecci\u00f3n. Por ejemplo, el Grupo est\u00e1 decidido a fortalecer su oferta mediante la presentaci\u00f3n de productos que se integran en su herramienta de supervisi\u00f3n. Axiome Protech pone a su disposici\u00f3n su experiencia para aconsejarle y [&hellip;]<\/p>\n","protected":false},"author":1,"featured_media":0,"parent":0,"menu_order":0,"comment_status":"closed","ping_status":"closed","template":"","meta":{"_et_pb_use_builder":"on","_et_pb_old_content":"","_et_gb_content_width":"","footnotes":""},"class_list":["post-2050","page","type-page","status-publish","hentry"],"yoast_head":"<!-- This site is optimized with the Yoast SEO plugin v27.2 - https:\/\/yoast.com\/product\/yoast-seo-wordpress\/ -->\n<title>Axiome Protech - Instalador de Equipos &#8211; axiomeconcept<\/title>\n<meta name=\"robots\" content=\"index, follow, max-snippet:-1, max-image-preview:large, max-video-preview:-1\" \/>\n<link rel=\"canonical\" href=\"https:\/\/www.axiomeconcept.com\/axiome-protech-electricien-installateur\/\" \/>\n<meta property=\"og:locale\" content=\"es_ES\" \/>\n<meta property=\"og:type\" content=\"article\" \/>\n<meta property=\"og:title\" content=\"Axiome Protech - Instalador de Equipos &#8211; axiomeconcept\" \/>\n<meta property=\"og:description\" content=\"AXIOME PROTECH - INSTALACION DE EQUIPOSEquiparle, nuestro trabajo Axiome Protech distribuye productos de seguridad y protecci\u00f3n. Por ejemplo, el Grupo est\u00e1 decidido a fortalecer su oferta mediante la presentaci\u00f3n de productos que se integran en su herramienta de supervisi\u00f3n. Axiome Protech pone a su disposici\u00f3n su experiencia para aconsejarle y [&hellip;]\" \/>\n<meta property=\"og:url\" content=\"https:\/\/www.axiomeconcept.com\/axiome-protech-electricien-installateur\/\" \/>\n<meta property=\"og:site_name\" content=\"axiomeconcept\" \/>\n<meta property=\"article:modified_time\" content=\"2023-04-26T15:11:57+00:00\" \/>\n<meta property=\"og:image\" content=\"https:\/\/www.axiomeconcept.com\/wp-content\/uploads\/2021\/10\/Axiome-Concept-C-noir-resize.png\" \/>\n\t<meta property=\"og:image:width\" content=\"200\" \/>\n\t<meta property=\"og:image:height\" content=\"195\" \/>\n\t<meta property=\"og:image:type\" content=\"image\/png\" \/>\n<meta name=\"twitter:card\" content=\"summary_large_image\" \/>\n<meta name=\"twitter:label1\" content=\"Tiempo de lectura\" \/>\n\t<meta name=\"twitter:data1\" content=\"6 minutes\" \/>\n<script type=\"application\/ld+json\" class=\"yoast-schema-graph\">{\"@context\":\"https:\/\/schema.org\",\"@graph\":[{\"@type\":\"WebPage\",\"@id\":\"https:\/\/www.axiomeconcept.com\/axiome-protech-electricien-installateur\/\",\"url\":\"https:\/\/www.axiomeconcept.com\/axiome-protech-electricien-installateur\/\",\"name\":\"Axiome Protech - Instalador de Equipos &#8211; axiomeconcept\",\"isPartOf\":{\"@id\":\"https:\/\/www.axiomeconcept.com\/#website\"},\"datePublished\":\"2021-07-19T09:31:58+00:00\",\"dateModified\":\"2023-04-26T15:11:57+00:00\",\"breadcrumb\":{\"@id\":\"https:\/\/www.axiomeconcept.com\/axiome-protech-electricien-installateur\/#breadcrumb\"},\"inLanguage\":\"es-ES\",\"potentialAction\":[{\"@type\":\"ReadAction\",\"target\":[\"https:\/\/www.axiomeconcept.com\/axiome-protech-electricien-installateur\/\"]}]},{\"@type\":\"BreadcrumbList\",\"@id\":\"https:\/\/www.axiomeconcept.com\/axiome-protech-electricien-installateur\/#breadcrumb\",\"itemListElement\":[{\"@type\":\"ListItem\",\"position\":1,\"name\":\"Home\",\"item\":\"https:\/\/www.axiomeconcept.com\/\"},{\"@type\":\"ListItem\",\"position\":2,\"name\":\"Axiome Protech &#8211; Instalador de Equipos\"}]},{\"@type\":\"WebSite\",\"@id\":\"https:\/\/www.axiomeconcept.com\/#website\",\"url\":\"https:\/\/www.axiomeconcept.com\/\",\"name\":\"Axiome Concept\",\"description\":\"Superviser les \u00e9quipements techniques de votre infrastructure\",\"publisher\":{\"@id\":\"https:\/\/www.axiomeconcept.com\/#organization\"},\"alternateName\":\"Axiome\",\"potentialAction\":[{\"@type\":\"SearchAction\",\"target\":{\"@type\":\"EntryPoint\",\"urlTemplate\":\"https:\/\/www.axiomeconcept.com\/?s={search_term_string}\"},\"query-input\":{\"@type\":\"PropertyValueSpecification\",\"valueRequired\":true,\"valueName\":\"search_term_string\"}}],\"inLanguage\":\"es-ES\"},{\"@type\":\"Organization\",\"@id\":\"https:\/\/www.axiomeconcept.com\/#organization\",\"name\":\"Axiome Concept\",\"alternateName\":\"Axiome\",\"url\":\"https:\/\/www.axiomeconcept.com\/\",\"logo\":{\"@type\":\"ImageObject\",\"inLanguage\":\"es-ES\",\"@id\":\"https:\/\/www.axiomeconcept.com\/#\/schema\/logo\/image\/\",\"url\":\"https:\/\/www.axiomeconcept.com\/wp-content\/uploads\/2021\/10\/Axiome-Concept-C-noir-resize.png\",\"contentUrl\":\"https:\/\/www.axiomeconcept.com\/wp-content\/uploads\/2021\/10\/Axiome-Concept-C-noir-resize.png\",\"width\":200,\"height\":195,\"caption\":\"Axiome Concept\"},\"image\":{\"@id\":\"https:\/\/www.axiomeconcept.com\/#\/schema\/logo\/image\/\"},\"sameAs\":[\"https:\/\/www.linkedin.com\/company\/axiome-concept\/\"]}]}<\/script>\n<!-- \/ Yoast SEO plugin. -->","yoast_head_json":{"title":"Axiome Protech - Instalador de Equipos &#8211; axiomeconcept","robots":{"index":"index","follow":"follow","max-snippet":"max-snippet:-1","max-image-preview":"max-image-preview:large","max-video-preview":"max-video-preview:-1"},"canonical":"https:\/\/www.axiomeconcept.com\/axiome-protech-electricien-installateur\/","og_locale":"es_ES","og_type":"article","og_title":"Axiome Protech - Instalador de Equipos &#8211; axiomeconcept","og_description":"AXIOME PROTECH - INSTALACION DE EQUIPOSEquiparle, nuestro trabajo Axiome Protech distribuye productos de seguridad y protecci\u00f3n. Por ejemplo, el Grupo est\u00e1 decidido a fortalecer su oferta mediante la presentaci\u00f3n de productos que se integran en su herramienta de supervisi\u00f3n. Axiome Protech pone a su disposici\u00f3n su experiencia para aconsejarle y [&hellip;]","og_url":"https:\/\/www.axiomeconcept.com\/axiome-protech-electricien-installateur\/","og_site_name":"axiomeconcept","article_modified_time":"2023-04-26T15:11:57+00:00","og_image":[{"width":200,"height":195,"url":"https:\/\/www.axiomeconcept.com\/wp-content\/uploads\/2021\/10\/Axiome-Concept-C-noir-resize.png","type":"image\/png"}],"twitter_card":"summary_large_image","twitter_misc":{"Tiempo de lectura":"6 minutes"},"schema":{"@context":"https:\/\/schema.org","@graph":[{"@type":"WebPage","@id":"https:\/\/www.axiomeconcept.com\/axiome-protech-electricien-installateur\/","url":"https:\/\/www.axiomeconcept.com\/axiome-protech-electricien-installateur\/","name":"Axiome Protech - Instalador de Equipos &#8211; axiomeconcept","isPartOf":{"@id":"https:\/\/www.axiomeconcept.com\/#website"},"datePublished":"2021-07-19T09:31:58+00:00","dateModified":"2023-04-26T15:11:57+00:00","breadcrumb":{"@id":"https:\/\/www.axiomeconcept.com\/axiome-protech-electricien-installateur\/#breadcrumb"},"inLanguage":"es-ES","potentialAction":[{"@type":"ReadAction","target":["https:\/\/www.axiomeconcept.com\/axiome-protech-electricien-installateur\/"]}]},{"@type":"BreadcrumbList","@id":"https:\/\/www.axiomeconcept.com\/axiome-protech-electricien-installateur\/#breadcrumb","itemListElement":[{"@type":"ListItem","position":1,"name":"Home","item":"https:\/\/www.axiomeconcept.com\/"},{"@type":"ListItem","position":2,"name":"Axiome Protech &#8211; Instalador de Equipos"}]},{"@type":"WebSite","@id":"https:\/\/www.axiomeconcept.com\/#website","url":"https:\/\/www.axiomeconcept.com\/","name":"Axiome Concept","description":"Superviser les \u00e9quipements techniques de votre infrastructure","publisher":{"@id":"https:\/\/www.axiomeconcept.com\/#organization"},"alternateName":"Axiome","potentialAction":[{"@type":"SearchAction","target":{"@type":"EntryPoint","urlTemplate":"https:\/\/www.axiomeconcept.com\/?s={search_term_string}"},"query-input":{"@type":"PropertyValueSpecification","valueRequired":true,"valueName":"search_term_string"}}],"inLanguage":"es-ES"},{"@type":"Organization","@id":"https:\/\/www.axiomeconcept.com\/#organization","name":"Axiome Concept","alternateName":"Axiome","url":"https:\/\/www.axiomeconcept.com\/","logo":{"@type":"ImageObject","inLanguage":"es-ES","@id":"https:\/\/www.axiomeconcept.com\/#\/schema\/logo\/image\/","url":"https:\/\/www.axiomeconcept.com\/wp-content\/uploads\/2021\/10\/Axiome-Concept-C-noir-resize.png","contentUrl":"https:\/\/www.axiomeconcept.com\/wp-content\/uploads\/2021\/10\/Axiome-Concept-C-noir-resize.png","width":200,"height":195,"caption":"Axiome Concept"},"image":{"@id":"https:\/\/www.axiomeconcept.com\/#\/schema\/logo\/image\/"},"sameAs":["https:\/\/www.linkedin.com\/company\/axiome-concept\/"]}]}},"_links":{"self":[{"href":"https:\/\/www.axiomeconcept.com\/es\/wp-json\/wp\/v2\/pages\/2050","targetHints":{"allow":["GET"]}}],"collection":[{"href":"https:\/\/www.axiomeconcept.com\/es\/wp-json\/wp\/v2\/pages"}],"about":[{"href":"https:\/\/www.axiomeconcept.com\/es\/wp-json\/wp\/v2\/types\/page"}],"author":[{"embeddable":true,"href":"https:\/\/www.axiomeconcept.com\/es\/wp-json\/wp\/v2\/users\/1"}],"replies":[{"embeddable":true,"href":"https:\/\/www.axiomeconcept.com\/es\/wp-json\/wp\/v2\/comments?post=2050"}],"version-history":[{"count":7,"href":"https:\/\/www.axiomeconcept.com\/es\/wp-json\/wp\/v2\/pages\/2050\/revisions"}],"predecessor-version":[{"id":24118,"href":"https:\/\/www.axiomeconcept.com\/es\/wp-json\/wp\/v2\/pages\/2050\/revisions\/24118"}],"wp:attachment":[{"href":"https:\/\/www.axiomeconcept.com\/es\/wp-json\/wp\/v2\/media?parent=2050"}],"curies":[{"name":"wp","href":"https:\/\/api.w.org\/{rel}","templated":true}]}}