{"id":1624,"date":"2021-02-08T11:30:50","date_gmt":"2021-02-08T10:30:50","guid":{"rendered":"https:\/\/www.axiomeconcept.com\/?page_id=1624"},"modified":"2021-08-25T16:20:51","modified_gmt":"2021-08-25T14:20:51","slug":"smart-cities","status":"publish","type":"page","link":"https:\/\/www.axiomeconcept.com\/es\/smart-cities\/","title":{"rendered":"Smart Cities"},"content":{"rendered":"<p>[et_pb_section fb_built=&#8221;1&#8243; _builder_version=&#8221;4.8.1&#8243; _module_preset=&#8221;default&#8221; background_color=&#8221;#8fbc23&#8243; transform_scale_tablet=&#8221;&#8221; transform_scale_phone=&#8221;&#8221; transform_scale_last_edited=&#8221;on|desktop&#8221; transform_translate_tablet=&#8221;0px|-13px&#8221; transform_translate_phone=&#8221;0px|-30px&#8221; transform_translate_last_edited=&#8221;on|phone&#8221; transform_translate_linked_tablet=&#8221;off&#8221; transform_rotate_tablet=&#8221;&#8221; transform_rotate_phone=&#8221;&#8221; transform_rotate_last_edited=&#8221;on|desktop&#8221; transform_skew_tablet=&#8221;&#8221; transform_skew_phone=&#8221;&#8221; transform_skew_last_edited=&#8221;on|desktop&#8221; transform_origin_tablet=&#8221;&#8221; transform_origin_phone=&#8221;&#8221; transform_origin_last_edited=&#8221;on|desktop&#8221; transform_styles_last_edited=&#8221;on|phone&#8221; width=&#8221;100%&#8221; height=&#8221;140px&#8221; max_height=&#8221;140px&#8221; transform_styles_tablet=&#8221;&#8221; transform_styles_phone=&#8221;&#8221; global_colors_info=&#8221;{}&#8221;][et_pb_row admin_label=&#8221;Row&#8221; _builder_version=&#8221;4.8.1&#8243; _module_preset=&#8221;default&#8221; transform_translate=&#8221;0px|-50px&#8221; transform_translate_linked=&#8221;off&#8221; width_tablet=&#8221;&#8221; width_phone=&#8221;89%&#8221; width_last_edited=&#8221;on|phone&#8221; global_colors_info=&#8221;{}&#8221;][et_pb_column type=&#8221;4_4&#8243; module_class=&#8221;breadcrumb&#8221; _builder_version=&#8221;4.8.1&#8243; _module_preset=&#8221;default&#8221; global_colors_info=&#8221;{}&#8221;][divienhancer_breadcrumb delimiter=&#8221;%%20%%&#8221; module_class=&#8221;Breadcrumb&#8221; _builder_version=&#8221;4.8.1&#8243; _module_preset=&#8221;default&#8221; global_colors_info=&#8221;{}&#8221;][\/divienhancer_breadcrumb][et_pb_text _builder_version=&#8221;4.9.11&#8243; _module_preset=&#8221;default&#8221; text_font=&#8221;Nanum Gothic|100|||||||&#8221; text_text_color=&#8221;#FFFFFF&#8221; header_text_color=&#8221;#FFFFFF&#8221; header_2_text_color=&#8221;#FFFFFF&#8221; transform_scale_tablet=&#8221;&#8221; transform_scale_phone=&#8221;&#8221; transform_scale_last_edited=&#8221;on|desktop&#8221; transform_translate_tablet=&#8221;&#8221; transform_translate_phone=&#8221;0px|-16px&#8221; transform_translate_last_edited=&#8221;on|desktop&#8221; transform_translate_linked_phone=&#8221;off&#8221; transform_rotate_tablet=&#8221;&#8221; transform_rotate_phone=&#8221;&#8221; transform_rotate_last_edited=&#8221;on|desktop&#8221; transform_skew_tablet=&#8221;&#8221; transform_skew_phone=&#8221;&#8221; transform_skew_last_edited=&#8221;on|desktop&#8221; transform_origin_tablet=&#8221;&#8221; transform_origin_phone=&#8221;&#8221; transform_origin_last_edited=&#8221;on|phone&#8221; transform_styles_last_edited=&#8221;on|phone&#8221; custom_margin_tablet=&#8221;&#8221; custom_margin_phone=&#8221;-11px||||false|false&#8221; custom_margin_last_edited=&#8221;on|phone&#8221; hover_enabled=&#8221;0&#8243; transform_styles_tablet=&#8221;&#8221; transform_styles_phone=&#8221;&#8221; global_colors_info=&#8221;{}&#8221; sticky_enabled=&#8221;0&#8243;]<\/p>\n<h1>SUPERVISION DE CIUDAD INTELIGENTE<\/h1>\n<p>[\/et_pb_text][\/et_pb_column][\/et_pb_row][\/et_pb_section][et_pb_section fb_built=&#8221;1&#8243; _builder_version=&#8221;4.8.1&#8243; _module_preset=&#8221;default&#8221; min_height=&#8221;455px&#8221; custom_padding=&#8221;||6px|||&#8221; global_colors_info=&#8221;{}&#8221;][et_pb_row _builder_version=&#8221;4.8.1&#8243; _module_preset=&#8221;default&#8221; custom_padding=&#8221;0px|||||&#8221; global_colors_info=&#8221;{}&#8221;][et_pb_column type=&#8221;4_4&#8243; _builder_version=&#8221;4.8.1&#8243; _module_preset=&#8221;default&#8221; global_colors_info=&#8221;{}&#8221;][et_pb_text _builder_version=&#8221;4.9.11&#8243; _module_preset=&#8221;default&#8221; custom_margin=&#8221;-13px|||||&#8221; custom_padding=&#8221;9px||||false|false&#8221; hover_enabled=&#8221;0&#8243; global_colors_info=&#8221;{}&#8221; sticky_enabled=&#8221;0&#8243;]<\/p>\n<p>Axiome Concept ofrece una soluci\u00f3n de gesti\u00f3n y optimizaci\u00f3n para ciudades inteligentes que deseen mejorar la comodidad y la seguridad de sus ciudadanos. Gracias a nuestro supervisor inteligente, podr\u00e1 establecer una estrategia de gesti\u00f3n al servicio de la movilidad de sus usuarios. Monitorea y mide el funcionamiento de tu ciudad con precisi\u00f3n y eficiencia. Alarmas, c\u00e1maras de vigilancia, estacionamiento, temperatura\u2026 Benef\u00edciese de la tecnolog\u00eda puntera para convertirse en una ciudad inteligente.<\/p>\n<p>[\/et_pb_text][et_pb_image src=&#8221;https:\/\/www.axiomeconcept.com\/wp-content\/uploads\/2021\/01\/presentation_1.png&#8221; title_text=&#8221;presentation_1&#8243; _builder_version=&#8221;4.9.4&#8243; _module_preset=&#8221;default&#8221; custom_margin=&#8221;13px||8px|||&#8221; global_colors_info=&#8221;{}&#8221;][\/et_pb_image][et_pb_divider color=&#8221;#8fbc23&#8243; divider_weight=&#8221;4px&#8221; _builder_version=&#8221;4.8.1&#8243; _module_preset=&#8221;default&#8221; custom_margin=&#8221;37px|||||&#8221; custom_padding=&#8221;||4px|||&#8221; global_colors_info=&#8221;{}&#8221;][\/et_pb_divider][et_pb_text _builder_version=&#8221;4.9.11&#8243; _module_preset=&#8221;default&#8221; hover_enabled=&#8221;0&#8243; global_colors_info=&#8221;{}&#8221; sticky_enabled=&#8221;0&#8243;]<\/p>\n<h3><strong>La supervisi\u00f3n Axiome Concept al servicio de las ciudades inteligentes<\/strong><\/h3>\n<p>Asistimos a la transformaci\u00f3n digital de ciudades que desean utilizar las tecnolog\u00edas de la informaci\u00f3n y la comunicaci\u00f3n para mejorar la calidad de los servicios urbanos, proteger el medio ambiente o incluso reducir costes.<\/p>\n<p>[\/et_pb_text][\/et_pb_column][\/et_pb_row][et_pb_row column_structure=&#8221;3_5,2_5&#8243; _builder_version=&#8221;4.8.1&#8243; _module_preset=&#8221;default&#8221; global_colors_info=&#8221;{}&#8221;][et_pb_column type=&#8221;3_5&#8243; _builder_version=&#8221;4.8.1&#8243; _module_preset=&#8221;default&#8221; global_colors_info=&#8221;{}&#8221;][et_pb_text _builder_version=&#8221;4.9.11&#8243; _module_preset=&#8221;default&#8221; hover_enabled=&#8221;0&#8243; global_colors_info=&#8221;{}&#8221; sticky_enabled=&#8221;0&#8243;]<\/p>\n<div id=\"firstp\">\n<div class=\"text1\">\n<p>El supervisor Axiome Concept responde a todas estas nuevas demandas y permite la supervisi\u00f3n de todo un conjunto de sistemas como el alumbrado p\u00fablico, la se\u00f1alizaci\u00f3n, c\u00e1maras de videovigilancia, sensores inteligentes (gesti\u00f3n del agua, picos de contaminaci\u00f3n, niveles de ruido), y finalmente todos los sistemas relacionados con el estacionamiento urbano.<\/p>\n<p>Todos estos elementos t\u00e9cnicos se agrupan en una \u00fanica interfaz de supervisi\u00f3n. Nuestro supervisor facilita la gesti\u00f3n y an\u00e1lisis de las condiciones operativas del sitio gracias a su ergonom\u00eda intuitiva y facilidad de uso.<\/p>\n<p>El usuario tiene una interfaz que le permite tener una visi\u00f3n global del funcionamiento y automatizaci\u00f3n de los sitios.<\/p>\n<\/div>\n<p><span>\u00a0<\/span><\/p>\n<\/div>\n<div>\n<p>Los datos recopilados son de varios tipos :<\/p>\n<ul class=\"modelli\" style=\"text-align: justify;\">\n<li>Alarmas (fallo, apagado anormal, medici\u00f3n cuando se excede un umbral, etc\u2026)<\/li>\n<li>Estados (funcionamiento de un dispositivo, posici\u00f3n, retorno de mando\u2026)<\/li>\n<li>Mediciones (temperatura, tiempo de funcionamiento, n\u00famero de aver\u00edas \u2026)<\/li>\n<\/ul>\n<p>La tecnolog\u00eda de las ciudades inteligentes permite a los funcionarios de la ciudad interactuar directamente con la comunidad y la infraestructura urbana y monitorear la ciudad y su evoluci\u00f3n. Las tecnolog\u00edas de la informaci\u00f3n y la comunicaci\u00f3n (TIC) se utilizan para mejorar la calidad, el rendimiento y la interactividad de los servicios urbanos, reducir los costes y el consumo de recursos y aumentar los contactos entre los ciudadanos y el gobierno.<\/p>\n<\/div>\n<p>[\/et_pb_text][\/et_pb_column][et_pb_column type=&#8221;2_5&#8243; _builder_version=&#8221;4.8.1&#8243; _module_preset=&#8221;default&#8221; global_colors_info=&#8221;{}&#8221;][et_pb_image src=&#8221;https:\/\/www.axiomeconcept.com\/wp-content\/uploads\/2021\/02\/axi_view_1.png&#8221; title_text=&#8221;axi_view_1&#8243; _builder_version=&#8221;4.8.1&#8243; _module_preset=&#8221;default&#8221; min_height=&#8221;144.9px&#8221; custom_padding=&#8221;116px|||||&#8221; global_colors_info=&#8221;{}&#8221;][\/et_pb_image][\/et_pb_column][\/et_pb_row][et_pb_row _builder_version=&#8221;4.8.1&#8243; _module_preset=&#8221;default&#8221; global_colors_info=&#8221;{}&#8221;][et_pb_column type=&#8221;4_4&#8243; _builder_version=&#8221;4.8.1&#8243; _module_preset=&#8221;default&#8221; global_colors_info=&#8221;{}&#8221;][et_pb_text _builder_version=&#8221;4.9.11&#8243; _module_preset=&#8221;default&#8221; hover_enabled=&#8221;0&#8243; global_colors_info=&#8221;{}&#8221; sticky_enabled=&#8221;0&#8243;]<\/p>\n<h2>\u00bfQu\u00e9 es una ciudad inteligente?<\/h2>\n<p>Una ciudad inteligente es un municipio que utiliza tecnolog\u00edas de la informaci\u00f3n y la comunicaci\u00f3n (TIC) para aumentar su eficiencia operativa, compartir datos e informaci\u00f3n con la ciudadan\u00eda, con el objetivo de mejorar tanto la calidad de los servicios de las autoridades municipales como el bienestar de los ciudadanos. La principal misi\u00f3n de una ciudad inteligente es centralizar y as\u00ed optimizar los servicios de la misma, mejorando la calidad de vida de las personas, a trav\u00e9s de la tecnolog\u00eda inteligente y el an\u00e1lisis de datos. El valor agregado de una ciudad inteligente est\u00e1 determinado por el uso de la tecnolog\u00eda.<\/p>\n<p style=\"text-align: justify;\">[\/et_pb_text][et_pb_text _builder_version=&#8221;4.9.11&#8243; _module_preset=&#8221;default&#8221; hover_enabled=&#8221;0&#8243; global_colors_info=&#8221;{}&#8221; sticky_enabled=&#8221;0&#8243;]<\/p>\n<h2 style=\"text-align: justify;\"><strong>Las caracter\u00edsticas de una ciudad inteligente<\/strong><\/h2>\n<p style=\"text-align: justify;\"><strong>Gesti\u00f3n inteligente de la iluminaci\u00f3n para ahorrar energ\u00eda<br \/><\/strong><\/p>\n<p>Junto con la detecci\u00f3n de veh\u00edculos o personas por el sensor, o mediante el an\u00e1lisis de los videos, podemos controlar de manera inteligente la iluminaci\u00f3n de un sitio desde el supervisor de Axiome Concept. Adem\u00e1s del control de iluminaci\u00f3n cl\u00e1sico, podemos definir el umbral de luminosidad en determinadas zonas en funci\u00f3n de la presencia o ausencia de los usuarios.<\/p>\n<p>En un momento en el que los problemas ambientales son primordiales, el ahorro de energ\u00eda es esencial para la preservaci\u00f3n de las generaciones futuras. Esto se puede lograr mediante sensores inteligentes, que permiten que las luces de la calle se apaguen cuando no hay autom\u00f3viles ni peatones en la calzada. La tecnolog\u00eda de red inteligente se puede utilizar para mejorar las operaciones, el mantenimiento y la planificaci\u00f3n, as\u00ed como para suministrar energ\u00eda a demanda y monitorear cortes de energ\u00eda.<\/p>\n<p style=\"text-align: justify;\"><strong><\/strong><\/p>\n<p style=\"text-align: justify;\"><strong>Gesti\u00f3n de edificios e infraestructuras<\/strong><strong><\/strong><\/p>\n<p>Se trata de permitir que el responsable tenga una visi\u00f3n global del funcionamiento y automatizaci\u00f3n de un edificio o una instalaci\u00f3n industrial. Los datos recopilados son de varios tipos:<\/p>\n<ul style=\"text-align: justify;\">\n<li>Alarmas (aver\u00eda, apagado anormal, medici\u00f3n que excede del umbral \u2026)<\/li>\n<li>Estados (funcionamiento de un dispositivo, posici\u00f3n, retorno de mando \u2026)<\/li>\n<li>Mediciones (temperaturas, tiempo de funcionamiento, n\u00famero de aver\u00edas \u2026)<\/li>\n<\/ul>\n<p>Los equipos supervisados pueden ser entre otros:<\/p>\n<ul style=\"text-align: justify;\">\n<li>Alimentaci\u00f3n el\u00e9ctrica (TGBT, cuadros de distribuci\u00f3n)<\/li>\n<li>Iluminaci\u00f3n<\/li>\n<li>Ascensores, escaleras mec\u00e1nicas.<\/li>\n<li>Calefacci\u00f3n, ventilaci\u00f3n y climatizaci\u00f3n (CVC)<\/li>\n<li>Fontaner\u00eda (bombas de condensaci\u00f3n, achique, tanques\u2026)<\/li>\n<li>Control de accesos<\/li>\n<li>Videovigilancia<\/li>\n<li>Protecci\u00f3n contra incendios (alarmas, extintores)<\/li>\n<\/ul>\n<p>Al interactuar con la mayor\u00eda de los dispositivos del mercado, Axiome Concept proporciona una soluci\u00f3n que permite al operador centralizar todos sus equipos en una \u00fanica interfaz, confiable, r\u00e1pida e intuitiva.<\/p>\n<div class=\"left-80\">\n<p style=\"text-align: justify;\"><strong><\/strong><\/p>\n<p style=\"text-align: justify;\"><strong>Gesti\u00f3n de incidentes<br \/><\/strong><\/p>\n<p>Ante una incidencia o evento importante en el sitio, nuestra herramienta de supervisi\u00f3n est\u00e1 configurada para generar diferentes escenarios y orienta al personal en la aplicaci\u00f3n de procedimientos.<\/p>\n<p>Por ejemplo, cuando se dispara una alarma de incendio, el supervisor la comunica y geolocaliza dentro del edificio, activando la c\u00e1mara de video m\u00e1s cercana con el fin de efectuar una verificaci\u00f3n visual y establecer el procedimiento de actuaci\u00f3n correspondiente. Si se confirma el incendio, las acciones autom\u00e1ticas pueden ser activadas a trav\u00e9s de procedimientos, como la activaci\u00f3n de la extracci\u00f3n de humos, el control del ascensor o la apertura autom\u00e1tica de las salidas de emergencia.<\/p>\n<p>El hecho de automatizar todas las acciones e informatizar los tr\u00e1mites, permite apoyar a los responsables en una gesti\u00f3n m\u00e1s serena de los eventos.<\/p>\n<p style=\"text-align: justify;\"><span><\/span><\/p>\n<p style=\"text-align: justify;\"><span><strong>Gesti\u00f3n del estacionamiento y tr\u00e1fico en carretera<\/strong><\/span><span><\/span><\/p>\n<ul class=\"modelli\">\n<li style=\"text-align: justify;\">Gestiona el aparcamiento de forma eficaz para ofrecer m\u00e1s comodidad a los conductores que deseen aparcar y acceder a sus hogares, trabajos u ocio.<\/li>\n<li style=\"text-align: justify;\">\u00a0Optimizar el tr\u00e1fico por carretera para evitar atascos gracias a los datos recogidos que permiten optimizar el estado de las carreteras seg\u00fan las horas de paso.<\/li>\n<li style=\"text-align: justify;\">Gestionar el transporte p\u00fablico urbano para coordinar los servicios y responder a las necesidades de los usuarios en tiempo real para mejorar la satisfacci\u00f3n global. Compartir coche, bicicletas o coches de autoservicio son servicios que puede ofrecer y optimizar una ciudad inteligente.<\/li>\n<\/ul>\n<p><span>\u00a0<\/span><\/p>\n<\/div>\n<p>[\/et_pb_text][\/et_pb_column][\/et_pb_row][\/et_pb_section]<\/p>\n","protected":false},"excerpt":{"rendered":"<p><div class=\"et_pb_module  divienhancer_breadcrumb divienhancer_breadcrumb_0 Breadcrumb\">\n\t\t\t\t\n\t\t\t\t\n\t\t\t\t\n\t\t\t\t\n\t\t\t\t\n\t\t\t\t\n\t\t\t\t<div class=\"et_pb_module_inner\">\n\t\t\t\t\t<div class=\"de-breadcrumb de-crumb-basic\" data-order=\"divienhancer_breadcrumb_0\" data-background=\"#efefef\" data-backgroundhover=\"#00ff9d\"><a class=\"de-crumb-item\" href=\"https:\/\/www.axiomeconcept.com\/es\/\">Home<\/a> <span class=\"divienhancer-crumb-delimiter et-pb-icon\">&#x35;<\/span> <\/div>\n\t\t\t\t<\/div>\n\t\t\t<\/div>SUPERVISION DE CIUDAD INTELIGENTEAxiome Concept ofrece una soluci\u00f3n de gesti\u00f3n y optimizaci\u00f3n para ciudades inteligentes que deseen mejorar la comodidad y la seguridad de sus ciudadanos. Gracias a nuestro supervisor inteligente, podr\u00e1 establecer una estrategia de gesti\u00f3n al servicio de la movilidad de sus usuarios. Monitorea y mide el funcionamiento [&hellip;]<\/p>\n","protected":false},"author":1,"featured_media":0,"parent":0,"menu_order":0,"comment_status":"closed","ping_status":"closed","template":"","meta":{"_et_pb_use_builder":"on","_et_pb_old_content":"","_et_gb_content_width":"","footnotes":""},"class_list":["post-1624","page","type-page","status-publish","hentry"],"yoast_head":"<!-- This site is optimized with the Yoast SEO plugin v27.2 - https:\/\/yoast.com\/product\/yoast-seo-wordpress\/ -->\n<title>Smart Cities &#8211; axiomeconcept<\/title>\n<meta name=\"robots\" content=\"index, follow, max-snippet:-1, max-image-preview:large, max-video-preview:-1\" \/>\n<link rel=\"canonical\" href=\"https:\/\/www.axiomeconcept.com\/es\/smart-cities\/\" \/>\n<meta property=\"og:locale\" content=\"es_ES\" \/>\n<meta property=\"og:type\" content=\"article\" \/>\n<meta property=\"og:title\" content=\"Smart Cities &#8211; axiomeconcept\" \/>\n<meta property=\"og:description\" content=\"SUPERVISION DE CIUDAD INTELIGENTEAxiome Concept ofrece una soluci\u00f3n de gesti\u00f3n y optimizaci\u00f3n para ciudades inteligentes que deseen mejorar la comodidad y la seguridad de sus ciudadanos. Gracias a nuestro supervisor inteligente, podr\u00e1 establecer una estrategia de gesti\u00f3n al servicio de la movilidad de sus usuarios. Monitorea y mide el funcionamiento [&hellip;]\" \/>\n<meta property=\"og:url\" content=\"https:\/\/www.axiomeconcept.com\/es\/smart-cities\/\" \/>\n<meta property=\"og:site_name\" content=\"axiomeconcept\" \/>\n<meta property=\"article:modified_time\" content=\"2021-08-25T14:20:51+00:00\" \/>\n<meta property=\"og:image\" content=\"https:\/\/www.axiomeconcept.com\/wp-content\/uploads\/2021\/10\/Axiome-Concept-C-noir-resize.png\" \/>\n\t<meta property=\"og:image:width\" content=\"200\" \/>\n\t<meta property=\"og:image:height\" content=\"195\" \/>\n\t<meta property=\"og:image:type\" content=\"image\/png\" \/>\n<meta name=\"twitter:card\" content=\"summary_large_image\" \/>\n<meta name=\"twitter:label1\" content=\"Tiempo de lectura\" \/>\n\t<meta name=\"twitter:data1\" content=\"8 minutes\" \/>\n<script type=\"application\/ld+json\" class=\"yoast-schema-graph\">{\"@context\":\"https:\/\/schema.org\",\"@graph\":[{\"@type\":\"WebPage\",\"@id\":\"https:\/\/www.axiomeconcept.com\/es\/smart-cities\/\",\"url\":\"https:\/\/www.axiomeconcept.com\/es\/smart-cities\/\",\"name\":\"Smart Cities &#8211; axiomeconcept\",\"isPartOf\":{\"@id\":\"https:\/\/www.axiomeconcept.com\/#website\"},\"datePublished\":\"2021-02-08T10:30:50+00:00\",\"dateModified\":\"2021-08-25T14:20:51+00:00\",\"breadcrumb\":{\"@id\":\"https:\/\/www.axiomeconcept.com\/es\/smart-cities\/#breadcrumb\"},\"inLanguage\":\"es-ES\",\"potentialAction\":[{\"@type\":\"ReadAction\",\"target\":[\"https:\/\/www.axiomeconcept.com\/es\/smart-cities\/\"]}]},{\"@type\":\"BreadcrumbList\",\"@id\":\"https:\/\/www.axiomeconcept.com\/es\/smart-cities\/#breadcrumb\",\"itemListElement\":[{\"@type\":\"ListItem\",\"position\":1,\"name\":\"Home\",\"item\":\"https:\/\/www.axiomeconcept.com\/\"},{\"@type\":\"ListItem\",\"position\":2,\"name\":\"Smart Cities\"}]},{\"@type\":\"WebSite\",\"@id\":\"https:\/\/www.axiomeconcept.com\/#website\",\"url\":\"https:\/\/www.axiomeconcept.com\/\",\"name\":\"Axiome Concept\",\"description\":\"Superviser les \u00e9quipements techniques de votre infrastructure\",\"publisher\":{\"@id\":\"https:\/\/www.axiomeconcept.com\/#organization\"},\"alternateName\":\"Axiome\",\"potentialAction\":[{\"@type\":\"SearchAction\",\"target\":{\"@type\":\"EntryPoint\",\"urlTemplate\":\"https:\/\/www.axiomeconcept.com\/?s={search_term_string}\"},\"query-input\":{\"@type\":\"PropertyValueSpecification\",\"valueRequired\":true,\"valueName\":\"search_term_string\"}}],\"inLanguage\":\"es-ES\"},{\"@type\":\"Organization\",\"@id\":\"https:\/\/www.axiomeconcept.com\/#organization\",\"name\":\"Axiome Concept\",\"alternateName\":\"Axiome\",\"url\":\"https:\/\/www.axiomeconcept.com\/\",\"logo\":{\"@type\":\"ImageObject\",\"inLanguage\":\"es-ES\",\"@id\":\"https:\/\/www.axiomeconcept.com\/#\/schema\/logo\/image\/\",\"url\":\"https:\/\/www.axiomeconcept.com\/wp-content\/uploads\/2021\/10\/Axiome-Concept-C-noir-resize.png\",\"contentUrl\":\"https:\/\/www.axiomeconcept.com\/wp-content\/uploads\/2021\/10\/Axiome-Concept-C-noir-resize.png\",\"width\":200,\"height\":195,\"caption\":\"Axiome Concept\"},\"image\":{\"@id\":\"https:\/\/www.axiomeconcept.com\/#\/schema\/logo\/image\/\"},\"sameAs\":[\"https:\/\/www.linkedin.com\/company\/axiome-concept\/\"]}]}<\/script>\n<!-- \/ Yoast SEO plugin. -->","yoast_head_json":{"title":"Smart Cities &#8211; axiomeconcept","robots":{"index":"index","follow":"follow","max-snippet":"max-snippet:-1","max-image-preview":"max-image-preview:large","max-video-preview":"max-video-preview:-1"},"canonical":"https:\/\/www.axiomeconcept.com\/es\/smart-cities\/","og_locale":"es_ES","og_type":"article","og_title":"Smart Cities &#8211; axiomeconcept","og_description":"SUPERVISION DE CIUDAD INTELIGENTEAxiome Concept ofrece una soluci\u00f3n de gesti\u00f3n y optimizaci\u00f3n para ciudades inteligentes que deseen mejorar la comodidad y la seguridad de sus ciudadanos. Gracias a nuestro supervisor inteligente, podr\u00e1 establecer una estrategia de gesti\u00f3n al servicio de la movilidad de sus usuarios. Monitorea y mide el funcionamiento [&hellip;]","og_url":"https:\/\/www.axiomeconcept.com\/es\/smart-cities\/","og_site_name":"axiomeconcept","article_modified_time":"2021-08-25T14:20:51+00:00","og_image":[{"width":200,"height":195,"url":"https:\/\/www.axiomeconcept.com\/wp-content\/uploads\/2021\/10\/Axiome-Concept-C-noir-resize.png","type":"image\/png"}],"twitter_card":"summary_large_image","twitter_misc":{"Tiempo de lectura":"8 minutes"},"schema":{"@context":"https:\/\/schema.org","@graph":[{"@type":"WebPage","@id":"https:\/\/www.axiomeconcept.com\/es\/smart-cities\/","url":"https:\/\/www.axiomeconcept.com\/es\/smart-cities\/","name":"Smart Cities &#8211; axiomeconcept","isPartOf":{"@id":"https:\/\/www.axiomeconcept.com\/#website"},"datePublished":"2021-02-08T10:30:50+00:00","dateModified":"2021-08-25T14:20:51+00:00","breadcrumb":{"@id":"https:\/\/www.axiomeconcept.com\/es\/smart-cities\/#breadcrumb"},"inLanguage":"es-ES","potentialAction":[{"@type":"ReadAction","target":["https:\/\/www.axiomeconcept.com\/es\/smart-cities\/"]}]},{"@type":"BreadcrumbList","@id":"https:\/\/www.axiomeconcept.com\/es\/smart-cities\/#breadcrumb","itemListElement":[{"@type":"ListItem","position":1,"name":"Home","item":"https:\/\/www.axiomeconcept.com\/"},{"@type":"ListItem","position":2,"name":"Smart Cities"}]},{"@type":"WebSite","@id":"https:\/\/www.axiomeconcept.com\/#website","url":"https:\/\/www.axiomeconcept.com\/","name":"Axiome Concept","description":"Superviser les \u00e9quipements techniques de votre infrastructure","publisher":{"@id":"https:\/\/www.axiomeconcept.com\/#organization"},"alternateName":"Axiome","potentialAction":[{"@type":"SearchAction","target":{"@type":"EntryPoint","urlTemplate":"https:\/\/www.axiomeconcept.com\/?s={search_term_string}"},"query-input":{"@type":"PropertyValueSpecification","valueRequired":true,"valueName":"search_term_string"}}],"inLanguage":"es-ES"},{"@type":"Organization","@id":"https:\/\/www.axiomeconcept.com\/#organization","name":"Axiome Concept","alternateName":"Axiome","url":"https:\/\/www.axiomeconcept.com\/","logo":{"@type":"ImageObject","inLanguage":"es-ES","@id":"https:\/\/www.axiomeconcept.com\/#\/schema\/logo\/image\/","url":"https:\/\/www.axiomeconcept.com\/wp-content\/uploads\/2021\/10\/Axiome-Concept-C-noir-resize.png","contentUrl":"https:\/\/www.axiomeconcept.com\/wp-content\/uploads\/2021\/10\/Axiome-Concept-C-noir-resize.png","width":200,"height":195,"caption":"Axiome Concept"},"image":{"@id":"https:\/\/www.axiomeconcept.com\/#\/schema\/logo\/image\/"},"sameAs":["https:\/\/www.linkedin.com\/company\/axiome-concept\/"]}]}},"_links":{"self":[{"href":"https:\/\/www.axiomeconcept.com\/es\/wp-json\/wp\/v2\/pages\/1624","targetHints":{"allow":["GET"]}}],"collection":[{"href":"https:\/\/www.axiomeconcept.com\/es\/wp-json\/wp\/v2\/pages"}],"about":[{"href":"https:\/\/www.axiomeconcept.com\/es\/wp-json\/wp\/v2\/types\/page"}],"author":[{"embeddable":true,"href":"https:\/\/www.axiomeconcept.com\/es\/wp-json\/wp\/v2\/users\/1"}],"replies":[{"embeddable":true,"href":"https:\/\/www.axiomeconcept.com\/es\/wp-json\/wp\/v2\/comments?post=1624"}],"version-history":[{"count":5,"href":"https:\/\/www.axiomeconcept.com\/es\/wp-json\/wp\/v2\/pages\/1624\/revisions"}],"predecessor-version":[{"id":5289,"href":"https:\/\/www.axiomeconcept.com\/es\/wp-json\/wp\/v2\/pages\/1624\/revisions\/5289"}],"wp:attachment":[{"href":"https:\/\/www.axiomeconcept.com\/es\/wp-json\/wp\/v2\/media?parent=1624"}],"curies":[{"name":"wp","href":"https:\/\/api.w.org\/{rel}","templated":true}]}}